{"id":5176,"date":"2022-01-13T16:17:47","date_gmt":"2022-01-13T16:17:47","guid":{"rendered":"http:\/\/hubertpietka.bialystok.pl\/?page_id=5176"},"modified":"2022-01-13T16:17:47","modified_gmt":"2022-01-13T16:17:47","slug":"monolog-dyskretny-ludzi-wspanialych-wielkich","status":"publish","type":"page","link":"https:\/\/hubertpietka.bialystok.pl\/?page_id=5176","title":{"rendered":"Monolog dyskretny \/ ludzi wspania\u0142ych wielkich"},"content":{"rendered":"<p><em><strong>Monolog dyskretny \/ ludzi wspania\u0142ych wielkich<\/strong><\/em><\/p>\n<p>Ach kiedy\u017c wreszcie przyjd\u0105 oni<br \/>\nBy z tym prostakiem co trzeba zrobi\u0107<br \/>\nCz\u0142owiek wspania\u0142y i wielki<br \/>\nWychodzi na zewn\u0105trz co chwil\u0119<br \/>\nPrzez okno wygl\u0105da<br \/>\nAch kiedy\u017c wreszcie przyjd\u0105<br \/>\nPrzecie\u017c ta przestrze\u0144 nale\u017cy tylko<br \/>\nDo cz\u0142owieka wspania\u0142ego wielkiego<br \/>\nNie mo\u017ce on jej dzieli\u0107<br \/>\nZ prostakiem takim strasznym<br \/>\nAch kiedy\u017c wreszcie<br \/>\nCz\u0142owiek wspania\u0142y i wielki<br \/>\nWyjdzie im na przeciw przecie\u017c<br \/>\nA mo\u017ce jak b\u0119dzie otwarte<br \/>\nA mo\u017ce aferka jaka\u015b ma\u0142a<br \/>\nMo\u017ce to ich wreszcie przywo\u0142a<br \/>\nA mo\u017ce jak kto\u015b b\u0119dzie wchodzi\u0142 czy wychodzi\u0142<br \/>\nAch kiedy\u017c wreszcie przyjd\u0105 oni<br \/>\nKt\u00f3\u017c zrozumie tak s\u0142uszn\u0105 nostalgi\u0119<br \/>\nLudzi wielkich i wspania\u0142ych<\/p>\n<p>A ten prostak straszny<br \/>\nBije si\u0119 w pier\u015b tylko<br \/>\nI wo\u0142a do Pana<br \/>\nUlituj si\u0119 nad nami<\/p>\n<p><a href=\"http:\/\/hubertpietka.bialystok.pl\/wp-content\/uploads\/2022\/01\/IMG_20220113_171612.jpg\"><img loading=\"lazy\" decoding=\"async\" class=\"alignnone size-thumbnail wp-image-5177\" src=\"http:\/\/hubertpietka.bialystok.pl\/wp-content\/uploads\/2022\/01\/IMG_20220113_171612-150x150.jpg\" alt=\"\" width=\"150\" height=\"150\" srcset=\"https:\/\/hubertpietka.bialystok.pl\/wp-content\/uploads\/2022\/01\/IMG_20220113_171612-150x150.jpg 150w, https:\/\/hubertpietka.bialystok.pl\/wp-content\/uploads\/2022\/01\/IMG_20220113_171612-75x75.jpg 75w\" sizes=\"auto, (max-width: 150px) 100vw, 150px\" \/><\/a><\/p>\n<p><strong>Na zdj. Dwa pingwiny na krze<\/strong><br \/>\n<strong> Ludzie wielcy i wspaniali chcieliby<\/strong><br \/>\n<strong> By przyby\u0142 lodo\u0142amacz<\/strong><br \/>\n<strong> I zmia\u017cd\u017cy\u0142 te pingwiny<\/strong><br \/>\n<strong> Tym s\u0105 dla tych niekt\u00f3rzy<\/strong><br \/>\n<strong> A lodo\u0142amacz tymczasem powinien przyby\u0107<\/strong><br \/>\n<strong> By skruszy\u0142y si\u0119 nieczu\u0142e i twarde serca<\/strong><br \/>\n<strong> Niekt\u00f3rych ludzi<\/strong><\/p>\n<p><strong>A i <em>kropka<\/em><\/strong><br \/>\n<strong> Tu powinna przecie\u017c by\u0107<\/strong><br \/>\n<strong> Najlepiej w odpowiednim towarzystwie<\/strong><br \/>\n<strong> Wi\u0119c <em>wielokropek<\/em><\/strong><br \/>\n<strong> Mo\u017ce bardziej wskazany tutaj jest<\/strong><\/p>\n","protected":false},"excerpt":{"rendered":"<p>Monolog dyskretny \/ ludzi wspania\u0142ych wielkich Ach kiedy\u017c wreszcie przyjd\u0105 oni By z tym prostakiem co trzeba zrobi\u0107 Cz\u0142owiek wspania\u0142y i wielki Wychodzi na zewn\u0105trz&hellip; <\/p>\n","protected":false},"author":1,"featured_media":0,"parent":0,"menu_order":0,"comment_status":"closed","ping_status":"closed","template":"","meta":{"footnotes":""},"class_list":["post-5176","page","type-page","status-publish","hentry"],"_links":{"self":[{"href":"https:\/\/hubertpietka.bialystok.pl\/index.php?rest_route=\/wp\/v2\/pages\/5176","targetHints":{"allow":["GET"]}}],"collection":[{"href":"https:\/\/hubertpietka.bialystok.pl\/index.php?rest_route=\/wp\/v2\/pages"}],"about":[{"href":"https:\/\/hubertpietka.bialystok.pl\/index.php?rest_route=\/wp\/v2\/types\/page"}],"author":[{"embeddable":true,"href":"https:\/\/hubertpietka.bialystok.pl\/index.php?rest_route=\/wp\/v2\/users\/1"}],"replies":[{"embeddable":true,"href":"https:\/\/hubertpietka.bialystok.pl\/index.php?rest_route=%2Fwp%2Fv2%2Fcomments&post=5176"}],"version-history":[{"count":1,"href":"https:\/\/hubertpietka.bialystok.pl\/index.php?rest_route=\/wp\/v2\/pages\/5176\/revisions"}],"predecessor-version":[{"id":5178,"href":"https:\/\/hubertpietka.bialystok.pl\/index.php?rest_route=\/wp\/v2\/pages\/5176\/revisions\/5178"}],"wp:attachment":[{"href":"https:\/\/hubertpietka.bialystok.pl\/index.php?rest_route=%2Fwp%2Fv2%2Fmedia&parent=5176"}],"curies":[{"name":"wp","href":"https:\/\/api.w.org\/{rel}","templated":true}]}}