{"id":5212,"date":"2022-01-20T23:14:58","date_gmt":"2022-01-20T23:14:58","guid":{"rendered":"http:\/\/hubertpietka.bialystok.pl\/?page_id=5212"},"modified":"2022-01-20T23:14:58","modified_gmt":"2022-01-20T23:14:58","slug":"bez-praw-ja-stroze-bez-praw-ia","status":"publish","type":"page","link":"https:\/\/hubertpietka.bialystok.pl\/?page_id=5212","title":{"rendered":"*Bez praw ja* \/ str\u00f3\u017ce  *bez-praw-(i)a*"},"content":{"rendered":"<p><em><strong>*Bez praw ja* \/ str\u00f3\u017ce\u00a0 *bez-praw-(i)a*<\/strong><\/em><\/p>\n<p>Przecie\u017c<br \/>\nTacy czy inni maj\u0105 wr\u0119cz musz\u0105 przyj\u015b\u0107<br \/>\nA mo\u017ce tym razem oni<br \/>\nWe w\u0142asnej osobie w \u015bwietle lub w nocy<br \/>\nW ka\u017cdym razie oficjalnie<br \/>\nW bezprawnego prawa mocy<br \/>\nBo c\u00f3\u017c zawini\u0142em<br \/>\nBo prawd\u0119 o kim\u015b pokazuj\u0119<br \/>\nWi\u0119c musz\u0105 w obron\u0119 wzi\u0105\u0107 pewn\u0105 osob\u0119<br \/>\nKt\u00f3rej nie zawini\u0142em w niczym<br \/>\nPoza tym \u017ce tu jestem<br \/>\n<em>Ma si\u0119 te plecy<\/em><br \/>\nA tak nienawi\u015bci szerzenie<br \/>\nPrawdy nie wolno pokaza\u0107<br \/>\nSzczeg\u00f3lnie takiej<br \/>\nKt\u00f3ra komu\u015b przeszkadza<\/p>\n<p>Rajdy s\u0105 fajne nie powiem<br \/>\nSzczeg\u00f3lnie kiedy ma si\u0119 komfort wystarczaj\u0105cy pewien<br \/>\nA w mi\u0119dzyczasie<br \/>\n*Czy-hanie*<br \/>\n*Czy na Hani\u0119*<br \/>\nCzy na mnie odpowiednio<br \/>\nDla nich wszystko jedno<br \/>\nW taki czy inny spos\u00f3b<br \/>\nMo\u017ce na bliskich nieprawomy\u015blnych<br \/>\nI nasze dobra<\/p>\n<p><a href=\"http:\/\/hubertpietka.bialystok.pl\/wp-content\/uploads\/2022\/01\/IMG_20220120_235802.jpg\"><img loading=\"lazy\" decoding=\"async\" class=\"alignnone size-thumbnail wp-image-5213\" src=\"http:\/\/hubertpietka.bialystok.pl\/wp-content\/uploads\/2022\/01\/IMG_20220120_235802-150x150.jpg\" alt=\"\" width=\"150\" height=\"150\" srcset=\"https:\/\/hubertpietka.bialystok.pl\/wp-content\/uploads\/2022\/01\/IMG_20220120_235802-150x150.jpg 150w, https:\/\/hubertpietka.bialystok.pl\/wp-content\/uploads\/2022\/01\/IMG_20220120_235802-75x75.jpg 75w\" sizes=\"auto, (max-width: 150px) 100vw, 150px\" \/><\/a><\/p>\n<p><em>Na zdj. Rze\u017aba pewna przy MOPS-ie buskim czyli cz\u0142owiek<\/em><br \/>\n<em> C\u00f3\u017c za wspaniali pracownicy spo\u0142eczni<\/em><br \/>\n<em> Kogo trzeba bior\u0105 w obron\u0119<\/em><br \/>\n<em> A kogo trzeba to upodli\u0107<\/em><br \/>\n<em> W najlepszym przypadku<\/em><br \/>\n<em> Tak jak we wtorek tam w tym miejscu<\/em><br \/>\n<em> Pow\u00f3d si\u0119 znajdzie zawsze<\/em><br \/>\n<em> C\u00f3\u017c za wspaniali spo\u0142ecznicy<\/em><br \/>\n<em> Szkoda \u017ce tylko dla wybranych<\/em><\/p>\n<p>Czyli teraz nie wielcy wspaniali<br \/>\nNie tacy czy inni dranie<br \/>\nLecz s\u0142u\u017cby oficjalne<br \/>\nPrawa str\u00f3\u017ce<br \/>\nEfekt podobny ma by\u0107<br \/>\nIle\u017c mo\u017cliwo\u015bci wspania\u0142ych<\/p>\n","protected":false},"excerpt":{"rendered":"<p>*Bez praw ja* \/ str\u00f3\u017ce\u00a0 *bez-praw-(i)a* Przecie\u017c Tacy czy inni maj\u0105 wr\u0119cz musz\u0105 przyj\u015b\u0107 A mo\u017ce tym razem oni We w\u0142asnej osobie w \u015bwietle lub&hellip; <\/p>\n","protected":false},"author":1,"featured_media":0,"parent":0,"menu_order":0,"comment_status":"closed","ping_status":"closed","template":"","meta":{"footnotes":""},"class_list":["post-5212","page","type-page","status-publish","hentry"],"_links":{"self":[{"href":"https:\/\/hubertpietka.bialystok.pl\/index.php?rest_route=\/wp\/v2\/pages\/5212","targetHints":{"allow":["GET"]}}],"collection":[{"href":"https:\/\/hubertpietka.bialystok.pl\/index.php?rest_route=\/wp\/v2\/pages"}],"about":[{"href":"https:\/\/hubertpietka.bialystok.pl\/index.php?rest_route=\/wp\/v2\/types\/page"}],"author":[{"embeddable":true,"href":"https:\/\/hubertpietka.bialystok.pl\/index.php?rest_route=\/wp\/v2\/users\/1"}],"replies":[{"embeddable":true,"href":"https:\/\/hubertpietka.bialystok.pl\/index.php?rest_route=%2Fwp%2Fv2%2Fcomments&post=5212"}],"version-history":[{"count":1,"href":"https:\/\/hubertpietka.bialystok.pl\/index.php?rest_route=\/wp\/v2\/pages\/5212\/revisions"}],"predecessor-version":[{"id":5214,"href":"https:\/\/hubertpietka.bialystok.pl\/index.php?rest_route=\/wp\/v2\/pages\/5212\/revisions\/5214"}],"wp:attachment":[{"href":"https:\/\/hubertpietka.bialystok.pl\/index.php?rest_route=%2Fwp%2Fv2%2Fmedia&parent=5212"}],"curies":[{"name":"wp","href":"https:\/\/api.w.org\/{rel}","templated":true}]}}