{"id":5219,"date":"2022-01-23T12:08:03","date_gmt":"2022-01-23T12:08:03","guid":{"rendered":"http:\/\/hubertpietka.bialystok.pl\/?page_id=5219"},"modified":"2022-01-23T12:08:03","modified_gmt":"2022-01-23T12:08:03","slug":"szkla-bolesne-w-moim-sercu","status":"publish","type":"page","link":"https:\/\/hubertpietka.bialystok.pl\/?page_id=5219","title":{"rendered":"Szk\u0142a bolesne w moim \/ sercu"},"content":{"rendered":"<p><strong><em>Szk\u0142a bolesne<\/em> w moim \/ sercu<\/strong><\/p>\n<p>Dzi\u015b 5 rocznica \u015bmierci w Peru<br \/>\nWoluntariuszki misyjnej Helenki Kmie\u0107<br \/>\n\u015awi\u0119tej m\u0119czennicy dla niekt\u00f3rych<br \/>\n5 lat to niewiele<br \/>\nA zdaje si\u0119 \u017ce ju\u017c min\u0119\u0142o tyle<\/p>\n<p><em>Kmie\u0107<\/em> po staropolsku to ch\u0142op<br \/>\nWczoraj by\u0142a te\u017c rocznica<br \/>\nWybuchu Powstania Styczniowego w 1963 r.<br \/>\nUgrupowania Polak\u00f3w pod zaborami<br \/>\nR\u00f3\u017cni\u0142a kwestia ch\u0142opska<br \/>\nUmiarkowanych <em>bia\u0142ych<\/em> i radykalnych <em>czerwonych<\/em><br \/>\nJednak w obliczu walki zbrojnej<br \/>\nWobec zaborcy umieli si\u0119 zjednoczy\u0107<br \/>\nWarto\u015b\u0107 wy\u017csza podporz\u0105dkowa\u0142a partykularne kwestie takie czy inne<\/p>\n<p>A dzi\u015b<br \/>\nTworzy si\u0119 sztucznie podzia\u0142y sanitarne<br \/>\nDlaczego chce si\u0119 si\u0142\u0105 zmusza\u0107 do szczepie\u0144<br \/>\nTych dla kt\u00f3rych te szczepionki na covida s\u0105 nieetyczne<br \/>\nMoralnie nie do przyj\u0119cia<br \/>\nBo pochodz\u0105 z aborcji<br \/>\nDlaczego dzieli si\u0119 Polak\u00f3w<br \/>\nNa nie &#8211; i zaszczepionych<br \/>\nDlaczego by mia\u0142o by\u0107 to wyznacznikiem pracy<br \/>\nZamiast dzieli\u0107 trzeba si\u0119 jednoczy\u0107<br \/>\nKu budowaniu coraz lepszej Polski<br \/>\nChoroby trzeba leczy\u0107 tak\u017ce t\u0105<br \/>\nS\u0105 ku temu mo\u017cliwo\u015bci przecie\u017c ju\u017c<br \/>\nKto si\u0119 zaszczepi\u0142 si\u0119 zaszczepi\u0142<br \/>\nAle dlaczego chce si\u0119 przymusza\u0107 do tego wszystkich<br \/>\nTo troch\u0119 tak jakby przymusza\u0107 wszystkich do aborcji<br \/>\nA gdzie wtedy b\u0119dzie ludzko\u015b\u0107<br \/>\nGdzie b\u0119dzie Polska<\/p>\n<p>Bezpo\u015bredni\u0105 przyczyn\u0105 powstania styczniowego<br \/>\nBy\u0142a tak zwana <em>branka<\/em> carska<br \/>\nOni niemal ci\u0105gle chc\u0105 mnie st\u0105d czy sk\u0105din\u0105d zabra\u0107<br \/>\nCzy\u017c mo\u017cna si\u0119 dziwi\u0107<br \/>\n\u017be kiedy po\u015bwi\u0119ca si\u0119 energi\u0119 na przeciwstawianiu si\u0119 temu<br \/>\nTo mo\u017ce jej zabrakn\u0105\u0107 w innym miejscu<br \/>\n\u017be ju\u017c nawet nie wspomn\u0119 o trosce<br \/>\nO najbli\u017csz\u0105 swoj\u0105<br \/>\nO naszych i nasze<br \/>\nCz\u0142owiek dzia\u0142a przecie\u017c wertykalnie<br \/>\nNikt nie jest w stanie si\u0119 zaj\u0105\u0107 wieloma rzeczami naraz doskonale<br \/>\nWam to oddaje<br \/>\nI Jezu ufam Tobie<\/p>\n<p><a href=\"http:\/\/hubertpietka.bialystok.pl\/wp-content\/uploads\/2022\/01\/IMG_20220123_124616.jpg\"><img loading=\"lazy\" decoding=\"async\" class=\"alignnone size-thumbnail wp-image-5220\" src=\"http:\/\/hubertpietka.bialystok.pl\/wp-content\/uploads\/2022\/01\/IMG_20220123_124616-150x150.jpg\" alt=\"\" width=\"150\" height=\"150\" srcset=\"https:\/\/hubertpietka.bialystok.pl\/wp-content\/uploads\/2022\/01\/IMG_20220123_124616-150x150.jpg 150w, https:\/\/hubertpietka.bialystok.pl\/wp-content\/uploads\/2022\/01\/IMG_20220123_124616-75x75.jpg 75w\" sizes=\"auto, (max-width: 150px) 100vw, 150px\" \/><\/a><\/p>\n<p><em>Na zdj. Tablica ku czci Krzysztofa Kamila Baczy\u0144skiego<\/em><br \/>\n<em> W Warszawie na Bagateli<\/em><br \/>\n<em> W tym domu si\u0119 urodzi\u0142<\/em><br \/>\n<em> I jest tam pewna uczelnia w tej chwili<\/em><br \/>\n<em> Jego nazwisko pochodzi od &#8222;baczy\u0107&#8221;<\/em><br \/>\n<em> Czyli by\u0107 uwa\u017cnym na kogo\u015b na co\u015b<\/em><br \/>\n<em> Bagatela to rzecz ma\u0142a<\/em><br \/>\n<em> Ja jestem ma\u0142y<\/em><br \/>\n<em> Ale si\u0119 naprawd\u0119 staram<\/em><br \/>\n<em> W tym przeci\u0105\u017ceniu moim<\/em><br \/>\n<em> I mimo mo\u017cliwo\u015bci niezbyt du\u017cych<\/em><br \/>\n<i>Tak jak to rozeznam w Bogu innym s\u0142u\u017cy\u0107<br \/>\n<\/i><em> Ale przecie\u017c ludzie powinni na siebie baczy\u0107 wzajemnie<\/em><br \/>\n<em> Szczeg\u00f3lnie na tych kt\u00f3rzy najbardziej potrzebuj\u0105 tego<\/em><br \/>\n<em> A inni o tym wiedz\u0105<\/em><\/p>\n<p><strong>Dzi\u015b te\u017c m\u0119czennik\u00f3w *pra-tuli-\u0144skich* jest<\/strong><br \/>\n<strong> *Pra-tulenie* odwieczne przytulenie<\/strong><br \/>\n<strong> Czy\u017c nam tego nie brakuje<\/strong><br \/>\n<strong> W tej dobie pandemii<\/strong><br \/>\n<strong> Lub zwyk\u0142ego u\u015bcisku r\u0119ki bez podst\u0119pu \u017cadnego<\/strong><br \/>\n<strong> Trzeba przywr\u00f3ci\u0107 w\u0142a\u015bciw\u0105 miar\u0119 rzeczom<\/strong><br \/>\n<strong> Choroby trzeba leczy\u0107<\/strong><br \/>\n<strong> A nie podporz\u0105dkowywa\u0107 im wszystko<\/strong><br \/>\n<strong> Szczeg\u00f3lnie nieetycznie<\/strong><br \/>\n<strong> A p\u00f3ki co ja wracam ju\u017c zaraz<\/strong><br \/>\n<strong> By przytuli\u0107 sw\u00f3j <em>obowi\u0105zek szcz\u0119\u015bcia<\/em><\/strong><br \/>\n<strong> Kt\u00f3ry te\u017c zaniedbuj\u0119 czasem z tego wszystkiego<\/strong><br \/>\n<strong> \u017bon\u0119 moj\u0105 i nasze zwierz\u0119ta<\/strong><br \/>\n<strong> Wracam na wie\u015b<\/strong><\/p>\n","protected":false},"excerpt":{"rendered":"<p>Szk\u0142a bolesne w moim \/ sercu Dzi\u015b 5 rocznica \u015bmierci w Peru Woluntariuszki misyjnej Helenki Kmie\u0107 \u015awi\u0119tej m\u0119czennicy dla niekt\u00f3rych 5 lat to niewiele A&hellip; <\/p>\n","protected":false},"author":1,"featured_media":0,"parent":0,"menu_order":0,"comment_status":"closed","ping_status":"closed","template":"","meta":{"footnotes":""},"class_list":["post-5219","page","type-page","status-publish","hentry"],"_links":{"self":[{"href":"https:\/\/hubertpietka.bialystok.pl\/index.php?rest_route=\/wp\/v2\/pages\/5219","targetHints":{"allow":["GET"]}}],"collection":[{"href":"https:\/\/hubertpietka.bialystok.pl\/index.php?rest_route=\/wp\/v2\/pages"}],"about":[{"href":"https:\/\/hubertpietka.bialystok.pl\/index.php?rest_route=\/wp\/v2\/types\/page"}],"author":[{"embeddable":true,"href":"https:\/\/hubertpietka.bialystok.pl\/index.php?rest_route=\/wp\/v2\/users\/1"}],"replies":[{"embeddable":true,"href":"https:\/\/hubertpietka.bialystok.pl\/index.php?rest_route=%2Fwp%2Fv2%2Fcomments&post=5219"}],"version-history":[{"count":1,"href":"https:\/\/hubertpietka.bialystok.pl\/index.php?rest_route=\/wp\/v2\/pages\/5219\/revisions"}],"predecessor-version":[{"id":5221,"href":"https:\/\/hubertpietka.bialystok.pl\/index.php?rest_route=\/wp\/v2\/pages\/5219\/revisions\/5221"}],"wp:attachment":[{"href":"https:\/\/hubertpietka.bialystok.pl\/index.php?rest_route=%2Fwp%2Fv2%2Fmedia&parent=5219"}],"curies":[{"name":"wp","href":"https:\/\/api.w.org\/{rel}","templated":true}]}}