{"id":5228,"date":"2022-01-25T14:31:47","date_gmt":"2022-01-25T14:31:47","guid":{"rendered":"http:\/\/hubertpietka.bialystok.pl\/?page_id=5228"},"modified":"2022-01-25T14:42:37","modified_gmt":"2022-01-25T14:42:37","slug":"wspolczesne-odniesienia-sw-pawla-nawrocenia","status":"publish","type":"page","link":"https:\/\/hubertpietka.bialystok.pl\/?page_id=5228","title":{"rendered":"Wsp\u00f3\u0142czesne odniesienia \/ \u015bw. Paw\u0142a nawr\u00f3cenia"},"content":{"rendered":"<p><em><strong>Wsp\u00f3\u0142czesne odniesienia<\/strong><\/em> \/ \u015bw. Paw\u0142a nawr\u00f3cenia<\/p>\n<p>Pochodzi\u0142 z *Cyli-cji*<br \/>\n*Czyli co* jak dalej nast\u0119puje<br \/>\nOtrzyma\u0142 wykszta\u0142cenie u st\u00f3p *Gama*-liela<br \/>\nAlfa beta *gama*<br \/>\nCzyli trzeci stopie\u0144 wtajemniczenia<br \/>\nA przecie\u017c B\u00f3g jest i <em>Alfa i Omega<\/em><br \/>\nB\u00f3g ma pe\u0142ni\u0119 wiedzy<br \/>\nI *Szawe\u0142* bo o nim tu mowa<br \/>\nW tej wiedzy si\u0119 *schowa\u0142*<br \/>\nZasklepi\u0142 ca\u0142kowicie<br \/>\nI do <em>zwolennik\u00f3w tej drogi<\/em> nienawi\u015bci\u0105 dysza\u0142<br \/>\nUda\u0142 si\u0119 do *Dama*-szku<br \/>\nSymboliczna nazwa miasta<br \/>\nSfeminzowanego bardzo w nurcie wsp\u00f3\u0142czesnym<br \/>\nBy pochwyci\u0107 <em>kobiety i m\u0119\u017cczyzn<\/em><br \/>\nTe\u017c to nacechowane przeno\u015bnie<br \/>\nPochodz\u0105cych ze zwyk\u0142ych rodzin<br \/>\nNie genderowo przemodelowanych<br \/>\nNagle w drodze zosta\u0142 o\u015blepiony<br \/>\nJasno\u015bci\u0105 niewymown\u0105 i us\u0142ysza\u0142 g\u0142os<br \/>\n<em>Dlaczego prze\u015bladujesz Mnie<br \/>\nJezus jestem<\/em><br \/>\nSzawe\u0142 o\u015blep\u0142 i uda\u0142 si\u0119 do Damaszku<br \/>\nNa ulic\u0119 <em>Prost\u0105<\/em><br \/>\nTe\u017c wymowa pewna nazwy ulicy<br \/>\nBo musia\u0142 <em>wyprostowa\u0107<\/em> w sobie<br \/>\nWszystko przez <em>post i modlitw\u0119<\/em><br \/>\nB\u00f3g pos\u0142a\u0142 do niego *A-na-nia-sza*<br \/>\nPo jego modlitwie <em>opad\u0142y \u0142uski<\/em><br \/>\nZ jego oczu i przyj\u0105\u0142 chrzcielne imi\u0119 nowe<br \/>\nPawe\u0142 czyli <em>ma\u0142y<\/em> jako pokorny w Panu<\/p>\n<p>*A na ni\u0105 si\u0119 nie wa\u017ccie* powiedziano<br \/>\nPowiedzia\u0142 Pan B\u00f3g<br \/>\nNie wa\u017ccie si\u0119 na Maryj\u0119<br \/>\nBo wobec tej Niepokalanej pokory<br \/>\nDr\u017cy piek\u0142o ca\u0142e<\/p>\n<p>*A na ni\u0105 si\u0119 nie wa\u017ccie* powiedziano<br \/>\nNa osob\u0119 mi najbli\u017csz\u0105<\/p>\n<p>Pawe\u0142 w drodze do Damaszku<br \/>\nBy\u0142 z <em>towarzyszami<\/em><br \/>\nPrzez nich by\u0142 podtrzymywany<br \/>\nA potem opu\u015bcili go<br \/>\nTotalnej ideologii kamraci<br \/>\nTo te\u017c mo\u017ce mie\u0107 sw\u00f3j wyraz symboliczny<\/p>\n<p>A temu *li-sowi-u* powiedzcie<br \/>\nTym *tak m\u0105drym przebieg\u0142ym*<br \/>\n\u017be <em>nie maj\u0105 oni nic swego we mnie<\/em><br \/>\nCho\u0107 mog\u0105 co\u015b mie\u0107 w domu moim<br \/>\nI zapewne w spos\u00f3b odpowiedni<br \/>\nTak czy inaczej<br \/>\nWyjdzie im na przeciw<br \/>\n<em>Cz\u0142owiek wielki i wspania\u0142y<\/em><\/p>\n<p><a href=\"http:\/\/hubertpietka.bialystok.pl\/wp-content\/uploads\/2022\/01\/IMG_20220125_151814.jpg\"><img loading=\"lazy\" decoding=\"async\" class=\"alignnone size-thumbnail wp-image-5229\" src=\"http:\/\/hubertpietka.bialystok.pl\/wp-content\/uploads\/2022\/01\/IMG_20220125_151814-150x150.jpg\" alt=\"\" width=\"150\" height=\"150\" srcset=\"https:\/\/hubertpietka.bialystok.pl\/wp-content\/uploads\/2022\/01\/IMG_20220125_151814-150x150.jpg 150w, https:\/\/hubertpietka.bialystok.pl\/wp-content\/uploads\/2022\/01\/IMG_20220125_151814-75x75.jpg 75w\" sizes=\"auto, (max-width: 150px) 100vw, 150px\" \/><\/a><\/p>\n<p><strong>Na zdj. \u015aw. Jan Pawe\u0142 II i Maryja<\/strong><br \/>\n<strong> W krakowskim ko\u015bciele albertynek<\/strong><br \/>\n<strong> On powiedzia\u0142<\/strong><br \/>\n<strong> <em>\u017be cz\u0142owieka nie mo\u017cna zrozumie\u0107 bez Chrystusa<\/em><\/strong><br \/>\n<strong> Tak samo nie mo\u017cna zrozumie\u0107<\/strong><br \/>\n<strong> Ko\u015bcio\u0142a \u015awi\u0119tego bez Maryi<\/strong><br \/>\n<strong> I w Ko\u015bciele dzieci Bo\u017cych<\/strong><\/p>\n<p><strong>Przewodniczko dr\u00f3g Bo\u017cych w Chrystusie<\/strong><br \/>\n<strong> Ty prowadzisz najlepiej<\/strong><br \/>\n<strong> Kr\u00f3lowo dzieci Bo\u017cych<\/strong><br \/>\n<strong> Nas naszych i nasze<\/strong><br \/>\n<strong> Prowad\u017a tym wszystkim si\u0119 zajmij<\/strong><\/p>\n","protected":false},"excerpt":{"rendered":"<p>Wsp\u00f3\u0142czesne odniesienia \/ \u015bw. Paw\u0142a nawr\u00f3cenia Pochodzi\u0142 z *Cyli-cji* *Czyli co* jak dalej nast\u0119puje Otrzyma\u0142 wykszta\u0142cenie u st\u00f3p *Gama*-liela Alfa beta *gama* Czyli trzeci stopie\u0144&hellip; <\/p>\n","protected":false},"author":1,"featured_media":0,"parent":0,"menu_order":0,"comment_status":"closed","ping_status":"closed","template":"","meta":{"footnotes":""},"class_list":["post-5228","page","type-page","status-publish","hentry"],"_links":{"self":[{"href":"https:\/\/hubertpietka.bialystok.pl\/index.php?rest_route=\/wp\/v2\/pages\/5228","targetHints":{"allow":["GET"]}}],"collection":[{"href":"https:\/\/hubertpietka.bialystok.pl\/index.php?rest_route=\/wp\/v2\/pages"}],"about":[{"href":"https:\/\/hubertpietka.bialystok.pl\/index.php?rest_route=\/wp\/v2\/types\/page"}],"author":[{"embeddable":true,"href":"https:\/\/hubertpietka.bialystok.pl\/index.php?rest_route=\/wp\/v2\/users\/1"}],"replies":[{"embeddable":true,"href":"https:\/\/hubertpietka.bialystok.pl\/index.php?rest_route=%2Fwp%2Fv2%2Fcomments&post=5228"}],"version-history":[{"count":4,"href":"https:\/\/hubertpietka.bialystok.pl\/index.php?rest_route=\/wp\/v2\/pages\/5228\/revisions"}],"predecessor-version":[{"id":5234,"href":"https:\/\/hubertpietka.bialystok.pl\/index.php?rest_route=\/wp\/v2\/pages\/5228\/revisions\/5234"}],"wp:attachment":[{"href":"https:\/\/hubertpietka.bialystok.pl\/index.php?rest_route=%2Fwp%2Fv2%2Fmedia&parent=5228"}],"curies":[{"name":"wp","href":"https:\/\/api.w.org\/{rel}","templated":true}]}}