{"id":5249,"date":"2022-01-29T10:25:48","date_gmt":"2022-01-29T10:25:48","guid":{"rendered":"http:\/\/hubertpietka.bialystok.pl\/?page_id=5249"},"modified":"2022-01-29T10:27:40","modified_gmt":"2022-01-29T10:27:40","slug":"namiot-spotkania-w-panu","status":"publish","type":"page","link":"https:\/\/hubertpietka.bialystok.pl\/?page_id=5249","title":{"rendered":"Namiot Spotkania \/ w Panu"},"content":{"rendered":"<p><em><strong>Namiot Spotkania \/ w Panu<\/strong><\/em><\/p>\n<p>Moj\u017cesz powiedzia\u0142 do Izraelit\u00f3w<br \/>\nKiedy byli na pustyni<br \/>\nZbierzcie \u015brodki<br \/>\nAby postawi\u0107 dla Pana Przybytek<\/p>\n<p>Namiot Spotkania<br \/>\nMa si\u0119 sk\u0142ada\u0107 z p\u0142acht<br \/>\nDziesi\u0119ciu i jedenastu<br \/>\nJak tajemnice r\u00f3\u017ca\u0144ca<\/p>\n<p>\u015aw. Pawe\u0142 kontynuuj\u0105c w\u0105tek jego<br \/>\nBy\u0142 wytw\u00f3rc\u0105 namiot\u00f3w<br \/>\nTaki by\u0142 jego zaw\u00f3d<br \/>\nPrzed i po nawr\u00f3ceniu<\/p>\n<p>Lecz potem go przysposobi\u0142<br \/>\nKu Chwale Pana<br \/>\nTo by\u0142a jego praca<br \/>\nTowarzysz\u0105ca apostolskiej drodze<\/p>\n<p>Namiot Spotkania cz\u0142owieka z Bogiem<br \/>\nNa wsp\u00f3\u0142czesnej drodze<br \/>\nWiedzie przez te tajemniczki<br \/>\nKu Bogu w Maryi<\/p>\n<p><strong>Dzi\u015b \u015bw. Anieli *Mer(i)ci*<\/strong><br \/>\n<strong> Najpierw mojej \u017conie dzi\u0119kuj\u0119<\/strong><br \/>\n<strong> Ona jest moim anio\u0142em wiernym<\/strong><br \/>\n<strong> I je\u015bli mam kogo\u015b za co\u015b przeprasza\u0107<\/strong><br \/>\n<strong> To najpierw j\u0105 za rozdra\u017cnienia<\/strong><br \/>\n<strong> \u017be czasem troch\u0119 kolczasty jestem<\/strong><br \/>\n<strong> Ale c\u00f3\u017c \u017cycie nie sp\u0142ywa po mnie jak po kaczce<\/strong><br \/>\n<strong> Wi\u0119c czasem to si\u0119 odbija i na mnie<\/strong><br \/>\n<strong> I rykoszetem \u017cono uderza w ciebie<\/strong><br \/>\n<strong> Dzi\u0119kuj\u0119 te\u017c wszystkim<\/strong><br \/>\n<strong> Kt\u00f3rzy chc\u0105 by\u0107 obecni<\/strong><br \/>\n<strong> W naszym \u017cyciu nieprostym<\/strong><br \/>\n<strong> <em>Merci<\/em><\/strong><\/p>\n<p><em><a href=\"http:\/\/hubertpietka.bialystok.pl\/wp-content\/uploads\/2022\/01\/IMG_20220129_105439.jpg\"><img loading=\"lazy\" decoding=\"async\" class=\"alignnone size-thumbnail wp-image-5250\" src=\"http:\/\/hubertpietka.bialystok.pl\/wp-content\/uploads\/2022\/01\/IMG_20220129_105439-150x150.jpg\" alt=\"\" width=\"150\" height=\"150\" srcset=\"https:\/\/hubertpietka.bialystok.pl\/wp-content\/uploads\/2022\/01\/IMG_20220129_105439-150x150.jpg 150w, https:\/\/hubertpietka.bialystok.pl\/wp-content\/uploads\/2022\/01\/IMG_20220129_105439-75x75.jpg 75w\" sizes=\"auto, (max-width: 150px) 100vw, 150px\" \/><\/a><\/em><\/p>\n<p><strong>Na zdj. W Dawidach Bankowych<\/strong><br \/>\n<strong> Stajenka betlejemska<\/strong><br \/>\n<strong> Pustynia mo\u017ce by\u0107 r\u00f3\u017cna<\/strong><br \/>\n<strong> Tu miejska ale i wiejska<\/strong><br \/>\n<strong> I napis <em>B\u0105d\u017a obecny<\/em><\/strong><br \/>\n<strong> Tak jak mo\u017cesz ku dobru<\/strong><br \/>\n<strong> B\u0105d\u017a ja jestem<\/strong><\/p>\n<p><strong>A ten cz\u0142owiek tak wielki i wspania\u0142y<\/strong><br \/>\n<strong> Musi przecie\u017c zwie\u0144czy\u0107 swe dzie\u0142o<\/strong><br \/>\n<strong> Zas\u0142ug dla nich<\/strong><br \/>\n<strong> Czy w akcie pierwszym<\/strong><br \/>\n<strong> By odpowiednio im wyj\u015b\u0107 naprzeciw<\/strong><br \/>\n<strong> Czy w drugim<\/strong><br \/>\n<strong> Gdy si\u0119 ju\u017c pojawi\u0105<\/strong><br \/>\n<strong> Tacy czy inni<\/strong><br \/>\n<strong> W taki czy inny spos\u00f3b<\/strong><br \/>\n<strong> By wraz z nimi<\/strong><br \/>\n<strong> Sfinalizowa\u0107 wspania\u0142e dzie\u0142o<\/strong><br \/>\n<strong> Mnie pojmania<\/strong><br \/>\n<strong> Tak bezcenne dla tych w\u0142a\u015bnie<\/strong><\/p>\n<p style=\"text-align: right;\"><a href=\"https:\/\/youtu.be\/bwSW41oh9ts\"><em><strong>Lady Pank &#8211; Dop\u00f3ki da czas<\/strong><\/em><\/a>\u00a0\ud83d\ude42<\/p>\n","protected":false},"excerpt":{"rendered":"<p>Namiot Spotkania \/ w Panu Moj\u017cesz powiedzia\u0142 do Izraelit\u00f3w Kiedy byli na pustyni Zbierzcie \u015brodki Aby postawi\u0107 dla Pana Przybytek Namiot Spotkania Ma si\u0119 sk\u0142ada\u0107&hellip; <\/p>\n","protected":false},"author":1,"featured_media":0,"parent":0,"menu_order":0,"comment_status":"closed","ping_status":"closed","template":"","meta":{"footnotes":""},"class_list":["post-5249","page","type-page","status-publish","hentry"],"_links":{"self":[{"href":"https:\/\/hubertpietka.bialystok.pl\/index.php?rest_route=\/wp\/v2\/pages\/5249","targetHints":{"allow":["GET"]}}],"collection":[{"href":"https:\/\/hubertpietka.bialystok.pl\/index.php?rest_route=\/wp\/v2\/pages"}],"about":[{"href":"https:\/\/hubertpietka.bialystok.pl\/index.php?rest_route=\/wp\/v2\/types\/page"}],"author":[{"embeddable":true,"href":"https:\/\/hubertpietka.bialystok.pl\/index.php?rest_route=\/wp\/v2\/users\/1"}],"replies":[{"embeddable":true,"href":"https:\/\/hubertpietka.bialystok.pl\/index.php?rest_route=%2Fwp%2Fv2%2Fcomments&post=5249"}],"version-history":[{"count":2,"href":"https:\/\/hubertpietka.bialystok.pl\/index.php?rest_route=\/wp\/v2\/pages\/5249\/revisions"}],"predecessor-version":[{"id":5252,"href":"https:\/\/hubertpietka.bialystok.pl\/index.php?rest_route=\/wp\/v2\/pages\/5249\/revisions\/5252"}],"wp:attachment":[{"href":"https:\/\/hubertpietka.bialystok.pl\/index.php?rest_route=%2Fwp%2Fv2%2Fmedia&parent=5249"}],"curies":[{"name":"wp","href":"https:\/\/api.w.org\/{rel}","templated":true}]}}