{"id":5259,"date":"2022-01-31T09:39:29","date_gmt":"2022-01-31T09:39:29","guid":{"rendered":"http:\/\/hubertpietka.bialystok.pl\/?page_id=5259"},"modified":"2022-01-31T09:47:05","modified_gmt":"2022-01-31T09:47:05","slug":"jak-nie-bosko-jak-bosko","status":"publish","type":"page","link":"https:\/\/hubertpietka.bialystok.pl\/?page_id=5259","title":{"rendered":"Ja(k)nie Bosko \/ jak bosko"},"content":{"rendered":"<p><em><strong>Ja(k)nie Bosko \/ jak bosko<\/strong><\/em><\/p>\n<p>C\u00f3\u017c to za *hoc*-ki klocki<br \/>\nW Sejmie polskim<br \/>\nKoniecznie ma by\u0107 wprowadzona<br \/>\nUstawa segregacyjna<br \/>\nAby podzieli\u0107 zantagonizowa\u0107 Polak\u00f3w<br \/>\nI to co raz to bardziej absurdalna<br \/>\nC\u00f3\u017c to za po\u015bpiech te\u017c ku temu<br \/>\nP\u0119d by zaszczepionych od niezaszczepionych oddzieli\u0107<br \/>\nI wprowadzi\u0107 szczepie\u0144 obowi\u0105zek<br \/>\nCho\u0107by tylnymi drzwiami<br \/>\nA jak nie drzwiami to i oknem<\/p>\n<p>A na w\u0142asnym podw\u00f3rku<br \/>\nWspania\u0142o\u015b\u0107 i wielko\u015b\u0107 w sukurs<br \/>\nPodobnej wielko\u015bci wspania\u0142ej<br \/>\nMa si\u0119 tych przyjaci\u00f3\u0142<br \/>\nA\u017c strach ba\u0107 si\u0119<\/p>\n<p><strong>Dzi\u015b \u015bw. Jana Bosko<\/strong><br \/>\n<strong> Kt\u00f3ry za\u0142o\u017cy\u0142 rodzin\u0119 *sale*z*ja\u0144*sk\u0105<\/strong><br \/>\n<strong> *<em>Sale<\/em>* Janie zosta\u0142e\u015b sprzedany<\/strong><br \/>\n<strong> I rodzina twoja<\/strong><\/p>\n<p><strong><a href=\"http:\/\/hubertpietka.bialystok.pl\/wp-content\/uploads\/2022\/01\/IMG_20220131_101509.jpg\"><img loading=\"lazy\" decoding=\"async\" class=\"alignnone size-thumbnail wp-image-5260\" src=\"http:\/\/hubertpietka.bialystok.pl\/wp-content\/uploads\/2022\/01\/IMG_20220131_101509-150x150.jpg\" alt=\"\" width=\"150\" height=\"150\" srcset=\"https:\/\/hubertpietka.bialystok.pl\/wp-content\/uploads\/2022\/01\/IMG_20220131_101509-150x150.jpg 150w, https:\/\/hubertpietka.bialystok.pl\/wp-content\/uploads\/2022\/01\/IMG_20220131_101509-75x75.jpg 75w\" sizes=\"auto, (max-width: 150px) 100vw, 150px\" \/><\/a><\/strong><\/p>\n<p><em>Na zdj. Kapliczka parafii *szyd\u0142o*wskiej ko\u0142o Jarz\u0105bek<\/em><br \/>\n<em> Matka Bo\u017ca ukryta<\/em><br \/>\n<em> W cieniu \u015bwi\u0105tecznego drzewka jeszcze<\/em><br \/>\n<em> Jak te\u017c pracuj\u0105 odpowiednie szyd\u0142a<\/em><br \/>\n<em> By szy\u0107 grubymi ni\u0107mi<\/em><br \/>\n<em> To i owo<\/em><br \/>\n<em> Co\u015b jeszcze<\/em><br \/>\n<em> Ave Maryja mimo wszystko<\/em><\/p>\n","protected":false},"excerpt":{"rendered":"<p>Ja(k)nie Bosko \/ jak bosko C\u00f3\u017c to za *hoc*-ki klocki W Sejmie polskim Koniecznie ma by\u0107 wprowadzona Ustawa segregacyjna Aby podzieli\u0107 zantagonizowa\u0107 Polak\u00f3w I to&hellip; <\/p>\n","protected":false},"author":1,"featured_media":0,"parent":0,"menu_order":0,"comment_status":"closed","ping_status":"closed","template":"","meta":{"footnotes":""},"class_list":["post-5259","page","type-page","status-publish","hentry"],"_links":{"self":[{"href":"https:\/\/hubertpietka.bialystok.pl\/index.php?rest_route=\/wp\/v2\/pages\/5259","targetHints":{"allow":["GET"]}}],"collection":[{"href":"https:\/\/hubertpietka.bialystok.pl\/index.php?rest_route=\/wp\/v2\/pages"}],"about":[{"href":"https:\/\/hubertpietka.bialystok.pl\/index.php?rest_route=\/wp\/v2\/types\/page"}],"author":[{"embeddable":true,"href":"https:\/\/hubertpietka.bialystok.pl\/index.php?rest_route=\/wp\/v2\/users\/1"}],"replies":[{"embeddable":true,"href":"https:\/\/hubertpietka.bialystok.pl\/index.php?rest_route=%2Fwp%2Fv2%2Fcomments&post=5259"}],"version-history":[{"count":3,"href":"https:\/\/hubertpietka.bialystok.pl\/index.php?rest_route=\/wp\/v2\/pages\/5259\/revisions"}],"predecessor-version":[{"id":5264,"href":"https:\/\/hubertpietka.bialystok.pl\/index.php?rest_route=\/wp\/v2\/pages\/5259\/revisions\/5264"}],"wp:attachment":[{"href":"https:\/\/hubertpietka.bialystok.pl\/index.php?rest_route=%2Fwp%2Fv2%2Fmedia&parent=5259"}],"curies":[{"name":"wp","href":"https:\/\/api.w.org\/{rel}","templated":true}]}}