{"id":5295,"date":"2022-02-08T11:32:54","date_gmt":"2022-02-08T11:32:54","guid":{"rendered":"http:\/\/hubertpietka.bialystok.pl\/?page_id=5295"},"modified":"2022-02-08T11:32:54","modified_gmt":"2022-02-08T11:32:54","slug":"doskonalosc-tak-piekna-wielkosci-i-wspanialosci-pewnej","status":"publish","type":"page","link":"https:\/\/hubertpietka.bialystok.pl\/?page_id=5295","title":{"rendered":"Doskona\u0142o\u015b\u0107 tak pi\u0119kna \/ wielko\u015bci i wspania\u0142o\u015bci pewnej"},"content":{"rendered":"<p><em><strong>Doskona\u0142o\u015b\u0107 tak pi\u0119kna \/ wielko\u015bci i wspania\u0142o\u015bci pewnej<\/strong><\/em><\/p>\n<p>A sk\u0105d to wie<br \/>\nTa wspania\u0142o\u015b\u0107 i wielko\u015b\u0107<br \/>\nJak im zawsze wyj\u015b\u0107 naprzeciw<br \/>\nW spos\u00f3b odpowiedni<br \/>\nOczywi\u015bcie niewinnie i przypadkowo<br \/>\nMo\u017cna powiedzie\u0107 mimochodem<br \/>\nTa doskona\u0142o\u015b\u0107 si\u0119 przejawia mo\u017ce w tym<br \/>\n\u017be jest ona pod\u015bwiadoma<br \/>\nW\u0142a\u015bciwa zapewne jedynie wielko\u015bci i wspania\u0142o\u015bci tak pi\u0119knej<br \/>\nI tyle<br \/>\nTak si\u0119 przecie\u017c czasem dzieje<br \/>\nA \u017ce to s\u0142u\u017cy komu\u015b wr\u0119cz wspaniale<br \/>\nTo ju\u017c zupe\u0142nie inna sprawa<\/p>\n<p>A mo\u017cna im wychodzi\u0107 naprzeciw<br \/>\nW spos\u00f3b wieloraki<br \/>\nTak po prostu<br \/>\n<em>Fatyguj\u0105c<\/em> niejako sw\u0105 wspania\u0142o\u015b\u0107 i wielko\u015b\u0107\u00a0 osobi\u015bcie po prostu<br \/>\nPrzez otwarcie drzwi (w nocy) czy bramki<br \/>\n(B\u0119dzie im du\u017co \u0142atwiej)<br \/>\nLub po prostu wyczekuj\u0105c siedz\u0105c w oknie<br \/>\nMo\u017cesz przyjd\u0105 w ko\u0144cu<br \/>\nOczywi\u015bcie wszystko mimochodem<br \/>\nCzyli ca\u0142kowicie niewinnie i przypadkowo<br \/>\nW tym przejawia si\u0119 wielko\u015b\u0107 i wspania\u0142o\u015b\u0107 owa<\/p>\n<p>A tak ju\u017c zupe\u0142nie<br \/>\nAbstrahuj\u0105c od wszystkiego<br \/>\nTak mi przysz\u0142o to sk\u0105d\u015b<br \/>\n\u017be \u017cmija zawsze b\u0119dzie \u017cmij\u0105<br \/>\nNie mo\u017cna wierzy\u0107 \u017cmii<br \/>\nBo \u017cmija jad ma w sobie okrutny<br \/>\nI kiedy trzeba to uk\u0142uje kogo trzeba<br \/>\nW spos\u00f3b jej w\u0142a\u015bciwy<br \/>\nOdnosi\u0107 si\u0119 to mo\u017ce do pewnej sytuacji<br \/>\nW naszym \u017cyciu<br \/>\nAle c\u00f3\u017c taka jest natura \u017cmii przecie\u017c<br \/>\n\u017be ma odpowiednio uk\u0142u\u0107<br \/>\nTaka czy inna \u017cmija<\/p>\n<p><a href=\"http:\/\/hubertpietka.bialystok.pl\/wp-content\/uploads\/2022\/02\/IMG_20220208_121113.jpg\"><img loading=\"lazy\" decoding=\"async\" class=\"alignnone size-thumbnail wp-image-5296\" src=\"http:\/\/hubertpietka.bialystok.pl\/wp-content\/uploads\/2022\/02\/IMG_20220208_121113-150x150.jpg\" alt=\"\" width=\"150\" height=\"150\" srcset=\"https:\/\/hubertpietka.bialystok.pl\/wp-content\/uploads\/2022\/02\/IMG_20220208_121113-150x150.jpg 150w, https:\/\/hubertpietka.bialystok.pl\/wp-content\/uploads\/2022\/02\/IMG_20220208_121113-75x75.jpg 75w\" sizes=\"auto, (max-width: 150px) 100vw, 150px\" \/><\/a><\/p>\n<p><strong>Na zdj. Obrazek narysowany przez osob\u0119 pewn\u0105<\/strong><br \/>\n<strong> Mi przypomina murzynk\u0119<\/strong><br \/>\n<strong> Dzi\u015b \u015bw. J\u00f3zefiny *Bak-hity*<\/strong><br \/>\n<strong> *<em>Back<\/em>* czyli powroty s\u0105 *hitem*<\/strong><br \/>\n<strong> Wielkiej i wspania\u0142ej osoby<\/strong><br \/>\n<strong> Oni tak lubi\u0105 ten moment<\/strong><br \/>\n<strong> Jak kto\u015b wchodzi czy wychodzi<\/strong><\/p>\n<p><strong>A powroty wielko\u015bci i wspania\u0142o\u015bci<\/strong><br \/>\n<strong> Z ko\u015bci\u00f3\u0142ka to ju\u017c <em>kaplica<\/em><\/strong><br \/>\n<em><strong> Ma by\u0107 dla mnie<\/strong><\/em><br \/>\n<strong> Mo\u017ce w tym ko\u015bci\u00f3\u0142ku<\/strong><br \/>\n<strong> Wielki i wspania\u0142y cz\u0142owiek si\u0119 pi\u0119knie modli<\/strong><br \/>\n<strong> \u017beby wszystko przebieg\u0142o jak trzeba<\/strong><br \/>\n<strong> I \u017ceby by\u0142 w ko\u0144cu koniec ze mn\u0105<\/strong><br \/>\n<strong> \u017beby mnie zabrano st\u0105d wreszcie<\/strong><br \/>\n<strong> A mo\u017ce po prostu<\/strong><br \/>\n<strong> Jak to ju\u017c mu si\u0119 i zdarza\u0142o<\/strong><br \/>\n<strong> Odno\u015bnie r\u00f3\u017cnych os\u00f3b<\/strong><br \/>\n<strong> Czego jeste\u015bmy \u015bwiadkami<\/strong><br \/>\n<strong> <em>\u017beby go szlak trafi\u0142<br \/>\nPanie Jezu kochany<\/em><\/strong><br \/>\n<strong> A mo\u017ce i na kolanach te\u017c w domu<\/strong><br \/>\n<strong> Si\u0119 o to i modli<\/strong><br \/>\n<strong> Wielko\u015b\u0107 i wspania\u0142o\u015b\u0107 tak doskona\u0142a<\/strong><br \/>\n<strong> Wys\u0142ucha\u0107 przecie\u017c musi Bozia<\/strong><br \/>\n<strong> Tej w\u0142a\u015bnie modlitwy<\/strong><br \/>\n<strong> Tak prostej i ufnej<\/strong><\/p>\n","protected":false},"excerpt":{"rendered":"<p>Doskona\u0142o\u015b\u0107 tak pi\u0119kna \/ wielko\u015bci i wspania\u0142o\u015bci pewnej A sk\u0105d to wie Ta wspania\u0142o\u015b\u0107 i wielko\u015b\u0107 Jak im zawsze wyj\u015b\u0107 naprzeciw W spos\u00f3b odpowiedni Oczywi\u015bcie&hellip; <\/p>\n","protected":false},"author":1,"featured_media":0,"parent":0,"menu_order":0,"comment_status":"closed","ping_status":"closed","template":"","meta":{"footnotes":""},"class_list":["post-5295","page","type-page","status-publish","hentry"],"_links":{"self":[{"href":"https:\/\/hubertpietka.bialystok.pl\/index.php?rest_route=\/wp\/v2\/pages\/5295","targetHints":{"allow":["GET"]}}],"collection":[{"href":"https:\/\/hubertpietka.bialystok.pl\/index.php?rest_route=\/wp\/v2\/pages"}],"about":[{"href":"https:\/\/hubertpietka.bialystok.pl\/index.php?rest_route=\/wp\/v2\/types\/page"}],"author":[{"embeddable":true,"href":"https:\/\/hubertpietka.bialystok.pl\/index.php?rest_route=\/wp\/v2\/users\/1"}],"replies":[{"embeddable":true,"href":"https:\/\/hubertpietka.bialystok.pl\/index.php?rest_route=%2Fwp%2Fv2%2Fcomments&post=5295"}],"version-history":[{"count":1,"href":"https:\/\/hubertpietka.bialystok.pl\/index.php?rest_route=\/wp\/v2\/pages\/5295\/revisions"}],"predecessor-version":[{"id":5297,"href":"https:\/\/hubertpietka.bialystok.pl\/index.php?rest_route=\/wp\/v2\/pages\/5295\/revisions\/5297"}],"wp:attachment":[{"href":"https:\/\/hubertpietka.bialystok.pl\/index.php?rest_route=%2Fwp%2Fv2%2Fmedia&parent=5295"}],"curies":[{"name":"wp","href":"https:\/\/api.w.org\/{rel}","templated":true}]}}