{"id":5301,"date":"2022-02-10T12:54:43","date_gmt":"2022-02-10T12:54:43","guid":{"rendered":"http:\/\/hubertpietka.bialystok.pl\/?page_id=5301"},"modified":"2022-02-10T12:55:30","modified_gmt":"2022-02-10T12:55:30","slug":"kazdego-dziecka-zycie-poczete-jest-laska-ducha-swietego","status":"publish","type":"page","link":"https:\/\/hubertpietka.bialystok.pl\/?page_id=5301","title":{"rendered":"Ka\u017cdego dziecka \u017cycie pocz\u0119te \/ jest \u0142ask\u0105 Ducha \u015awi\u0119tego"},"content":{"rendered":"<p><em><strong>Ka\u017cdego dziecka \u017cycie pocz\u0119te \/ jest \u0142ask\u0105 Ducha \u015awi\u0119tego<\/strong><\/em><\/p>\n<p>Ewangeliczne Ducha \u015awi\u0119tego dzia\u0142anie<br \/>\nZaczyna si\u0119 od <em>Zwiastowania<\/em><br \/>\nCzy\u017c to nie ciekawe<br \/>\nMa to swoje prze\u0142o\u017cenie<\/p>\n<p>Chwila w kt\u00f3rej kobieta dowiaduje si\u0119 o tym<br \/>\n\u017be ma by\u0107 matk\u0105<br \/>\nJest takim <em>ma\u0142ym zwiastowaniem<\/em><br \/>\nDuch \u015awi\u0119ty przez jej dzieci\u0105tko chce dzia\u0142a\u0107<br \/>\nI kobieta mo\u017ce lub nie<br \/>\nWol\u0119 Bo\u017c\u0105 dla swego \u017cycia<br \/>\nPrzyj\u0105\u0107 lub odrzuci\u0107<br \/>\nMo\u017ce powiedzie\u0107 <em>Fiat<\/em><br \/>\nAlbo <em>nie b\u0119d\u0119 s\u0142u\u017cy\u0107<\/em><br \/>\nNiezale\u017cnie jakie to dzieci\u0105tko b\u0119dzie<\/p>\n<p>A ojcu dziecka Duch \u015awi\u0119ty m\u00f3wi wtedy<br \/>\nJak \u015bw. J\u00f3zefowi we \u015bnie<br \/>\n<em>Nie b\u00f3j si\u0119 wzi\u0105\u0107 ich do siebie<\/em><br \/>\nMatki i dzieci\u0105tka<br \/>\n<em>Bo one jest ze Mnie<\/em><br \/>\nPrzyjmij to \u017cycie<\/p>\n<p>To dzieci\u0105tko jest wielkie<br \/>\nBo jest Bo\u017cym dzieckiem<\/p>\n<p><em>Koronka do Ducha \u015awi\u0119tego<\/em><br \/>\nZaczyna si\u0119 od <em>Zwiastowania<\/em><br \/>\nRadosn\u0105 nowin\u0119 przyjmij<br \/>\nPotem c<em>hrzest<\/em> Bo\u017ca piecz\u0119\u0107<br \/>\nKa\u017cdy te\u017c napotyka w swym \u017cyciu <em>pustyni\u0119<\/em><br \/>\nPokona\u0107 j\u0105 mo\u017cna<br \/>\nOdnajduj\u0105c si\u0119 w <em>Ko\u015bciele<\/em><br \/>\nBy nast\u0119pnie stawa\u0107 si\u0119 <em>cz\u0142owiekiem<\/em><br \/>\n<em>Sprawiedliwym<\/em> prawdziwie i w pe\u0142ni<br \/>\nCzy\u017c ewangeliczna droga dzia\u0142ania<br \/>\nDucha \u015awi\u0119tego w cz\u0142owieku<br \/>\nNie zaczyna si\u0119 od tego <em>ma\u0142ego zwiastowania<\/em><br \/>\nKt\u00f3re potem trzeba potwierdza\u0107<br \/>\nDuch \u015awi\u0119ty dzia\u0142a<br \/>\nKiedy pozwoli mu si\u0119 dzia\u0142a\u0107<br \/>\nI wsp\u00f3\u0142pracuje si\u0119 z tym<br \/>\nMimo r\u00f3\u017cnych \u017cycia ludzkiego kolei<br \/>\nW tym ma\u0142ym zarodku<br \/>\nJest ju\u017c Duch \u015awi\u0119ty taki<br \/>\nKt\u00f3ry chce ubogaci\u0107 tych<br \/>\nKt\u00f3rzy przyjmuj\u0105 \u017cycie<\/p>\n<p><a href=\"http:\/\/hubertpietka.bialystok.pl\/wp-content\/uploads\/2022\/02\/IMG_20220210_134145.jpg\"><img loading=\"lazy\" decoding=\"async\" class=\"alignnone size-thumbnail wp-image-5302\" src=\"http:\/\/hubertpietka.bialystok.pl\/wp-content\/uploads\/2022\/02\/IMG_20220210_134145-150x150.jpg\" alt=\"\" width=\"150\" height=\"150\" srcset=\"https:\/\/hubertpietka.bialystok.pl\/wp-content\/uploads\/2022\/02\/IMG_20220210_134145-150x150.jpg 150w, https:\/\/hubertpietka.bialystok.pl\/wp-content\/uploads\/2022\/02\/IMG_20220210_134145-75x75.jpg 75w\" sizes=\"auto, (max-width: 150px) 100vw, 150px\" \/><\/a><\/p>\n<p><strong>Na zdj. Maryja Niepokalana i \u015bwieca<\/strong><br \/>\n<strong> Podtrzymywanie p\u0142omyka \u017cycia<\/strong><br \/>\n<strong> Jest obowi\u0105zkiem nie tylko rodzic\u00f3w<\/strong><br \/>\n<strong> Aby Duch \u015awi\u0119ty m\u00f3g\u0142 dzia\u0142a\u0107<\/strong><br \/>\n<strong> I w \u017cyciu ich i w tym \u015bwiecie<\/strong><\/p>\n<p><strong>Maryja od kt\u00f3rej si\u0119 zacz\u0119\u0142o<\/strong><br \/>\n<strong> Ewangeliczne Ducha \u015awi\u0119tego dzia\u0142anie<\/strong><br \/>\n<strong> Jest najlepsz\u0105 patronk\u0105<\/strong><br \/>\n<strong> Aby <em>cywilizacj\u0119 \u015bmierci<\/em> prze\u0142ama\u0107<\/strong><br \/>\n<strong> I aby Duch \u015awi\u0119ty w pe\u0142ni dzia\u0142a\u0142<\/strong><\/p>\n<p style=\"text-align: center;\"><a href=\"https:\/\/youtu.be\/3Q3nlr-pk7A\"><em><strong>Oblubienica Ducha \u015awi\u0119tego &#8211; Alleluja<\/strong><\/em><\/a><\/p>\n","protected":false},"excerpt":{"rendered":"<p>Ka\u017cdego dziecka \u017cycie pocz\u0119te \/ jest \u0142ask\u0105 Ducha \u015awi\u0119tego Ewangeliczne Ducha \u015awi\u0119tego dzia\u0142anie Zaczyna si\u0119 od Zwiastowania Czy\u017c to nie ciekawe Ma to swoje prze\u0142o\u017cenie&hellip; <\/p>\n","protected":false},"author":1,"featured_media":0,"parent":0,"menu_order":0,"comment_status":"closed","ping_status":"closed","template":"","meta":{"footnotes":""},"class_list":["post-5301","page","type-page","status-publish","hentry"],"_links":{"self":[{"href":"https:\/\/hubertpietka.bialystok.pl\/index.php?rest_route=\/wp\/v2\/pages\/5301","targetHints":{"allow":["GET"]}}],"collection":[{"href":"https:\/\/hubertpietka.bialystok.pl\/index.php?rest_route=\/wp\/v2\/pages"}],"about":[{"href":"https:\/\/hubertpietka.bialystok.pl\/index.php?rest_route=\/wp\/v2\/types\/page"}],"author":[{"embeddable":true,"href":"https:\/\/hubertpietka.bialystok.pl\/index.php?rest_route=\/wp\/v2\/users\/1"}],"replies":[{"embeddable":true,"href":"https:\/\/hubertpietka.bialystok.pl\/index.php?rest_route=%2Fwp%2Fv2%2Fcomments&post=5301"}],"version-history":[{"count":1,"href":"https:\/\/hubertpietka.bialystok.pl\/index.php?rest_route=\/wp\/v2\/pages\/5301\/revisions"}],"predecessor-version":[{"id":5303,"href":"https:\/\/hubertpietka.bialystok.pl\/index.php?rest_route=\/wp\/v2\/pages\/5301\/revisions\/5303"}],"wp:attachment":[{"href":"https:\/\/hubertpietka.bialystok.pl\/index.php?rest_route=%2Fwp%2Fv2%2Fmedia&parent=5301"}],"curies":[{"name":"wp","href":"https:\/\/api.w.org\/{rel}","templated":true}]}}