{"id":5308,"date":"2022-02-13T22:50:17","date_gmt":"2022-02-13T22:50:17","guid":{"rendered":"http:\/\/hubertpietka.bialystok.pl\/?page_id=5308"},"modified":"2022-02-13T22:50:17","modified_gmt":"2022-02-13T22:50:17","slug":"im-dalej-w-las-tym-wiekszy-chwast","status":"publish","type":"page","link":"https:\/\/hubertpietka.bialystok.pl\/?page_id=5308","title":{"rendered":"Im dalej w las \/ tym wi\u0119kszy&#8230; chwast"},"content":{"rendered":"<p><em><strong>Im dalej w las \/ tym wi\u0119kszy&#8230; chwast<\/strong><\/em><\/p>\n<p>Dawno nie czu\u0142em si\u0119<br \/>\nA\u017c tak sponiewierany<br \/>\nRozci\u0105gni\u0119ty plackiem na ziemi<br \/>\nRozwalony ale to szczeg\u00f3\u0142 tylko<\/p>\n<p>Pewna sytuacja ostatniego czasu<br \/>\nPrzypomina\u0142a mi sytuacj\u0119<br \/>\nGdy diab\u0142y pal\u0105 w kotle<br \/>\nDolewaj\u0105 ci\u0105gle oliw\u0119<br \/>\nA z tego kot\u0142a<br \/>\nWraz z jego wrzeniem<br \/>\nWylewa\u0142y si\u0119 najgorsze bluzgi<br \/>\nNie tylko na nas<\/p>\n<p>Ale to mi tylko wskazuje<br \/>\nI potwierdza jednog\u0142o\u015bnie<br \/>\n\u017be jeste\u015bmy na dobrej drodze<br \/>\nBo skoro chce nas<br \/>\nZ b\u0142otem miesza\u0107 diabelski jazgot<br \/>\nTo znaczy \u017ce nie znosi nas szatan<br \/>\nA on uderza tylko w to czego nienawidzi<\/p>\n<p>Ci\u0119\u017cko by\u0142oby mi to przetrwa\u0107<br \/>\nGdyby B\u00f3g nie wprowadzi\u0142<br \/>\nDo tego pieca<br \/>\nRazem ze mn\u0105 anio\u0142a<br \/>\nCzyli moj\u0105 \u017con\u0119<\/p>\n<p><strong>Dzi\u0119kuj\u0119 ci najukocha\u0144sza moja<\/strong><br \/>\n<strong> \u017be jeste\u015b w tym wszystkim ze mn\u0105<\/strong><br \/>\n<strong> Jutro \u015bw. Walentego patrona kochank\u00f3w<\/strong><br \/>\n<strong> Mo\u017ce i czasem pobrudzi nas polewka szata\u0144ska<\/strong><br \/>\n<strong> Ale razem w Panu przetrwamy to wszystko<\/strong><\/p>\n<p><a href=\"http:\/\/hubertpietka.bialystok.pl\/wp-content\/uploads\/2022\/02\/IMG_20220213_233458.jpg\"><img loading=\"lazy\" decoding=\"async\" class=\"alignnone size-thumbnail wp-image-5309\" src=\"http:\/\/hubertpietka.bialystok.pl\/wp-content\/uploads\/2022\/02\/IMG_20220213_233458-150x150.jpg\" alt=\"\" width=\"150\" height=\"150\" srcset=\"https:\/\/hubertpietka.bialystok.pl\/wp-content\/uploads\/2022\/02\/IMG_20220213_233458-150x150.jpg 150w, https:\/\/hubertpietka.bialystok.pl\/wp-content\/uploads\/2022\/02\/IMG_20220213_233458-75x75.jpg 75w\" sizes=\"auto, (max-width: 150px) 100vw, 150px\" \/><\/a><\/p>\n<p><em>Na zdj. Brzozowy lasek ko\u0142o posesji naszej<\/em><br \/>\n<em> Jutro \u015bw. *Cyryla i Metodego*<\/em><br \/>\n<em> Czy\u017c \u017cycie cz\u0142owieka mo\u017cna wyznacza\u0107<\/em><br \/>\n<em> *Cyrklem i metod\u0105*<\/em><br \/>\n<em> Nawet wydawa\u0142o by si\u0119 najs\u0142uszniejsz\u0105<\/em><br \/>\n<em> Czy\u017c B\u00f3g nie jest wi\u0119kszy<\/em><br \/>\n<em> Ni\u017c to wszystko<\/em><br \/>\n<em> I to On wyznacza drog\u0119<\/em><br \/>\n<em> Wol\u0105 swoj\u0105 nie tylko ludzkimi<\/em><br \/>\n<em> *Cyrklem i metod\u0105*<\/em><br \/>\n<em> Bo czy\u017c las kt\u00f3ry r\u00f3wno posadzono od linijki<\/em><br \/>\n<em> Nie s\u0142u\u017cy w perspektywie czasu<\/em><br \/>\n<em> Tylko do eksploatacji<\/em><br \/>\n<em> Las kt\u00f3ry wyr\u00f3s\u0142 z natury<\/em><br \/>\n<em> Jest bogatszy i nieregularny w swych strukturach<\/em><br \/>\n<em> Podobnie i \u017cycie ludzkie<\/em><br \/>\n<em> Nie wszystko mo\u017cna wymierzy\u0107 od do<\/em><br \/>\n<em> I w tym zamkn\u0105\u0107 cz\u0142owieka<\/em><\/p>\n<p>Apropo zamkni\u0119cia<br \/>\nTo czy\u017c cz\u0142owiek wielki wspania\u0142y<br \/>\nNie ma jednak wyj\u015b\u0107 na przeciw im odpowiednio<br \/>\nMilusiom swoim takim czy innym<br \/>\nTej nocy z rana czy nad ranem<br \/>\nA mo\u017ce troch\u0119 dalej<br \/>\nCodziennie historia ta sama<br \/>\nMam by\u0107 pojmany<br \/>\nJak stoj\u0119 zapewne a mo\u017ce w pi\u017camie<br \/>\nByleby tylko li przecie\u017c<br \/>\nMa przecie\u017c cz\u0142owiek wielki wspania\u0142y milusi\u00f3w swoich<br \/>\nChyba \u017ce zamierzaj\u0105 si\u0119 w\u0142ama\u0107<br \/>\nA potem zapewne inspekcja<br \/>\nI straszne nasze grzechy<br \/>\nKt\u00f3rych nie ma<\/p>\n<p style=\"text-align: right;\"><a href=\"https:\/\/youtu.be\/NYmry_2vGYQ\"><em><strong>Ochman &#8211; Wielkie tytu\u0142y<\/strong><\/em><\/a><\/p>\n","protected":false},"excerpt":{"rendered":"<p>Im dalej w las \/ tym wi\u0119kszy&#8230; chwast Dawno nie czu\u0142em si\u0119 A\u017c tak sponiewierany Rozci\u0105gni\u0119ty plackiem na ziemi Rozwalony ale to szczeg\u00f3\u0142 tylko Pewna&hellip; <\/p>\n","protected":false},"author":1,"featured_media":0,"parent":0,"menu_order":0,"comment_status":"closed","ping_status":"closed","template":"","meta":{"footnotes":""},"class_list":["post-5308","page","type-page","status-publish","hentry"],"_links":{"self":[{"href":"https:\/\/hubertpietka.bialystok.pl\/index.php?rest_route=\/wp\/v2\/pages\/5308","targetHints":{"allow":["GET"]}}],"collection":[{"href":"https:\/\/hubertpietka.bialystok.pl\/index.php?rest_route=\/wp\/v2\/pages"}],"about":[{"href":"https:\/\/hubertpietka.bialystok.pl\/index.php?rest_route=\/wp\/v2\/types\/page"}],"author":[{"embeddable":true,"href":"https:\/\/hubertpietka.bialystok.pl\/index.php?rest_route=\/wp\/v2\/users\/1"}],"replies":[{"embeddable":true,"href":"https:\/\/hubertpietka.bialystok.pl\/index.php?rest_route=%2Fwp%2Fv2%2Fcomments&post=5308"}],"version-history":[{"count":1,"href":"https:\/\/hubertpietka.bialystok.pl\/index.php?rest_route=\/wp\/v2\/pages\/5308\/revisions"}],"predecessor-version":[{"id":5310,"href":"https:\/\/hubertpietka.bialystok.pl\/index.php?rest_route=\/wp\/v2\/pages\/5308\/revisions\/5310"}],"wp:attachment":[{"href":"https:\/\/hubertpietka.bialystok.pl\/index.php?rest_route=%2Fwp%2Fv2%2Fmedia&parent=5308"}],"curies":[{"name":"wp","href":"https:\/\/api.w.org\/{rel}","templated":true}]}}