{"id":532,"date":"2017-07-09T23:04:21","date_gmt":"2017-07-09T23:04:21","guid":{"rendered":"http:\/\/hubertpietka.bialystok.pl\/?page_id=532"},"modified":"2017-08-05T23:09:29","modified_gmt":"2017-08-05T23:09:29","slug":"bialystok-miasto-milosierdzia-bmb","status":"publish","type":"page","link":"https:\/\/hubertpietka.bialystok.pl\/?page_id=532","title":{"rendered":"Bia\u0142ystok Miasto Mi\u0142osierdzia \/HBMB\/"},"content":{"rendered":"<p style=\"text-align: center;\"><em><strong>Bia\u0142ystok Miasto Mi\u0142osierdzia<br \/>\n<\/strong><\/em><\/p>\n<p style=\"text-align: center;\"><em>&#8211; Hymn Hubalowy<\/em><\/p>\n<p style=\"text-align: center;\"><strong>\/HBMB\/<\/strong><\/p>\n<p>&nbsp;<\/p>\n<p><strong>Ref.<\/strong><\/p>\n<p><strong>Bia\u0142ystok, Miasto Mi\u0142osierdzia.<\/strong><\/p>\n<p><strong>Tak, Miasto Mi\u0142osierdzia.<\/strong><\/p>\n<p><strong>Wydaje sw\u00f3j owoc.<\/strong><\/p>\n<p><strong>B\u0105d\u017a godne swego imienia.<\/strong><\/p>\n<p>&nbsp;<\/p>\n<ol>\n<li>Bomby niemieckie z czas\u00f3w 2 apokalipsy,<\/li>\n<\/ol>\n<p>to nic takiego.<\/p>\n<p>Je\u015bli to miasto si\u0119 nie nawr\u00f3ci,<\/p>\n<p>czeka je co\u015b du\u017co gorszego.<\/p>\n<p>&nbsp;<\/p>\n<p><strong>Ref.<\/strong><\/p>\n<p>&nbsp;<\/p>\n<ol start=\"2\">\n<li>Przecie\u017c poci\u0105g z chlorem<\/li>\n<\/ol>\n<p>nie rozszczelni\u0142 si\u0119.<\/p>\n<p>Dzi\u0119ki b\u0142ogos\u0142awionemu Micha\u0142owi<\/p>\n<p>tak sta\u0142o si\u0119.<\/p>\n<p>&nbsp;<\/p>\n<p><strong>Ref.<\/strong><\/p>\n<p>&nbsp;<\/p>\n<ol start=\"3\">\n<li>Mozaika kultur i religii w tym regionie.<\/li>\n<\/ol>\n<p>Baczcie, aby\u015bcie si\u0119 wszyscy nie pozjadali.<\/p>\n<p>Trzeba \u017cy\u0107 zgodnie,<\/p>\n<p>zanim nienawi\u015b\u0107 \u015bwiat zapali.<\/p>\n<p>&nbsp;<\/p>\n<p><strong>Ref.<\/strong><\/p>\n<p>&nbsp;<\/p>\n<ol start=\"4\">\n<li>Miasto, wydaje sw\u00f3j owoc nawr\u00f3cenia.<\/li>\n<\/ol>\n<p>Od tego \u015bwiat zacznie si\u0119 przemienia\u0107.<\/p>\n<p>\u201eWielu ludzi mam w tym mie\u015bcie.\u201d<\/p>\n<p>Gdzie jeste\u015bcie&#8230;<\/p>\n<p>&nbsp;<\/p>\n<p><strong>Ref.<\/strong><\/p>\n<p>&nbsp;<\/p>\n<ol start=\"5\">\n<li>W\u0142a\u015bnie wschodzi iskra.<\/li>\n<\/ol>\n<p>Mi\u0142osierdzia Bo\u017cego to czas.<\/p>\n<p>Nawr\u00f3cenie musi by\u0107 prawdziwe,<\/p>\n<p>aby wype\u0142ni\u0142 si\u0119 czas.<\/p>\n<p>&nbsp;<\/p>\n<p><strong>Ref.<\/strong><\/p>\n<p>&nbsp;<\/p>\n<p>Bia\u0142ystok, 09.07.2017 r.<\/p>\n","protected":false},"excerpt":{"rendered":"<p>Bia\u0142ystok Miasto Mi\u0142osierdzia &#8211; Hymn Hubalowy \/HBMB\/ &nbsp; Ref. Bia\u0142ystok, Miasto Mi\u0142osierdzia. Tak, Miasto Mi\u0142osierdzia. Wydaje sw\u00f3j owoc. B\u0105d\u017a godne swego imienia. &nbsp; Bomby niemieckie&hellip; <\/p>\n","protected":false},"author":1,"featured_media":0,"parent":0,"menu_order":0,"comment_status":"closed","ping_status":"closed","template":"","meta":{"footnotes":""},"class_list":["post-532","page","type-page","status-publish","hentry"],"_links":{"self":[{"href":"https:\/\/hubertpietka.bialystok.pl\/index.php?rest_route=\/wp\/v2\/pages\/532","targetHints":{"allow":["GET"]}}],"collection":[{"href":"https:\/\/hubertpietka.bialystok.pl\/index.php?rest_route=\/wp\/v2\/pages"}],"about":[{"href":"https:\/\/hubertpietka.bialystok.pl\/index.php?rest_route=\/wp\/v2\/types\/page"}],"author":[{"embeddable":true,"href":"https:\/\/hubertpietka.bialystok.pl\/index.php?rest_route=\/wp\/v2\/users\/1"}],"replies":[{"embeddable":true,"href":"https:\/\/hubertpietka.bialystok.pl\/index.php?rest_route=%2Fwp%2Fv2%2Fcomments&post=532"}],"version-history":[{"count":9,"href":"https:\/\/hubertpietka.bialystok.pl\/index.php?rest_route=\/wp\/v2\/pages\/532\/revisions"}],"predecessor-version":[{"id":725,"href":"https:\/\/hubertpietka.bialystok.pl\/index.php?rest_route=\/wp\/v2\/pages\/532\/revisions\/725"}],"wp:attachment":[{"href":"https:\/\/hubertpietka.bialystok.pl\/index.php?rest_route=%2Fwp%2Fv2%2Fmedia&parent=532"}],"curies":[{"name":"wp","href":"https:\/\/api.w.org\/{rel}","templated":true}]}}