{"id":5333,"date":"2022-02-20T16:42:40","date_gmt":"2022-02-20T16:42:40","guid":{"rendered":"http:\/\/hubertpietka.bialystok.pl\/?page_id=5333"},"modified":"2022-02-20T16:42:40","modified_gmt":"2022-02-20T16:42:40","slug":"jesli-chcesz-to-jezus-moze","status":"publish","type":"page","link":"https:\/\/hubertpietka.bialystok.pl\/?page_id=5333","title":{"rendered":"Je\u015bli chcesz \/ to Jezus mo\u017ce"},"content":{"rendered":"<p><em><strong>Je\u015bli chcesz \/ to Jezus mo\u017ce<\/strong><\/em><\/p>\n<p>Je\u015bli tr\u0105d grzechu<br \/>\nPrzylgn\u0105\u0142 do ciebie<br \/>\nZawo\u0142aj do Jezusa<br \/>\nKrzykiem ca\u0142ej swe duszy<br \/>\n<em>Je\u015bli chcesz<br \/>\nMo\u017cesz mnie oczy\u015bci\u0107<\/em><\/p>\n<p>Je\u015bli choruje kto\u015b<br \/>\nZ bliskich twoich<br \/>\nPowiedz<br \/>\n<em>Panie nie jestem godzien<br \/>\nAle powiedz tylko s\u0142owo<\/em><br \/>\nA s\u0142uga tw\u00f3j b\u0119dzie zdrowy<br \/>\nNajpierw duchowo<\/p>\n<p>Je\u015bli z\u0142y duch<br \/>\nDoskwiera jako\u015b<br \/>\nPrzyprowad\u017a to do Jezusa<br \/>\nBy przed czasem<br \/>\nRozkaza\u0142 z\u0142ym duchom<br \/>\n<em>Milcz i wyjd\u017a ucisz si\u0119<\/em><\/p>\n<p><em><a href=\"http:\/\/hubertpietka.bialystok.pl\/wp-content\/uploads\/2022\/02\/IMG_20220220_172241.jpg\"><img loading=\"lazy\" decoding=\"async\" class=\"alignnone size-thumbnail wp-image-5334\" src=\"http:\/\/hubertpietka.bialystok.pl\/wp-content\/uploads\/2022\/02\/IMG_20220220_172241-150x150.jpg\" alt=\"\" width=\"150\" height=\"150\" srcset=\"https:\/\/hubertpietka.bialystok.pl\/wp-content\/uploads\/2022\/02\/IMG_20220220_172241-150x150.jpg 150w, https:\/\/hubertpietka.bialystok.pl\/wp-content\/uploads\/2022\/02\/IMG_20220220_172241-75x75.jpg 75w\" sizes=\"auto, (max-width: 150px) 100vw, 150px\" \/><\/a><\/em><\/p>\n<p><em>Na zdj. \u015awie\u017co-wyremontowana kaplica adoracji<\/em><br \/>\n<em> W ko\u015bciele Ducha \u015awi\u0119tego<\/em><br \/>\n<em> Najbardziej sposobne miejsce<\/em><br \/>\n<em> Do zawo\u0142ania Jezusa<\/em><br \/>\n<em> Kiedy przyt\u0142acza co\u015b dusz\u0119<\/em><\/p>\n<p><em>Ale jak ju\u017c oczy\u015bci uzdrowi<\/em><br \/>\n<em> Id\u017a poka\u017c si\u0119 kap\u0142anowi<\/em><br \/>\n<em> By piecz\u0119\u0107 sakramentu po\u0142o\u017cy\u0142<\/em><\/p>\n<p><strong>Dzi\u015b \u015bw. Dzieci Fatimskich<\/strong><br \/>\n<strong> Franciszka i Hiacynty<\/strong><br \/>\n<strong> Rozmi\u0142owanych w adoracji<\/strong><br \/>\n<strong> Dzieci te wiedzia\u0142y<\/strong><br \/>\n<strong> \u017be gdzie Jezus<\/strong><br \/>\n<strong> Tam Bo\u017ca Matka<\/strong><br \/>\n<strong> Zawo\u0142aj i do niej<\/strong><br \/>\n<strong> Us\u0142yszy do Jezusa podprowadzi<\/strong><br \/>\n<strong> Bo gdzie Syn tam i ona<\/strong><br \/>\n<strong> Ave Maryja<\/strong><br \/>\n<strong> Najpi\u0119kniejszy Kwiecie adoracji eucharystycznej<\/strong><\/p>\n<p><a href=\"https:\/\/youtu.be\/YCZ2JWsnvww\"><em><strong>Chlebie najcichszy<\/strong><\/em><\/a><\/p>\n<p style=\"text-align: center;\"><a href=\"https:\/\/youtu.be\/Kd-oMYa4hSM\"><em><strong>Ka\u017cdy spragniony &#8211; Zesp\u00f3\u0142 Matula<\/strong><\/em><\/a><\/p>\n","protected":false},"excerpt":{"rendered":"<p>Je\u015bli chcesz \/ to Jezus mo\u017ce Je\u015bli tr\u0105d grzechu Przylgn\u0105\u0142 do ciebie Zawo\u0142aj do Jezusa Krzykiem ca\u0142ej swe duszy Je\u015bli chcesz Mo\u017cesz mnie oczy\u015bci\u0107 Je\u015bli&hellip; <\/p>\n","protected":false},"author":1,"featured_media":0,"parent":0,"menu_order":0,"comment_status":"closed","ping_status":"closed","template":"","meta":{"footnotes":""},"class_list":["post-5333","page","type-page","status-publish","hentry"],"_links":{"self":[{"href":"https:\/\/hubertpietka.bialystok.pl\/index.php?rest_route=\/wp\/v2\/pages\/5333","targetHints":{"allow":["GET"]}}],"collection":[{"href":"https:\/\/hubertpietka.bialystok.pl\/index.php?rest_route=\/wp\/v2\/pages"}],"about":[{"href":"https:\/\/hubertpietka.bialystok.pl\/index.php?rest_route=\/wp\/v2\/types\/page"}],"author":[{"embeddable":true,"href":"https:\/\/hubertpietka.bialystok.pl\/index.php?rest_route=\/wp\/v2\/users\/1"}],"replies":[{"embeddable":true,"href":"https:\/\/hubertpietka.bialystok.pl\/index.php?rest_route=%2Fwp%2Fv2%2Fcomments&post=5333"}],"version-history":[{"count":1,"href":"https:\/\/hubertpietka.bialystok.pl\/index.php?rest_route=\/wp\/v2\/pages\/5333\/revisions"}],"predecessor-version":[{"id":5335,"href":"https:\/\/hubertpietka.bialystok.pl\/index.php?rest_route=\/wp\/v2\/pages\/5333\/revisions\/5335"}],"wp:attachment":[{"href":"https:\/\/hubertpietka.bialystok.pl\/index.php?rest_route=%2Fwp%2Fv2%2Fmedia&parent=5333"}],"curies":[{"name":"wp","href":"https:\/\/api.w.org\/{rel}","templated":true}]}}