{"id":534,"date":"2017-07-09T23:07:03","date_gmt":"2017-07-09T23:07:03","guid":{"rendered":"http:\/\/hubertpietka.bialystok.pl\/?page_id=534"},"modified":"2017-07-12T16:03:46","modified_gmt":"2017-07-12T16:03:46","slug":"hymn-wszystkich-ludzi","status":"publish","type":"page","link":"https:\/\/hubertpietka.bialystok.pl\/?page_id=534","title":{"rendered":"Hymn Wszystkich Ludzi &#8211; Hubalowy \/HWLH\/"},"content":{"rendered":"<p style=\"text-align: center;\"><em><strong>Hymn Wszystkich Ludzi &#8211; Hubalowy<br \/>\n<\/strong><\/em><\/p>\n<p style=\"text-align: center;\"><strong>HWLH <\/strong><\/p>\n<p style=\"text-align: center;\"><strong>\/ca\u0142ej ludzko\u015bci\/<\/strong><\/p>\n<p>&nbsp;<\/p>\n<p><strong>Ref.<\/strong><\/p>\n<p><strong>Tylko na bazie niezmiennych,<\/strong><\/p>\n<p><strong>uniwersalnych warto\u015bci<\/strong><\/p>\n<p><strong>&#8211; mo\u017cna budowa\u0107 porozumienie<\/strong><\/p>\n<p><strong>wewn\u0105trz ludzko\u015bci.<\/strong><\/p>\n<p>&nbsp;<\/p>\n<ol>\n<li>Pr\u00f3bujmy budowa\u0107 dialog,<\/li>\n<\/ol>\n<p>nie zabija\u0107, lecz leczy\u0107.<\/p>\n<p>Tylko wtedy ludzko\u015b\u0107 wyjdzie<\/p>\n<p>wobec siebie na przeciw.<\/p>\n<p>&nbsp;<\/p>\n<p><strong>Ref.<\/strong><\/p>\n<p>&nbsp;<\/p>\n<ol start=\"2\">\n<li>Trzeba tylko zacz\u0105\u0107, pr\u00f3bowa\u0107, rozmawia\u0107<\/li>\n<\/ol>\n<p>&#8211; w postawie pe\u0142nej otwarto\u015bci.<\/p>\n<p>Otwarte serca i uszy<\/p>\n<p>&#8211; podstaw\u0105 porozumienia na gruncie wolno\u015bci.<\/p>\n<p>&nbsp;<\/p>\n<p><strong>Ref.<\/strong><\/p>\n<p>&nbsp;<\/p>\n<ol start=\"3\">\n<li>Wyjd\u017amy naprzeciw siebie, podajmy sobie r\u0119ce,<\/li>\n<\/ol>\n<p>przebaczmy swe przewinienia.<\/p>\n<p>Rozpocznijmy nowa er\u0119<\/p>\n<p>&#8211; wsp\u00f3\u0142pracy, dialogu i porozumienia.<\/p>\n<p>&nbsp;<\/p>\n<p><strong>Ref.<\/strong><\/p>\n<p>&nbsp;<\/p>\n<ol start=\"4\">\n<li>Wtedy dla ludzi wzejdzie nowe s\u0142o\u0144ce.<\/li>\n<\/ol>\n<p>Rozpocznie si\u0119 prawdziwy czas pokoju.<\/p>\n<p>Si\u0119ga\u0107 b\u0119dziemy wszyscy<\/p>\n<p>gwiazd marze\u0144 i pragnie\u0144 bez ko\u0144ca.<\/p>\n<p>&nbsp;<\/p>\n<p><strong>Ref.<\/strong><\/p>\n<p>&nbsp;<\/p>\n<p style=\"text-align: right;\">Bia\u0142ystok, 09.07.2017 r.<\/p>\n","protected":false},"excerpt":{"rendered":"<p>Hymn Wszystkich Ludzi &#8211; Hubalowy HWLH \/ca\u0142ej ludzko\u015bci\/ &nbsp; Ref. Tylko na bazie niezmiennych, uniwersalnych warto\u015bci &#8211; mo\u017cna budowa\u0107 porozumienie wewn\u0105trz ludzko\u015bci. &nbsp; Pr\u00f3bujmy budowa\u0107&hellip; <\/p>\n","protected":false},"author":1,"featured_media":0,"parent":0,"menu_order":0,"comment_status":"closed","ping_status":"closed","template":"","meta":{"footnotes":""},"class_list":["post-534","page","type-page","status-publish","hentry"],"_links":{"self":[{"href":"https:\/\/hubertpietka.bialystok.pl\/index.php?rest_route=\/wp\/v2\/pages\/534","targetHints":{"allow":["GET"]}}],"collection":[{"href":"https:\/\/hubertpietka.bialystok.pl\/index.php?rest_route=\/wp\/v2\/pages"}],"about":[{"href":"https:\/\/hubertpietka.bialystok.pl\/index.php?rest_route=\/wp\/v2\/types\/page"}],"author":[{"embeddable":true,"href":"https:\/\/hubertpietka.bialystok.pl\/index.php?rest_route=\/wp\/v2\/users\/1"}],"replies":[{"embeddable":true,"href":"https:\/\/hubertpietka.bialystok.pl\/index.php?rest_route=%2Fwp%2Fv2%2Fcomments&post=534"}],"version-history":[{"count":6,"href":"https:\/\/hubertpietka.bialystok.pl\/index.php?rest_route=\/wp\/v2\/pages\/534\/revisions"}],"predecessor-version":[{"id":619,"href":"https:\/\/hubertpietka.bialystok.pl\/index.php?rest_route=\/wp\/v2\/pages\/534\/revisions\/619"}],"wp:attachment":[{"href":"https:\/\/hubertpietka.bialystok.pl\/index.php?rest_route=%2Fwp%2Fv2%2Fmedia&parent=534"}],"curies":[{"name":"wp","href":"https:\/\/api.w.org\/{rel}","templated":true}]}}