{"id":5341,"date":"2022-02-25T21:13:40","date_gmt":"2022-02-25T21:13:40","guid":{"rendered":"http:\/\/hubertpietka.bialystok.pl\/?page_id=5341"},"modified":"2022-02-25T21:13:40","modified_gmt":"2022-02-25T21:13:40","slug":"na-pomoc-ukrainie-dodatek-pewna-osobista-wycieczka","status":"publish","type":"page","link":"https:\/\/hubertpietka.bialystok.pl\/?page_id=5341","title":{"rendered":"Na pomoc \/ Ukrainie + DODATEK \/ Pewna osobista wycieczka"},"content":{"rendered":"<p><em><strong>Na pomoc \/ Ukrainie<\/strong><\/em><\/p>\n<p>Mo\u017cesz patrze\u0107 spokojnie<br \/>\nJak Ukraina wykrwawia si\u0119<br \/>\nJa nie mog\u0119<br \/>\nBo zaraz to mo\u017ce si\u0119 Polska<br \/>\nWykrwawia\u0107 albo inne kraje<\/p>\n<p>Czy zach\u00f3d mo\u017ce by\u0107 spokojny<br \/>\nJa bym tego nie by\u0142 zbyt pewny<br \/>\nW obliczu agresji rosyjskiej<br \/>\nUkraina potrzebuje pomocy<br \/>\nOby \u015bwiat tego nie przespa\u0142<\/p>\n<p><a href=\"http:\/\/hubertpietka.bialystok.pl\/wp-content\/uploads\/2022\/02\/IMG_20220225_214723.jpg\"><img loading=\"lazy\" decoding=\"async\" class=\"alignnone size-thumbnail wp-image-5342\" src=\"http:\/\/hubertpietka.bialystok.pl\/wp-content\/uploads\/2022\/02\/IMG_20220225_214723-150x150.jpg\" alt=\"\" width=\"150\" height=\"150\" srcset=\"https:\/\/hubertpietka.bialystok.pl\/wp-content\/uploads\/2022\/02\/IMG_20220225_214723-150x150.jpg 150w, https:\/\/hubertpietka.bialystok.pl\/wp-content\/uploads\/2022\/02\/IMG_20220225_214723-75x75.jpg 75w\" sizes=\"auto, (max-width: 150px) 100vw, 150px\" \/><\/a><\/p>\n<p><em>Na zdj. Anio\u0142 po babci<\/em><br \/>\n<em> Aniele Ukrainy m\u00f3dl si\u0119 za kraj ten<\/em><br \/>\n<em> Ukraina te\u017c potrzebuje innych anio\u0142\u00f3w<\/em><br \/>\n<em> Oby zd\u0105\u017cyli z pomoc\u0105<\/em><br \/>\n<em> Nie trzeba ba\u0107 si\u0119 szanta\u017c\u00f3w<\/em><\/p>\n<p><em>Pok\u00f3j wieczny poleg\u0142ym<\/em><br \/>\n<em> Obro\u0144com dzielnym<\/em><br \/>\n<em> I Bogu ducha winnym zamordowanym<\/em><br \/>\n<em> Uchod\u017acom spokojna przysta\u0144<\/em><br \/>\n<em> S\u0142awa Ukrainie<\/em><\/p>\n<p style=\"text-align: center;\"><a href=\"https:\/\/youtu.be\/J3y9t4i4Fvk\"><em><strong>S.O.S. Na pom\u00f3c cz\u0142owiekowi &#8211; Eleni<\/strong><\/em><\/a><\/p>\n<hr \/>\n<p><strong>+ DODATEK \/ Pewna osobista wycieczka<\/strong><\/p>\n<p>I je\u015bli cokolwiek si\u0119 stanie<br \/>\nMojej \u017conie<br \/>\nJak mnie tam nie ma<br \/>\nTo Ty Panie wiesz<br \/>\nZ nami naszymi i naszym i tako\u017c<\/p>\n<p>A tu gdzie jestem<br \/>\nTo im dopiero przyj\u015b\u0107 \u0142atwo<br \/>\nWszystko na przestrza\u0142 otwarte<br \/>\nTo tej nocy z rana czy nad ranem<br \/>\nNajlepiej zanim wyjad\u0119<\/p>\n<p>A mo\u017ce w drodze<br \/>\nJakiejkolwiek i czymkolwiek<br \/>\nPrzecie\u017c do domu<br \/>\nJa mam nie dotrze\u0107<br \/>\nA jak\u017ce by inaczej<\/p>\n<p style=\"text-align: center;\"><a href=\"https:\/\/youtu.be\/9TgfolwSfT0\"><em><strong>S.O.S<\/strong><\/em><\/a><\/p>\n","protected":false},"excerpt":{"rendered":"<p>Na pomoc \/ Ukrainie Mo\u017cesz patrze\u0107 spokojnie Jak Ukraina wykrwawia si\u0119 Ja nie mog\u0119 Bo zaraz to mo\u017ce si\u0119 Polska Wykrwawia\u0107 albo inne kraje Czy&hellip; <\/p>\n","protected":false},"author":1,"featured_media":0,"parent":0,"menu_order":0,"comment_status":"closed","ping_status":"closed","template":"","meta":{"footnotes":""},"class_list":["post-5341","page","type-page","status-publish","hentry"],"_links":{"self":[{"href":"https:\/\/hubertpietka.bialystok.pl\/index.php?rest_route=\/wp\/v2\/pages\/5341","targetHints":{"allow":["GET"]}}],"collection":[{"href":"https:\/\/hubertpietka.bialystok.pl\/index.php?rest_route=\/wp\/v2\/pages"}],"about":[{"href":"https:\/\/hubertpietka.bialystok.pl\/index.php?rest_route=\/wp\/v2\/types\/page"}],"author":[{"embeddable":true,"href":"https:\/\/hubertpietka.bialystok.pl\/index.php?rest_route=\/wp\/v2\/users\/1"}],"replies":[{"embeddable":true,"href":"https:\/\/hubertpietka.bialystok.pl\/index.php?rest_route=%2Fwp%2Fv2%2Fcomments&post=5341"}],"version-history":[{"count":1,"href":"https:\/\/hubertpietka.bialystok.pl\/index.php?rest_route=\/wp\/v2\/pages\/5341\/revisions"}],"predecessor-version":[{"id":5343,"href":"https:\/\/hubertpietka.bialystok.pl\/index.php?rest_route=\/wp\/v2\/pages\/5341\/revisions\/5343"}],"wp:attachment":[{"href":"https:\/\/hubertpietka.bialystok.pl\/index.php?rest_route=%2Fwp%2Fv2%2Fmedia&parent=5341"}],"curies":[{"name":"wp","href":"https:\/\/api.w.org\/{rel}","templated":true}]}}