{"id":5367,"date":"2022-03-03T21:48:58","date_gmt":"2022-03-03T21:48:58","guid":{"rendered":"http:\/\/hubertpietka.bialystok.pl\/?page_id=5367"},"modified":"2022-03-03T21:55:10","modified_gmt":"2022-03-03T21:55:10","slug":"ukra-ino-walcz-ino-patrz-dodatek-ktos-someone","status":"publish","type":"page","link":"https:\/\/hubertpietka.bialystok.pl\/?page_id=5367","title":{"rendered":"Ukra-*ino* walcz \/ *ino* patrz + DODATEK \/ Kto\u015b &#8211; Someone"},"content":{"rendered":"<p><em><strong>Ukra-*ino* walcz \/ *ino* patrz<\/strong><\/em><\/p>\n<p><strong>1.<\/strong><br \/>\nUkraina walczy<br \/>\nA \u015bwiat patrzy<br \/>\nCzy rzeczywi\u015bcie robi<br \/>\nTo co powinien<br \/>\nCzy si\u0119 mo\u017ce miga troch\u0119<\/p>\n<p><strong>2.<\/strong><br \/>\nA tak w og\u00f3le<br \/>\nTo ob\u0142uda ma si\u0119 dobrze<br \/>\nAbstrahuj\u0105c od sytuacji<br \/>\nI w \u015bwiecie<br \/>\nI w ma\u0142ym \u015bwiatku<\/p>\n<p>Jednak za ka\u017cd\u0105 ob\u0142ud\u0119<br \/>\nTrzeba b\u0119dzie zap\u0142aci\u0107<br \/>\nDotyczy to tej powszechnej<br \/>\nI indywidualnej<br \/>\nWcze\u015bniej czy p\u00f3\u017aniej jednak odpowiednio<\/p>\n<p><a href=\"http:\/\/hubertpietka.bialystok.pl\/wp-content\/uploads\/2022\/03\/IMG_20220303_220337.jpg\"><img loading=\"lazy\" decoding=\"async\" class=\"alignnone size-thumbnail wp-image-5368\" src=\"http:\/\/hubertpietka.bialystok.pl\/wp-content\/uploads\/2022\/03\/IMG_20220303_220337-150x150.jpg\" alt=\"\" width=\"150\" height=\"150\" srcset=\"https:\/\/hubertpietka.bialystok.pl\/wp-content\/uploads\/2022\/03\/IMG_20220303_220337-150x150.jpg 150w, https:\/\/hubertpietka.bialystok.pl\/wp-content\/uploads\/2022\/03\/IMG_20220303_220337-75x75.jpg 75w\" sizes=\"auto, (max-width: 150px) 100vw, 150px\" \/><\/a><\/p>\n<p><strong>Na zdj. Maryja mia\u017cd\u017c\u0105ca diab\u0142a<\/strong><br \/>\n<strong> Chocia\u017c wydaje si\u0119 \u017ce to ob\u0142uda mia\u017cd\u017cy<\/strong><br \/>\n<strong> To jednak b\u0119dzie zmia\u017cd\u017cona<\/strong><br \/>\n<strong> Podobnie ka\u017cdy fa\u0142sz i k\u0142amstwa<\/strong><br \/>\n<strong> Patrz\u0105c z pewnej perspektywy<\/strong><br \/>\n<strong> Na obrazie Matki Bo\u017cej Matki \u017bycia z Guadalupe<\/strong><br \/>\n<strong> Wida\u0107 \u017ce Maryja<\/strong><br \/>\n<strong> Depcze ob\u0142udnika i k\u0142amc\u0119<\/strong><br \/>\n<strong> Szatana g\u0142\u00f3wnego tych rzeczy sprawc\u0119<\/strong><\/p>\n<p style=\"text-align: center;\"><a href=\"https:\/\/youtu.be\/IHNL8e0YucA\"><em><strong>Pokorna s\u0142u\u017cebnico Pana \/ Modlitwa uwolnienia od wp\u0142ywu diab\u0142a &#8211; Aleksandra Nawrot \/ ks. Teodor<\/strong><\/em><\/a><\/p>\n<hr \/>\n<p><strong>+ DODATEK \/ Kto\u015b &#8211; <em>Someone<\/em><\/strong><\/p>\n<p>Kto\u015b przez du\u017ce K<br \/>\nBo jak inaczej<br \/>\n<em>Someone<\/em><br \/>\nI nie wiem o co i chodzi<br \/>\nBo czy\u017c to nie jest wielki i wspania\u0142y cz\u0142owiek<br \/>\nCa\u0142e szcz\u0119\u015bcie czuje si\u0119 tu bardzo swobodnie<br \/>\nOtwiera i zamyka co chce i kiedy chce<br \/>\nM\u00f3wi co\u015b tam i sobie a muzom<br \/>\nI w og\u00f3le si\u0119 nie kr\u0119puje<br \/>\nMusi czu\u0107 si\u0119 bardzo dobrze<br \/>\nTo wspaniale<br \/>\nJego szcz\u0119\u015bcie jest moim szcz\u0119\u015bciem<br \/>\nPrzecie\u017c nie mo\u017ce by\u0107 inaczej<br \/>\nA oni jednak i tak lubi\u0105 i ten moment<br \/>\nKiedy kto\u015b wchodzi czy wychodzi<br \/>\nAlbo kiedy jest otwarte<br \/>\nAle to tylko tak wychodzi i przecie\u017c mo\u017ce zwyczajnie<br \/>\nAle najwa\u017cniejsze \u017ce Kto\u015b <em>Someone<\/em><br \/>\nCzuje si\u0119 tak swobodnie<br \/>\nI \u017ce nie kr\u0119puj\u0105 go ograniczenia \u017cadne<br \/>\nAni inne wzgl\u0119dy tam jakie\u015b<\/p>\n","protected":false},"excerpt":{"rendered":"<p>Ukra-*ino* walcz \/ *ino* patrz 1. Ukraina walczy A \u015bwiat patrzy Czy rzeczywi\u015bcie robi To co powinien Czy si\u0119 mo\u017ce miga troch\u0119 2. A tak&hellip; <\/p>\n","protected":false},"author":1,"featured_media":0,"parent":0,"menu_order":0,"comment_status":"closed","ping_status":"closed","template":"","meta":{"footnotes":""},"class_list":["post-5367","page","type-page","status-publish","hentry"],"_links":{"self":[{"href":"https:\/\/hubertpietka.bialystok.pl\/index.php?rest_route=\/wp\/v2\/pages\/5367","targetHints":{"allow":["GET"]}}],"collection":[{"href":"https:\/\/hubertpietka.bialystok.pl\/index.php?rest_route=\/wp\/v2\/pages"}],"about":[{"href":"https:\/\/hubertpietka.bialystok.pl\/index.php?rest_route=\/wp\/v2\/types\/page"}],"author":[{"embeddable":true,"href":"https:\/\/hubertpietka.bialystok.pl\/index.php?rest_route=\/wp\/v2\/users\/1"}],"replies":[{"embeddable":true,"href":"https:\/\/hubertpietka.bialystok.pl\/index.php?rest_route=%2Fwp%2Fv2%2Fcomments&post=5367"}],"version-history":[{"count":3,"href":"https:\/\/hubertpietka.bialystok.pl\/index.php?rest_route=\/wp\/v2\/pages\/5367\/revisions"}],"predecessor-version":[{"id":5372,"href":"https:\/\/hubertpietka.bialystok.pl\/index.php?rest_route=\/wp\/v2\/pages\/5367\/revisions\/5372"}],"wp:attachment":[{"href":"https:\/\/hubertpietka.bialystok.pl\/index.php?rest_route=%2Fwp%2Fv2%2Fmedia&parent=5367"}],"curies":[{"name":"wp","href":"https:\/\/api.w.org\/{rel}","templated":true}]}}