{"id":537,"date":"2017-07-09T23:09:21","date_gmt":"2017-07-09T23:09:21","guid":{"rendered":"http:\/\/hubertpietka.bialystok.pl\/?page_id=537"},"modified":"2017-07-13T08:22:13","modified_gmt":"2017-07-13T08:22:13","slug":"hymny-2","status":"publish","type":"page","link":"https:\/\/hubertpietka.bialystok.pl\/?page_id=537","title":{"rendered":"Hymny"},"content":{"rendered":"<p><a href=\"https:\/\/www.youtube.com\/watch?v=J9w6_TDkLMA\"><strong>Hymn narkoman\u00f3w<\/strong>: \u201eNiewinni i ja\u201d \u2013 D\u017cem<\/a><\/p>\n<p><a href=\"https:\/\/www.youtube.com\/watch?v=CP_tOFWjMjw\"><strong>Hymn alkoholik\u00f3w<\/strong>: \u201eWhisky\u201d \u2013 D\u017cem<\/a><\/p>\n<p><a href=\"https:\/\/www.youtube.com\/watch?v=sm-DQrimRoQ\"><strong>Hymn bezdomnych<\/strong>: \u201eAutsajder\u201d \u2013 D\u017cem<\/a><\/p>\n<p><a href=\"https:\/\/www.youtube.com\/watch?v=4uH_bSWHl5U\"><strong>Hymn wolno\u015bci<\/strong>: \u201eHipis\u00f3wka\u201d \u2013 Kobranocka<\/a><\/p>\n<p><a href=\"https:\/\/www.youtube.com\/watch?v=OV5_LQArLa0\"><strong>Hymn mi\u0119dzyludzkiej solidarnosci\u00a0<\/strong> (Liverpool FC): \u201eYou&#8217;ll never walk alone\u201d &#8211; Gerry &amp; The Pacemakers<\/a><\/p>\n<p>&nbsp;<\/p>\n<p><a href=\"https:\/\/www.youtube.com\/watch?v=jbjbfUlX2Vc\"><strong>Hymn niepe\u0142nosprawnych<\/strong>: Luxtorpeda &#8211; &#8222;Hymn&#8221;<\/a><\/p>\n<p><a href=\"https:\/\/www.youtube.com\/watch?v=ubEvODY4j1M\"><strong>Hymn wariat\u00f3w<\/strong>: J. Kaczmarski, P. Gintrowski &#8211; &#8222;A my nie chcemy ucieka\u0107 st\u0105d&#8221;<\/a><\/p>\n<p>&nbsp;<\/p>\n<p><a href=\"https:\/\/www.youtube.com\/watch?v=j8KL63r9Zcw\"><strong>Hymn Maryjny \u2013 \u201eAve Maria\u201d<\/strong> (wyk. M. Callas)<\/a><\/p>\n<p><a href=\"https:\/\/www.youtube.com\/watch?v=eZRsoPmeZXk\">Hymn \u015aDM w Krakowie \u2013 \u201e<strong>B\u0142ogos\u0142awieni mi\u0142osierni<\/strong>\u201d<\/a><\/p>\n<p>&nbsp;<\/p>\n<p><a href=\"https:\/\/www.youtube.com\/watch?v=6BS-GgCCcOM\"><strong>Hymn Wykl\u0119tych<\/strong>: &#8222;Noc&#8221; &#8211; Panny Wykl\u0119te<\/a><\/p>\n<p><a href=\"https:\/\/www.youtube.com\/watch?v=jOkEc1kHHRo\"><strong>Hymn Katy\u0144ski:<\/strong> &#8222;Ostatni list&#8221; &#8211; L. Makowiecki<\/a><\/p>\n<p><a href=\"https:\/\/www.youtube.com\/watch?v=rTT_NSz_TAc\"><strong>Hymn Wojska Polskiego<\/strong>: &#8222;Marsz Pierwszej Brygady&#8221;\/&#8221;Legiony&#8221; (wyk. Ch\u00f3r Prawos\u0142awny Ordynariatu WP \u201eOktoich\u201d oraz Zesp\u00f3\u0142 Instrumentalny Orkiestry Reprezentacyjnej \u015al\u0105skiego Okr\u0119gu Wojskowego)<\/a><\/p>\n<p>&nbsp;<\/p>\n<p><a href=\"https:\/\/www.youtube.com\/watch?v=TSpEBBwkpPc\"><strong>Hymn Polski<\/strong>: &#8222;Mazurek D\u0105browskiego&#8221; (wyk. kibice)<\/a><\/p>\n<p>&nbsp;<\/p>\n<p><a href=\"https:\/\/www.youtube.com\/watch?v=tN9EC3Gy6Nk\">Hymn GB \u2013 \u201e<strong>God Save the Queen<\/strong>&#8221; (wyk. Cambridge University Musical Society, King&#8217;s College Choir, Cambridge, New Philharmonia Orchestra &amp; Philip Ledger)<\/a><\/p>\n<p><a href=\"https:\/\/www.youtube.com\/watch?v=oB2_j7c0d70\">Hymn USA \u2013 \u201c<strong>Gad Bless America<\/strong>&#8221; (wyk. C\u00e9line Dion)<\/a><\/p>\n<p>&nbsp;<\/p>\n<p><a href=\"https:\/\/www.youtube.com\/watch?v=h18k4lrfsL4\"><strong>Hymn dla wszystkich<\/strong>: &#8222;Dezyderata&#8221; (wyk. Zesp\u00f3\u0142 Piwnicy pod Baranami&#8221;)<\/a><\/p>\n<p><a href=\"https:\/\/www.youtube.com\/watch?v=GL2-OTITy-w\"><strong>2 hymn dla wszystkich:<\/strong> &#8222;Solidarno\u015b\u0107&#8221; &#8211; M. Grechuta<\/a><\/p>\n<p style=\"text-align: center;\">\/ album: Dziesi\u0119\u0107 Wa\u017cnych S\u0142\u00f3w;<\/p>\n<p style=\"text-align: center;\">tj. <a href=\"http:\/\/fzsbrodnica.franciszkanie.net\/print.php?type=A&amp;item_id=190\">Dekalog<\/a>;<\/p>\n<p style=\"text-align: center;\">tj.<a href=\"http:\/\/www.duchprawdy.com\/krucjatamilosci.htm\"> ABC Spo\u0142ecznej Krucjaty Mi\u0142o\u015bci &#8211; kard. S. Wyszy\u0144skiego<\/a>;<\/p>\n<p style=\"text-align: center;\">tj. <a href=\"http:\/\/www.faustynahelenow.pl\/modlitwy\/modlitwa-o-pogode-ducha.html\">Modlitwa o pogod\u0119 ducha (AA)<\/a>;<\/p>\n<p style=\"text-align: center;\">tj. <a href=\"http:\/\/www.fuw.edu.pl\/~jziel\/dezyderata.html\">Dezyderata<\/a>;<\/p>\n<p style=\"text-align: center;\">tj. <a href=\"http:\/\/www.biblijni.pl\/czytania_slubne\/19_ewangelia_8_blogoslawienstw.html\">8 b\u0142ogos\u0142awie\u0144stw<\/a>;<\/p>\n<p style=\"text-align: center;\">tj. <a href=\"http:\/\/www.katolicki.net\/index.php\/droga-do-boga\/droga-do-boga-przykazania-milosci.html\">Przykazanie Mi\u0142o\u015bci<\/a> \/<\/p>\n<p style=\"text-align: right;\">\ud83d\ude42<\/p>\n","protected":false},"excerpt":{"rendered":"<p>Hymn narkoman\u00f3w: \u201eNiewinni i ja\u201d \u2013 D\u017cem Hymn alkoholik\u00f3w: \u201eWhisky\u201d \u2013 D\u017cem Hymn bezdomnych: \u201eAutsajder\u201d \u2013 D\u017cem Hymn wolno\u015bci: \u201eHipis\u00f3wka\u201d \u2013 Kobranocka Hymn mi\u0119dzyludzkiej solidarnosci\u00a0&hellip; <\/p>\n","protected":false},"author":1,"featured_media":0,"parent":0,"menu_order":0,"comment_status":"closed","ping_status":"closed","template":"","meta":{"footnotes":""},"class_list":["post-537","page","type-page","status-publish","hentry"],"_links":{"self":[{"href":"https:\/\/hubertpietka.bialystok.pl\/index.php?rest_route=\/wp\/v2\/pages\/537","targetHints":{"allow":["GET"]}}],"collection":[{"href":"https:\/\/hubertpietka.bialystok.pl\/index.php?rest_route=\/wp\/v2\/pages"}],"about":[{"href":"https:\/\/hubertpietka.bialystok.pl\/index.php?rest_route=\/wp\/v2\/types\/page"}],"author":[{"embeddable":true,"href":"https:\/\/hubertpietka.bialystok.pl\/index.php?rest_route=\/wp\/v2\/users\/1"}],"replies":[{"embeddable":true,"href":"https:\/\/hubertpietka.bialystok.pl\/index.php?rest_route=%2Fwp%2Fv2%2Fcomments&post=537"}],"version-history":[{"count":15,"href":"https:\/\/hubertpietka.bialystok.pl\/index.php?rest_route=\/wp\/v2\/pages\/537\/revisions"}],"predecessor-version":[{"id":624,"href":"https:\/\/hubertpietka.bialystok.pl\/index.php?rest_route=\/wp\/v2\/pages\/537\/revisions\/624"}],"wp:attachment":[{"href":"https:\/\/hubertpietka.bialystok.pl\/index.php?rest_route=%2Fwp%2Fv2%2Fmedia&parent=537"}],"curies":[{"name":"wp","href":"https:\/\/api.w.org\/{rel}","templated":true}]}}