{"id":5383,"date":"2022-03-06T13:02:10","date_gmt":"2022-03-06T13:02:10","guid":{"rendered":"http:\/\/hubertpietka.bialystok.pl\/?page_id=5383"},"modified":"2022-03-06T13:02:10","modified_gmt":"2022-03-06T13:02:10","slug":"przyjdz-duchu-swiety-nie-oni","status":"publish","type":"page","link":"https:\/\/hubertpietka.bialystok.pl\/?page_id=5383","title":{"rendered":"Przyjd\u017a \/ Duchu \u015awi\u0119ty nie oni"},"content":{"rendered":"<p><em><strong>Przyjd\u017a \/ Duchu \u015awi\u0119ty nie oni<\/strong><\/em><\/p>\n<p>A c\u00f3\u017c to za armia niezwyci\u0119\u017cona<br \/>\nKt\u00f3ra upatruje sobie za g\u0142\u00f3wne cele<br \/>\nTakie czy inne obiekty cywilne<br \/>\nGwa\u0142ci zabija rabuje<br \/>\nC\u00f3\u017c to za niezwyci\u0119\u017cona armia<br \/>\nTaka zagadka<\/p>\n<p>A dlaczego tak si\u0119 w moj\u0105 \u017con\u0119 uderza<br \/>\nBo ona ze mn\u0105 tworzy nierozerwaln\u0105 jedno\u015b\u0107<br \/>\nOna mnie wsp\u00f3\u0142tworzy<br \/>\nA ja definiuj\u0119 si\u0119 z ni\u0105<br \/>\nI na odwr\u00f3t<br \/>\nTo nie jest \u017caden przypadek<br \/>\nB\u00f3g nam siebie wzajemnie da\u0142<br \/>\nWie o tym szatan zab\u00f3jca i k\u0142amca<br \/>\nDlatego tak uderza w nasz\u0105 jedno\u015b\u0107 ma\u0142\u017ce\u0144sk\u0105<\/p>\n<p>A ja c\u00f3\u017c<br \/>\nPrzecie\u017c zmia\u017cd\u017cony mam by\u0107<br \/>\nA jednak <em>wo\u0142am<\/em><br \/>\n<em> Duchu \u015awi\u0119ty przyjd\u017a<\/em> Ty<br \/>\nA oni niech nie przychodz\u0105<br \/>\nNie maj\u0105 nic swego tu w nas<br \/>\nDuchu \u015awi\u0119ty przyjd\u017a nie oni<\/p>\n<p><a href=\"http:\/\/hubertpietka.bialystok.pl\/wp-content\/uploads\/2022\/03\/IMG_20220306_134631.jpg\"><img loading=\"lazy\" decoding=\"async\" class=\"alignnone size-thumbnail wp-image-5384\" src=\"http:\/\/hubertpietka.bialystok.pl\/wp-content\/uploads\/2022\/03\/IMG_20220306_134631-150x150.jpg\" alt=\"\" width=\"150\" height=\"150\" srcset=\"https:\/\/hubertpietka.bialystok.pl\/wp-content\/uploads\/2022\/03\/IMG_20220306_134631-150x150.jpg 150w, https:\/\/hubertpietka.bialystok.pl\/wp-content\/uploads\/2022\/03\/IMG_20220306_134631-75x75.jpg 75w\" sizes=\"auto, (max-width: 150px) 100vw, 150px\" \/><\/a><\/p>\n<p><strong>Na zdj. Go\u0142\u0105bek symbol Ducha \u015awi\u0119tego<\/strong><br \/>\n<strong> Na ambonce S\u0142owa Bo\u017cego<\/strong><br \/>\n<strong> Pok\u00f3j nie jest czasem<\/strong><br \/>\n<strong> Darem danym raz na zawsze<\/strong><br \/>\n<strong> O pok\u00f3j trzeba czasem walczy\u0107<\/strong><\/p>\n<p style=\"text-align: center;\"><a href=\"https:\/\/youtu.be\/KBLZlNZozSs\"><em><strong>Duchu \u015awi\u0119ty wo\u0142am przyjd\u017a<\/strong><\/em><\/a><\/p>\n","protected":false},"excerpt":{"rendered":"<p>Przyjd\u017a \/ Duchu \u015awi\u0119ty nie oni A c\u00f3\u017c to za armia niezwyci\u0119\u017cona Kt\u00f3ra upatruje sobie za g\u0142\u00f3wne cele Takie czy inne obiekty cywilne Gwa\u0142ci zabija&hellip; <\/p>\n","protected":false},"author":1,"featured_media":0,"parent":0,"menu_order":0,"comment_status":"closed","ping_status":"closed","template":"","meta":{"footnotes":""},"class_list":["post-5383","page","type-page","status-publish","hentry"],"_links":{"self":[{"href":"https:\/\/hubertpietka.bialystok.pl\/index.php?rest_route=\/wp\/v2\/pages\/5383","targetHints":{"allow":["GET"]}}],"collection":[{"href":"https:\/\/hubertpietka.bialystok.pl\/index.php?rest_route=\/wp\/v2\/pages"}],"about":[{"href":"https:\/\/hubertpietka.bialystok.pl\/index.php?rest_route=\/wp\/v2\/types\/page"}],"author":[{"embeddable":true,"href":"https:\/\/hubertpietka.bialystok.pl\/index.php?rest_route=\/wp\/v2\/users\/1"}],"replies":[{"embeddable":true,"href":"https:\/\/hubertpietka.bialystok.pl\/index.php?rest_route=%2Fwp%2Fv2%2Fcomments&post=5383"}],"version-history":[{"count":1,"href":"https:\/\/hubertpietka.bialystok.pl\/index.php?rest_route=\/wp\/v2\/pages\/5383\/revisions"}],"predecessor-version":[{"id":5385,"href":"https:\/\/hubertpietka.bialystok.pl\/index.php?rest_route=\/wp\/v2\/pages\/5383\/revisions\/5385"}],"wp:attachment":[{"href":"https:\/\/hubertpietka.bialystok.pl\/index.php?rest_route=%2Fwp%2Fv2%2Fmedia&parent=5383"}],"curies":[{"name":"wp","href":"https:\/\/api.w.org\/{rel}","templated":true}]}}