{"id":5404,"date":"2022-03-12T01:51:37","date_gmt":"2022-03-12T01:51:37","guid":{"rendered":"http:\/\/hubertpietka.bialystok.pl\/?page_id=5404"},"modified":"2022-03-12T01:51:37","modified_gmt":"2022-03-12T01:51:37","slug":"niebo-sklon-sie-ku-ukrainie","status":"publish","type":"page","link":"https:\/\/hubertpietka.bialystok.pl\/?page_id=5404","title":{"rendered":"*Niebo-sk\u0142o\u0144* (si\u0119) \/ ku Ukrainie"},"content":{"rendered":"<p><em><strong>*Niebo-sk\u0142o\u0144* (si\u0119) \/ ku Ukrainie<\/strong><\/em><\/p>\n<p><strong>1.<\/strong><br \/>\nSkoro *<em>Migo-ja\u015bnienie*<\/em><br \/>\nTo niech *migi zaja\u015bniej\u0105* wreszcie<br \/>\nNa ukrai\u0144skim niebie<br \/>\nBo przestrze\u0144 nieba obrony<br \/>\nJest konieczna cho\u0107by przeciw bombardowaniu<\/p>\n<p style=\"text-align: center;\"><a href=\"https:\/\/youtu.be\/d1RxJKYoxs4\"><em><strong>Sabaton &#8211; Aces in exile<\/strong><\/em><\/a><\/p>\n<p><strong>2.<\/strong><br \/>\nA gazoci\u0105g p\u00f3\u0142nocny<br \/>\nJeden zamkni\u0119ty a drugi<br \/>\nA inne sankcje banki centralne<br \/>\nPieni\u0105dze wa\u017cniejsze ni\u017c \u017cycie ludzi<br \/>\nPrzecie\u017c z tego si\u0119 finansuje<br \/>\nWojn\u0119 na Ukrainie<br \/>\nCo jest wa\u017cniejsze<\/p>\n<p style=\"text-align: center;\"><a href=\"https:\/\/youtu.be\/LU9BXg39liM\"><em><strong>Kult &#8211; Wstyd<\/strong><\/em><\/a><\/p>\n<p><strong>3.<\/strong><br \/>\nA poza tym kr\u0105\u017c\u0105 pog\u0142oski<br \/>\n\u017be Rosja zamierza u\u017cy\u0107 broni<br \/>\nNie tradycyjnej zgodnej z konwencjami<br \/>\nLecz biologicznej i chemicznej<br \/>\nNie zwa\u017caj\u0105c na nic<br \/>\nC\u00f3\u017c tam cywile<\/p>\n<p>Jak cho\u0107by w Mariupolu<br \/>\nNie pozwala si\u0119 nawet na korytarz humanitarny<br \/>\nZ wod\u0105 po\u017cywieniem lekami<br \/>\nW obleganym mie\u015bcie<br \/>\nTak si\u0119 post\u0119puje z cywilami<br \/>\nMo\u017cna pociskami a mo\u017cna te\u017c<br \/>\nOdci\u0119ciem od \u017cyciowych potrzeb<br \/>\nZa to te\u017c odpowiedzialni b\u0119d\u0105<br \/>\nCi kt\u00f3rzy uniemo\u017cliwiaj\u0105 pomoc<br \/>\nZwyk\u0142ym prostym ludziom<\/p>\n<p><a href=\"http:\/\/hubertpietka.bialystok.pl\/wp-content\/uploads\/2022\/03\/IMG_20220312_015316.jpg\"><img loading=\"lazy\" decoding=\"async\" class=\"alignnone size-thumbnail wp-image-5405\" src=\"http:\/\/hubertpietka.bialystok.pl\/wp-content\/uploads\/2022\/03\/IMG_20220312_015316-150x150.jpg\" alt=\"\" width=\"150\" height=\"150\" srcset=\"https:\/\/hubertpietka.bialystok.pl\/wp-content\/uploads\/2022\/03\/IMG_20220312_015316-150x150.jpg 150w, https:\/\/hubertpietka.bialystok.pl\/wp-content\/uploads\/2022\/03\/IMG_20220312_015316-75x75.jpg 75w\" sizes=\"auto, (max-width: 150px) 100vw, 150px\" \/><\/a><\/p>\n<p><em>Na zdj. Kapliczka Maryjna w Mietlu<\/em><br \/>\n<em> Nie wszystko mo\u017cna zamie\u015b\u0107 miot\u0142\u0105<\/em><br \/>\n<em> Tak \u017ceby nie widzia\u0142 \u015bwiat<\/em><br \/>\n<em> Nie wszystko mo\u017cna przek\u0142ama\u0107<\/em><br \/>\n<em> Prawda wcze\u015bniej czy p\u00f3\u017aniej wyjdzie na jaw<\/em><\/p>\n<p><em>Maryjo wspieraj to oblegane miasto<\/em><br \/>\n<em> By\u0107 mo\u017ce od twego imienia maj\u0105ce nazw\u0119<\/em><br \/>\n<em> I ca\u0142\u0105 Ukrain\u0119<\/em><br \/>\n<em> I tych wszystkich kt\u00f3rzy<\/em><br \/>\n<em> Podejmuj\u0105 ka\u017cd\u0105 konieczn\u0105 pomoc<\/em><br \/>\n<em> By wesprze\u0107 Ukrai\u0144c\u00f3w<\/em><\/p>\n<p style=\"text-align: center;\"><a href=\"https:\/\/youtu.be\/-71hsnC6GAk\"><em><strong>O Pani ufno\u015b\u0107 nasza<\/strong><\/em><\/a><\/p>\n<p><strong>Dzi\u015b \u015bw. Alojzego Orione ju\u017c<\/strong><br \/>\n<strong> Niech ludzkie dobre dzie\u0142a<\/strong><br \/>\n<strong> Opatrzno\u015b\u0107 Bo\u017ca zawsze wspiera<\/strong><\/p>\n","protected":false},"excerpt":{"rendered":"<p>*Niebo-sk\u0142o\u0144* (si\u0119) \/ ku Ukrainie 1. Skoro *Migo-ja\u015bnienie* To niech *migi zaja\u015bniej\u0105* wreszcie Na ukrai\u0144skim niebie Bo przestrze\u0144 nieba obrony Jest konieczna cho\u0107by przeciw bombardowaniu&hellip; <\/p>\n","protected":false},"author":1,"featured_media":0,"parent":0,"menu_order":0,"comment_status":"closed","ping_status":"closed","template":"","meta":{"footnotes":""},"class_list":["post-5404","page","type-page","status-publish","hentry"],"_links":{"self":[{"href":"https:\/\/hubertpietka.bialystok.pl\/index.php?rest_route=\/wp\/v2\/pages\/5404","targetHints":{"allow":["GET"]}}],"collection":[{"href":"https:\/\/hubertpietka.bialystok.pl\/index.php?rest_route=\/wp\/v2\/pages"}],"about":[{"href":"https:\/\/hubertpietka.bialystok.pl\/index.php?rest_route=\/wp\/v2\/types\/page"}],"author":[{"embeddable":true,"href":"https:\/\/hubertpietka.bialystok.pl\/index.php?rest_route=\/wp\/v2\/users\/1"}],"replies":[{"embeddable":true,"href":"https:\/\/hubertpietka.bialystok.pl\/index.php?rest_route=%2Fwp%2Fv2%2Fcomments&post=5404"}],"version-history":[{"count":1,"href":"https:\/\/hubertpietka.bialystok.pl\/index.php?rest_route=\/wp\/v2\/pages\/5404\/revisions"}],"predecessor-version":[{"id":5406,"href":"https:\/\/hubertpietka.bialystok.pl\/index.php?rest_route=\/wp\/v2\/pages\/5404\/revisions\/5406"}],"wp:attachment":[{"href":"https:\/\/hubertpietka.bialystok.pl\/index.php?rest_route=%2Fwp%2Fv2%2Fmedia&parent=5404"}],"curies":[{"name":"wp","href":"https:\/\/api.w.org\/{rel}","templated":true}]}}