{"id":5430,"date":"2022-03-20T13:40:45","date_gmt":"2022-03-20T13:40:45","guid":{"rendered":"http:\/\/hubertpietka.bialystok.pl\/?page_id=5430"},"modified":"2022-03-21T23:37:27","modified_gmt":"2022-03-21T23:37:27","slug":"intencja-probierzem-czynow-i-serca","status":"publish","type":"page","link":"https:\/\/hubertpietka.bialystok.pl\/?page_id=5430","title":{"rendered":"Intencja \/ probierzem czyn\u00f3w i serca"},"content":{"rendered":"<p><em><strong>Intencja\u00a0\/ probierzem czyn\u00f3w i serca<\/strong><\/em><\/p>\n<p><strong>1.<\/strong><br \/>\nTaka si\u0119 refleksja<br \/>\nDzi\u015b rano zrodzi\u0142a we mnie<br \/>\nCa\u0142kowicie ewangeliczna<br \/>\n\u017be ka\u017cdy zap\u0142aci odpowiednio za swe czyny<br \/>\nI dobre i z\u0142e<\/p>\n<p>S\u0105 tacy kt\u00f3rzy sprawiedliwych udaj\u0105<br \/>\nA w sercu wszelkie plugastwa<br \/>\nB\u00f3g zna jednak intencje serca<br \/>\nBoga si\u0119 nie omami<br \/>\nTak jak mo\u017cna ludzi<\/p>\n<p><strong>2.<\/strong><br \/>\nA na nas dybi\u0105 ci\u0105gle<br \/>\nTylko na ka\u017cdego inaczej troch\u0119<br \/>\nA co te\u017c ja m\u00f3wi\u0119<br \/>\nPrzecie\u017c oni niewinnie i sprawiedliwie<br \/>\n\u015acigaj\u0105 przest\u0119pc\u00f3w straszliwych<\/p>\n<p>A sprawiedliwie wedle logiki pewnej<br \/>\nKto powiedzia\u0142 \u017ce logika owa<br \/>\nMusi by\u0107 na prawdzie oparta<br \/>\nTeza ma by\u0107 udowodniona<br \/>\nWed\u0142ug takich czy innych argument\u00f3w<\/p>\n<p><a href=\"http:\/\/hubertpietka.bialystok.pl\/wp-content\/uploads\/2022\/03\/IMG_20220320_142707.jpg\"><img loading=\"lazy\" decoding=\"async\" class=\"alignnone size-thumbnail wp-image-5431\" src=\"http:\/\/hubertpietka.bialystok.pl\/wp-content\/uploads\/2022\/03\/IMG_20220320_142707-150x150.jpg\" alt=\"\" width=\"150\" height=\"150\" srcset=\"https:\/\/hubertpietka.bialystok.pl\/wp-content\/uploads\/2022\/03\/IMG_20220320_142707-150x150.jpg 150w, https:\/\/hubertpietka.bialystok.pl\/wp-content\/uploads\/2022\/03\/IMG_20220320_142707-75x75.jpg 75w\" sizes=\"auto, (max-width: 150px) 100vw, 150px\" \/><\/a><\/p>\n<p><em>Na zdj. Maryja w przedwio\u015bniu<\/em><br \/>\n<em> W *Che\u0142m-cu* ko\u0142o *Straw-czyna*<\/em><br \/>\n<em> Trzeba przywdzia\u0107 che\u0142m spraw Bo\u017cych<\/em><br \/>\n<em> Opartych na prawdzie<\/em><br \/>\n<em> By *strawi\u0107 czyny* czyli ich dokonywa\u0107<\/em><br \/>\n<em> Wed\u0142ug zamys\u0142\u00f3w Bo\u017cych<\/em><br \/>\n<em> Cz\u0142owiek jest tylko cz\u0142owiek<\/em><br \/>\n<em> Ale w Bogu i w prawdzie<\/em><br \/>\n<em> On troch\u0119 przecie\u017c mo\u017ce<\/em><br \/>\n<em> A ka\u017cdy odpowiednio<\/em><br \/>\n<em> Maryjo ty jeste\u015b tego patronk\u0105<\/em><br \/>\n<em> Dzia\u0142a\u0144 w prawdzie w Bogu<\/em><\/p>\n<hr \/>\n<p style=\"text-align: center;\"><a href=\"https:\/\/youtu.be\/7kZtA3H0J0U\"><em><strong>Closerkeller &#8211; W moim kraju<\/strong><\/em><\/a><\/p>\n<hr \/>\n<p style=\"text-align: right;\"><em><strong><a href=\"https:\/\/youtu.be\/n5vmk7FBbiI\">Agnieszka Chyli\u0144ska &#8211; Winna<\/a><\/strong><\/em><\/p>\n<p style=\"text-align: left;\"><a href=\"https:\/\/youtu.be\/_xPUMBkVVP4\"><em><strong>My Riot ft. Anna Maria Jopek &#8211; Dzisiaj mnie kochasz, jutro nienawidzisz<\/strong><\/em><\/a><\/p>\n<p style=\"text-align: center;\"><strong>!<\/strong><\/p>\n","protected":false},"excerpt":{"rendered":"<p>Intencja\u00a0\/ probierzem czyn\u00f3w i serca 1. Taka si\u0119 refleksja Dzi\u015b rano zrodzi\u0142a we mnie Ca\u0142kowicie ewangeliczna \u017be ka\u017cdy zap\u0142aci odpowiednio za swe czyny I dobre&hellip; <\/p>\n","protected":false},"author":1,"featured_media":0,"parent":0,"menu_order":0,"comment_status":"closed","ping_status":"closed","template":"","meta":{"footnotes":""},"class_list":["post-5430","page","type-page","status-publish","hentry"],"_links":{"self":[{"href":"https:\/\/hubertpietka.bialystok.pl\/index.php?rest_route=\/wp\/v2\/pages\/5430","targetHints":{"allow":["GET"]}}],"collection":[{"href":"https:\/\/hubertpietka.bialystok.pl\/index.php?rest_route=\/wp\/v2\/pages"}],"about":[{"href":"https:\/\/hubertpietka.bialystok.pl\/index.php?rest_route=\/wp\/v2\/types\/page"}],"author":[{"embeddable":true,"href":"https:\/\/hubertpietka.bialystok.pl\/index.php?rest_route=\/wp\/v2\/users\/1"}],"replies":[{"embeddable":true,"href":"https:\/\/hubertpietka.bialystok.pl\/index.php?rest_route=%2Fwp%2Fv2%2Fcomments&post=5430"}],"version-history":[{"count":5,"href":"https:\/\/hubertpietka.bialystok.pl\/index.php?rest_route=\/wp\/v2\/pages\/5430\/revisions"}],"predecessor-version":[{"id":5439,"href":"https:\/\/hubertpietka.bialystok.pl\/index.php?rest_route=\/wp\/v2\/pages\/5430\/revisions\/5439"}],"wp:attachment":[{"href":"https:\/\/hubertpietka.bialystok.pl\/index.php?rest_route=%2Fwp%2Fv2%2Fmedia&parent=5430"}],"curies":[{"name":"wp","href":"https:\/\/api.w.org\/{rel}","templated":true}]}}