{"id":5454,"date":"2022-03-25T23:08:12","date_gmt":"2022-03-25T23:08:12","guid":{"rendered":"http:\/\/hubertpietka.bialystok.pl\/?page_id=5454"},"modified":"2022-03-30T22:28:55","modified_gmt":"2022-03-30T22:28:55","slug":"bohaterowie-wspolczesni-wspaniali-i-wielcy","status":"publish","type":"page","link":"https:\/\/hubertpietka.bialystok.pl\/?page_id=5454","title":{"rendered":"Bohaterowie wsp\u00f3\u0142cze\u015bni \/ wspaniali i wielcy"},"content":{"rendered":"<p><em><strong>Bohaterowie wsp\u00f3\u0142cze\u015bni \/ wspaniali i wielcy<\/strong><\/em><\/p>\n<p><strong>1. Swoisty teatrzyk : dramat<\/strong><\/p>\n<p><em>Postaci<\/em><\/p>\n<p>Cz\u0142owiek wielki<br \/>\nWspaniali bohaterowie<br \/>\nN\u0119dzarz<\/p>\n<p><em>Rekwizyty<\/em><br \/>\nPreteksty : takie czy inne<\/p>\n<p><em>Sceneria <\/em>wiejska<\/p>\n<p><em>Akt-ywna scena<\/em><\/p>\n<p>Cz\u0142owiek wielki wychodzi Wspania\u0142ym bohaterom<br \/>\nNaprzeciw : takim czy innym<br \/>\nPrzecie\u017c zawsze znajdzie si\u0119 pretekst<br \/>\nJaki\u015b : z tej czy tamtej strony<br \/>\nA Bohaterowie wspaniali<br \/>\nMusz\u0105 przecie\u017c w ko\u0144cu przyj\u015b\u0107<br \/>\nCz\u0142owiekowi wielkiemu w sukurs<br \/>\nA N\u0119dzarz ma by\u0107 skuty<\/p>\n<p>Wszystko ma by\u0107 zrealizowane<br \/>\nWed\u0142ug pewnych za\u0142o\u017ce\u0144<br \/>\nW tej sytuacji jedynie s\u0142usznych<\/p>\n<p><em>Scena bierna<\/em><\/p>\n<p>Ufam Panie<br \/>\n\u017be tak si\u0119 nie stanie<\/p>\n<p style=\"text-align: right;\"><a href=\"https:\/\/youtu.be\/eHb1tbKny2k\"><em><strong>El\u017cbieta Adamiak &#8211; Jesienna zaduma<\/strong><\/em><\/a><\/p>\n<p><strong>2. Teatr wojny<\/strong><\/p>\n<p>A na Ukrainie w Mariupolu<br \/>\nTeatr&#8230; zosta\u0142 zbombardowany&#8230; zgin\u0119\u0142o trzystu<br \/>\nAtakuje si\u0119 teatry szpitale szko\u0142y<br \/>\nA w nich cywili<br \/>\nWsp\u00f3\u0142czesna odmiana barbarzy\u0144stwa<br \/>\nKt\u00f3ra walczy z architektur\u0105 sztuk\u0105 nauk\u0105 cywiln\u0105<br \/>\nJak\u017ce\u017c jest \u015bwietna ta armia rosyjska<\/p>\n<p>W tym samym mie\u015bcie<br \/>\nI kilku innych<br \/>\nBlokuje si\u0119 te\u017c korytarze humanitarne<br \/>\nKt\u00f3re maj\u0105 pom\u00f3c cywilom<br \/>\nNiech umieraj\u0105 z pragnienia g\u0142odu<br \/>\nCywile w miastach obl\u0119\u017conych<br \/>\nPrzez niezwyci\u0119\u017con\u0105 armi\u0119 rosyjsk\u0105<br \/>\nNie mog\u0105 sobie poradzi\u0107 z wojskiem ukrai\u0144skim<br \/>\nTo wal\u0105 w cywil\u00f3w<br \/>\nWsp\u00f3\u0142czesne barbarzy\u0144stwo w XXI wieku<br \/>\nW nowoczesnej odmianie<br \/>\nKojarzone bardziej zdecydowanie<br \/>\nChyba z czasem troch\u0119 innych epok<\/p>\n<p style=\"text-align: right;\"><a href=\"https:\/\/youtu.be\/OOYO4dpHpJA\"><em><strong>Budka Suflera &#8211; Demony wojny<\/strong><\/em><\/a><\/p>\n<p><strong>3. Teatrzyki \u015bwi\u0119tokradcze<\/strong><\/p>\n<p>I chyba wszystkie \u015bwi\u0119to\u015bci Ko\u015bcio\u0142a<br \/>\nTu ju\u017c sprofanowano&#8230;<\/p>\n<p>Od Naj\u015bwi\u0119tszego Sakramentu sakrament pokuty<br \/>\nPo relikwiarze \u015bwi\u0119tych nawet<br \/>\nJa nie jestem szalony<br \/>\nSzaleni s\u0105 ci kt\u00f3rzy te \u015bwi\u0144stwa czyni\u0105<br \/>\nFa\u0142szywi ksi\u0119\u017ca niby celebracje \u015bwi\u0119tokradcze<br \/>\nA nawet fa\u0142szywy apel<br \/>\nKiedy\u015b zap\u0142ac\u0105 za to<br \/>\nBo to Boga oni wystawiaj\u0105 na pr\u00f3b\u0119<br \/>\nNie jak im si\u0119 wydaje \u017ce ludzi<\/p>\n<p><strong>4. \u015awiata arena<\/strong><\/p>\n<p>Odnosi si\u0119 wra\u017cenie czasem<br \/>\n\u017be ob\u0142uda i pod\u0142o\u015b\u0107<br \/>\nW tym \u015bwiecie dominuj\u0105<br \/>\n\u017be \u015bwiat na tym stoi<br \/>\n\u017be stan\u0105\u0142 na g\u0142owie<br \/>\n\u017be ci kt\u00f3rzy si\u0119 tych rzeczy dopuszczaj\u0105<br \/>\nCa\u0142kiem dobrze si\u0119 maj\u0105<br \/>\nAle to tylko do czasu<br \/>\nPrze\u0142amuje si\u0119 to i prze\u0142amie<br \/>\nA pyszni odp\u0142at\u0119 dostan\u0105<\/p>\n<p><a href=\"http:\/\/hubertpietka.bialystok.pl\/wp-content\/uploads\/2022\/03\/IMG_20220325_235706.jpg\"><img loading=\"lazy\" decoding=\"async\" class=\"alignnone size-thumbnail wp-image-5455\" src=\"http:\/\/hubertpietka.bialystok.pl\/wp-content\/uploads\/2022\/03\/IMG_20220325_235706-150x150.jpg\" alt=\"\" width=\"150\" height=\"150\" srcset=\"https:\/\/hubertpietka.bialystok.pl\/wp-content\/uploads\/2022\/03\/IMG_20220325_235706-150x150.jpg 150w, https:\/\/hubertpietka.bialystok.pl\/wp-content\/uploads\/2022\/03\/IMG_20220325_235706-75x75.jpg 75w\" sizes=\"auto, (max-width: 150px) 100vw, 150px\" \/><\/a><\/p>\n<p><em><strong>Na zdj. Maryja w sanktuarium pacanowskim<\/strong><\/em><br \/>\n<em><strong>Dzi\u015b Ko\u015bci\u00f3\u0142 Powszechny zawierzy\u0142 jej<\/strong><\/em><br \/>\n<em><strong>Ukrain\u0119 \u015bwiat i Rosj\u0119<\/strong><\/em><br \/>\n<em><strong>Chwa\u0142a Panu i ona dzia\u0142a<\/strong><\/em><br \/>\n<em><strong>I b\u0119dzie dzia\u0142a\u0107<\/strong><\/em><br \/>\n<em><strong>Zaczn\u0105 si\u0119 prze\u0142amywa\u0107 r\u00f3\u017cne b\u0142\u0119dy<\/strong><\/em><br \/>\n<em><strong>Z kt\u00f3rymi na d\u0142u\u017csz\u0105 met\u0119<\/strong><\/em><br \/>\n<em><strong>\u017by\u0107 si\u0119 normalnie nie da<\/strong><\/em><br \/>\n<em><strong>Ona z\u0142o pokona<\/strong><\/em><br \/>\n<em><strong>Trzeba si\u0119 tylko otwiera\u0107<\/strong><\/em><br \/>\n<em><strong>Na Boga w niej<\/strong><\/em><br \/>\n<em><strong>I w prawdzie dzia\u0142a\u0107<\/strong><\/em><\/p>\n<p style=\"text-align: center;\"><a href=\"https:\/\/youtu.be\/NYj3AUGtjRQ\"><strong><i>Mocni w Duchu &#8211; Maryjo Matko mojego wezwania<\/i><\/strong><\/a><\/p>\n","protected":false},"excerpt":{"rendered":"<p>Bohaterowie wsp\u00f3\u0142cze\u015bni \/ wspaniali i wielcy 1. Swoisty teatrzyk : dramat Postaci Cz\u0142owiek wielki Wspaniali bohaterowie N\u0119dzarz Rekwizyty Preteksty : takie czy inne Sceneria wiejska&hellip; <\/p>\n","protected":false},"author":1,"featured_media":0,"parent":0,"menu_order":0,"comment_status":"closed","ping_status":"closed","template":"","meta":{"footnotes":""},"class_list":["post-5454","page","type-page","status-publish","hentry"],"_links":{"self":[{"href":"https:\/\/hubertpietka.bialystok.pl\/index.php?rest_route=\/wp\/v2\/pages\/5454","targetHints":{"allow":["GET"]}}],"collection":[{"href":"https:\/\/hubertpietka.bialystok.pl\/index.php?rest_route=\/wp\/v2\/pages"}],"about":[{"href":"https:\/\/hubertpietka.bialystok.pl\/index.php?rest_route=\/wp\/v2\/types\/page"}],"author":[{"embeddable":true,"href":"https:\/\/hubertpietka.bialystok.pl\/index.php?rest_route=\/wp\/v2\/users\/1"}],"replies":[{"embeddable":true,"href":"https:\/\/hubertpietka.bialystok.pl\/index.php?rest_route=%2Fwp%2Fv2%2Fcomments&post=5454"}],"version-history":[{"count":5,"href":"https:\/\/hubertpietka.bialystok.pl\/index.php?rest_route=\/wp\/v2\/pages\/5454\/revisions"}],"predecessor-version":[{"id":5477,"href":"https:\/\/hubertpietka.bialystok.pl\/index.php?rest_route=\/wp\/v2\/pages\/5454\/revisions\/5477"}],"wp:attachment":[{"href":"https:\/\/hubertpietka.bialystok.pl\/index.php?rest_route=%2Fwp%2Fv2%2Fmedia&parent=5454"}],"curies":[{"name":"wp","href":"https:\/\/api.w.org\/{rel}","templated":true}]}}