{"id":5462,"date":"2022-03-27T22:58:24","date_gmt":"2022-03-27T22:58:24","guid":{"rendered":"http:\/\/hubertpietka.bialystok.pl\/?page_id=5462"},"modified":"2022-03-30T23:08:22","modified_gmt":"2022-03-30T23:08:22","slug":"obluda-z-prawda-walczy-jak-z-postem-pozadliwosci-wszelakie","status":"publish","type":"page","link":"https:\/\/hubertpietka.bialystok.pl\/?page_id=5462","title":{"rendered":"Ob\u0142uda z prawd\u0105 walczy \/ jak z postem po\u017c\u0105dliwo\u015bci wszelakie"},"content":{"rendered":"<p><em><strong>Ob\u0142uda z prawd\u0105 walczy \/ jak z postem po\u017c\u0105dliwo\u015bci wszelakie<\/strong><\/em><\/p>\n<p><strong>1.<\/strong><br \/>\nDzi\u015b Pan przed wami stawia<br \/>\nPrawd\u0119 i ob\u0142ud\u0119<br \/>\nWybieracie wi\u0119c czy chcecie \u017cy\u0107<br \/>\nBo ob\u0142uda ma sw\u00f3j wym\u00f3g<br \/>\nTrzeba w niej \u015bpiewa\u0107 do\u015b\u0107 zgodnym ch\u00f3rem<br \/>\nA je\u015bli wykroczysz przeciw niej<br \/>\nTo ci\u0119 zje<br \/>\nAle jak ju\u017c wyczy\u015bci przeciwko niej wszystkich<br \/>\nTo zwr\u00f3ci si\u0119 wobec swoich<br \/>\nW\u0119\u017ce zaczn\u0105 po\u017cera\u0107 \u017cmije<br \/>\nBo ob\u0142uda to rzecz szata\u0144ska<br \/>\nCzy si\u0119 tego chce czy jak tam inaczej<br \/>\nA szatan zawsze na koniec<br \/>\nPo\u017cre w\u0142asne dzieci<br \/>\nCzyli tych kt\u00f3rzy ob\u0142ud\u0105 chc\u0105 \u017cy\u0107 czy<br \/>\nPo prostu godz\u0105 si\u0119 na<br \/>\n\u015awiat w kt\u00f3rym wygrywa ob\u0142uda<br \/>\nZ prawd\u0105 i czysto\u015bci pokor\u0105<br \/>\nCzyli domen\u0105 Bo\u017c\u0105<\/p>\n<p style=\"text-align: right;\"><a href=\"https:\/\/youtu.be\/zco39I-_wL0\"><em><strong>KSU &#8211; Id\u017a pod pr\u0105d<\/strong><\/em><\/a><\/p>\n<p><strong>2.<\/strong><br \/>\nA c\u00f3\u017c to za wielkie idee takie<br \/>\nA c\u00f3\u017c to za nowy \u015bwiat wspania\u0142y<br \/>\nKt\u00f3ry zasadza si\u0119 na n\u0119dzarzy<br \/>\nKt\u00f3ry chce zmia\u017cd\u017cy\u0107 maluczkich<br \/>\n\u015awiat p\u00f3\u0142\u015bwiatek i \u0107wier\u0107\u015bwiatki<br \/>\nWiedz\u0105 jak to robi\u0107<br \/>\nWsp\u00f3\u0142pracuj\u0105c zgodnie w szczytnym celu<br \/>\nEliminacji <em>element\u00f3w spo\u0142ecznie niepo\u017c\u0105danych<\/em><br \/>\nCzy to co\u015b przypomina<br \/>\nEch wr\u00f3\u0107 komuno<br \/>\nZe mn\u0105 troch\u0119 inaczej<br \/>\nZ moj\u0105 \u017con\u0105<br \/>\nNaszym i naszymi<br \/>\nBo przecie\u017c porz\u0105dek musi by\u0107<br \/>\nW\u0142a\u015bciwy jedyny<br \/>\nBez element\u00f3w k\u0142opotliwych<br \/>\nA wszystko ma by\u0107 podporz\u0105dkowane<br \/>\nIdeom nowego wspania\u0142ego *\u015bwiat(k)a*<br \/>\nA *\u015bwia(dt)kowie* przest\u0119pstw naszych<br \/>\nJu\u017c bior\u0105 kamienie<br \/>\nW jedynie s\u0142usznym celu<br \/>\nA czy\u017c sami krystaliczni tacy<br \/>\nNo ale przecie\u017c trzeba<br \/>\n<em>Wyeliminowa\u0107 element niepo\u017c\u0105dany<\/em><br \/>\nA sk\u0105d te powroty<br \/>\nDo PRL-owskich schemat\u00f3w<br \/>\nW Polsce XXI wieku<br \/>\nSk\u0105d te t\u0119sknoty<br \/>\nWidocznie takiej Polski<br \/>\nCho\u0107 mo\u017ce w innych pi\u00f3rkach<br \/>\nBrakuje wielu na\u00a0<em>podw\u00f3rku<\/em><\/p>\n<p><em><a href=\"http:\/\/hubertpietka.bialystok.pl\/wp-content\/uploads\/2022\/03\/IMG_20220328_005333.jpg\"><img loading=\"lazy\" decoding=\"async\" class=\"alignnone size-thumbnail wp-image-5463\" src=\"http:\/\/hubertpietka.bialystok.pl\/wp-content\/uploads\/2022\/03\/IMG_20220328_005333-150x150.jpg\" alt=\"\" width=\"150\" height=\"150\" srcset=\"https:\/\/hubertpietka.bialystok.pl\/wp-content\/uploads\/2022\/03\/IMG_20220328_005333-150x150.jpg 150w, https:\/\/hubertpietka.bialystok.pl\/wp-content\/uploads\/2022\/03\/IMG_20220328_005333-75x75.jpg 75w\" sizes=\"auto, (max-width: 150px) 100vw, 150px\" \/><\/a><\/em><\/p>\n<p><em>Na zdj. Sanktuarium piotrkowickie<\/em><br \/>\n<em> Domek Maryi Loreta\u0144skiej<\/em><br \/>\n<em> Tam najlepiej si\u0119 schroni\u0107<\/em><br \/>\n<em> Jak co\u015b nie wychodzi<\/em><br \/>\n<em> W Domku Maryi<\/em><br \/>\n<em> Czyli jej Niepokalanym Sercu<\/em><br \/>\n<em> Bardzo jako\u015b ukocha\u0142em to miejsce<\/em><br \/>\n<em> I cho\u0107 to nie s\u0105 \u0142atwe czasy<\/em><br \/>\n<em> W Sercu Maryi si\u0119 chroni\u0119<\/em><br \/>\n<em> Bliskich moich i nasze<\/em><br \/>\n<em> A Maryja zna swoje dzieci<\/em><\/p>\n<p><strong>Jutro \u015bw. *Peregryna*<\/strong><br \/>\n<strong> Niech jej *peleryna* nakryje<\/strong><br \/>\n<strong> Te\u017c Walcz\u0105c\u0105 Ukrain\u0119<\/strong><br \/>\n<strong> I inne kraje<\/strong><br \/>\n<strong> Kt\u00f3re nie daj Bo\u017ce<\/strong><br \/>\n<strong> By spotka\u0142 los podobny<\/strong><br \/>\n<strong> W tym Polsk\u0119<\/strong><br \/>\n<strong> Bo\u017ce wspomagaj Ukrain\u0119<\/strong><br \/>\n<strong> Wiem \u017ce z ni\u0105 jeste\u015b<\/strong><br \/>\n<strong> W tych tak trudnych chwilach<\/strong><\/p>\n","protected":false},"excerpt":{"rendered":"<p>Ob\u0142uda z prawd\u0105 walczy \/ jak z postem po\u017c\u0105dliwo\u015bci wszelakie 1. Dzi\u015b Pan przed wami stawia Prawd\u0119 i ob\u0142ud\u0119 Wybieracie wi\u0119c czy chcecie \u017cy\u0107 Bo&hellip; <\/p>\n","protected":false},"author":1,"featured_media":0,"parent":0,"menu_order":0,"comment_status":"closed","ping_status":"closed","template":"","meta":{"footnotes":""},"class_list":["post-5462","page","type-page","status-publish","hentry"],"_links":{"self":[{"href":"https:\/\/hubertpietka.bialystok.pl\/index.php?rest_route=\/wp\/v2\/pages\/5462","targetHints":{"allow":["GET"]}}],"collection":[{"href":"https:\/\/hubertpietka.bialystok.pl\/index.php?rest_route=\/wp\/v2\/pages"}],"about":[{"href":"https:\/\/hubertpietka.bialystok.pl\/index.php?rest_route=\/wp\/v2\/types\/page"}],"author":[{"embeddable":true,"href":"https:\/\/hubertpietka.bialystok.pl\/index.php?rest_route=\/wp\/v2\/users\/1"}],"replies":[{"embeddable":true,"href":"https:\/\/hubertpietka.bialystok.pl\/index.php?rest_route=%2Fwp%2Fv2%2Fcomments&post=5462"}],"version-history":[{"count":3,"href":"https:\/\/hubertpietka.bialystok.pl\/index.php?rest_route=\/wp\/v2\/pages\/5462\/revisions"}],"predecessor-version":[{"id":5479,"href":"https:\/\/hubertpietka.bialystok.pl\/index.php?rest_route=\/wp\/v2\/pages\/5462\/revisions\/5479"}],"wp:attachment":[{"href":"https:\/\/hubertpietka.bialystok.pl\/index.php?rest_route=%2Fwp%2Fv2%2Fmedia&parent=5462"}],"curies":[{"name":"wp","href":"https:\/\/api.w.org\/{rel}","templated":true}]}}