{"id":5482,"date":"2022-04-01T11:29:21","date_gmt":"2022-04-01T11:29:21","guid":{"rendered":"http:\/\/hubertpietka.bialystok.pl\/?page_id=5482"},"modified":"2022-04-01T11:29:21","modified_gmt":"2022-04-01T11:29:21","slug":"zbrodnie-za-niegodziwa-mamone","status":"publish","type":"page","link":"https:\/\/hubertpietka.bialystok.pl\/?page_id=5482","title":{"rendered":"Zbrodnie \/ za niegodziw\u0105 mamon\u0119"},"content":{"rendered":"<p><em><strong>Zbrodnie \/ za niegodziw\u0105 mamon\u0119<\/strong><\/em><\/p>\n<p>S\u0105 ludzie mali i podli<br \/>\nKt\u00f3rzy dla kasy<br \/>\nNie cofn\u0105 si\u0119 przed \u017cadn\u0105 zbrodni\u0105<br \/>\nNiekt\u00f3rzy nawet mog\u0105<br \/>\nZabi\u0107 dzieci swoje<br \/>\nDla kasy i z l\u0119ku o siebie<br \/>\nNawet ich to nie odstrasza<br \/>\n\u017be sko\u0144czy\u0107 si\u0119 mo\u017ce \u015bwiat<br \/>\nCo wtedy zrobi\u0105 z t\u0105 kas\u0105<br \/>\nZ deszczu w wodospad<\/p>\n<p>Wszystko tu powiedzia\u0142em<br \/>\nJak to ewentualnie b\u0119dzie wygl\u0105da\u0142o<br \/>\nCz\u0142owiek wielki wyjdzie<br \/>\nBohaterom wspania\u0142ym na przeciw<br \/>\n<em>Vel<\/em> weso\u0142ym rubasznikom<br \/>\nBo to ja mo\u017ce lub kto\u015b bliski najpierw<br \/>\nTo cz\u0142owiek wielki z nimi dope\u0142ni ju\u017c wszystko<br \/>\nI jeszcze ten pi\u0119kny moment<br \/>\nJak kto\u015b wchodzi tu czy wychodzi<br \/>\nW zale\u017cno\u015bci jak to jest wielki cz\u0142owiek<br \/>\nTo dawaj wspaniali bohaterowie<br \/>\nA jak my to mo\u017ce jaka\u015b aferka<br \/>\nI musi by\u0107 przy tym cz\u0142owiek wielki<br \/>\nCzy\u017c nie tak to ma wygl\u0105da\u0107 w zarysie faktograficznym<br \/>\nA ja ju\u017c mam wra\u017cenie<br \/>\n\u017be oni chc\u0105 si\u0119 tu wpakowa\u0107 nawet na hama<\/p>\n<p>Czy my\u015blicie \u017ce jakby sta\u0142o si\u0119 tak<br \/>\n\u017be B\u00f3g si\u0119 nie upomni o krew nasz\u0105<br \/>\nTak jak na Ukrainie<br \/>\nB\u00f3g si\u0119 upomni o krew poleg\u0142ych obro\u0144c\u00f3w i pomordowanych cywil\u00f3w<br \/>\nU ka\u017cdego Rosjanina<br \/>\nBo to oni s\u0105 przecie\u017c agresorami<br \/>\nTo oni Ukrain\u0119 napadli<br \/>\nI dzieje si\u0119 to wszystko na oczach \u015bwiata<br \/>\nA B\u00f3g w swoim czasie odpowiednio zadzia\u0142a<\/p>\n<p>A jaki\u017c to w\u0105\u017c ma blisk\u0105 mi osob\u0119 uk\u0142u\u0107<br \/>\nZ odpowiedniej odleg\u0142o\u015bci i gdziekolwiek<br \/>\nTen kt\u00f3ry ma do niej jaki\u015b dost\u0119p<br \/>\nW zasi\u0119gu jadu kt\u00f3rego si\u0119 ona akurat znajduje<br \/>\nCzy\u017c B\u00f3g tego nie widzi<\/p>\n<p><a href=\"http:\/\/hubertpietka.bialystok.pl\/wp-content\/uploads\/2022\/04\/IMG_20220401_131345.jpg\"><img loading=\"lazy\" decoding=\"async\" class=\"alignnone size-thumbnail wp-image-5483\" src=\"http:\/\/hubertpietka.bialystok.pl\/wp-content\/uploads\/2022\/04\/IMG_20220401_131345-150x150.jpg\" alt=\"\" width=\"150\" height=\"150\" srcset=\"https:\/\/hubertpietka.bialystok.pl\/wp-content\/uploads\/2022\/04\/IMG_20220401_131345-150x150.jpg 150w, https:\/\/hubertpietka.bialystok.pl\/wp-content\/uploads\/2022\/04\/IMG_20220401_131345-75x75.jpg 75w\" sizes=\"auto, (max-width: 150px) 100vw, 150px\" \/><\/a><\/p>\n<p><em><strong>Na zdj. \u015aw. J\u00f3zef na pierwszym planie<\/strong><\/em><br \/>\n<em><strong> Dalej Mi\u0142osierny Jezus i Fatimska Matka<\/strong><\/em><br \/>\n<em><strong> Jezus Maryja J\u00f3zef w *Stop-nic-y*<\/strong><\/em><br \/>\n<em><strong> *Stop nic to* nie jest bynajmniej<\/strong><\/em><br \/>\n<em><strong> Ka\u017cdy zap\u0142aci za czyny swoje<\/strong><\/em><br \/>\n<em><strong> Nawet za zbrodni zarodek w sobie<\/strong><\/em><br \/>\n<em><strong> Gdy na niego odpowiedzie\u0107 pr\u00f3buje<\/strong><\/em><br \/>\n<em><strong> Je\u015bli si\u0119 nie nawr\u00f3ci<\/strong><\/em><\/p>\n<p style=\"text-align: center;\"><a href=\"https:\/\/youtu.be\/RgG5zYe1ZiM\"><em><strong style=\"font-style: italic;\">Co si\u0119 z nami sta\u0142o &#8211; Strachy na Lachy\u00a0<\/strong><\/em><\/a><\/p>\n<p style=\"text-align: right;\">(?)<\/p>\n","protected":false},"excerpt":{"rendered":"<p>Zbrodnie \/ za niegodziw\u0105 mamon\u0119 S\u0105 ludzie mali i podli Kt\u00f3rzy dla kasy Nie cofn\u0105 si\u0119 przed \u017cadn\u0105 zbrodni\u0105 Niekt\u00f3rzy nawet mog\u0105 Zabi\u0107 dzieci swoje&hellip; <\/p>\n","protected":false},"author":1,"featured_media":0,"parent":0,"menu_order":0,"comment_status":"closed","ping_status":"closed","template":"","meta":{"footnotes":""},"class_list":["post-5482","page","type-page","status-publish","hentry"],"_links":{"self":[{"href":"https:\/\/hubertpietka.bialystok.pl\/index.php?rest_route=\/wp\/v2\/pages\/5482","targetHints":{"allow":["GET"]}}],"collection":[{"href":"https:\/\/hubertpietka.bialystok.pl\/index.php?rest_route=\/wp\/v2\/pages"}],"about":[{"href":"https:\/\/hubertpietka.bialystok.pl\/index.php?rest_route=\/wp\/v2\/types\/page"}],"author":[{"embeddable":true,"href":"https:\/\/hubertpietka.bialystok.pl\/index.php?rest_route=\/wp\/v2\/users\/1"}],"replies":[{"embeddable":true,"href":"https:\/\/hubertpietka.bialystok.pl\/index.php?rest_route=%2Fwp%2Fv2%2Fcomments&post=5482"}],"version-history":[{"count":1,"href":"https:\/\/hubertpietka.bialystok.pl\/index.php?rest_route=\/wp\/v2\/pages\/5482\/revisions"}],"predecessor-version":[{"id":5484,"href":"https:\/\/hubertpietka.bialystok.pl\/index.php?rest_route=\/wp\/v2\/pages\/5482\/revisions\/5484"}],"wp:attachment":[{"href":"https:\/\/hubertpietka.bialystok.pl\/index.php?rest_route=%2Fwp%2Fv2%2Fmedia&parent=5482"}],"curies":[{"name":"wp","href":"https:\/\/api.w.org\/{rel}","templated":true}]}}