{"id":5489,"date":"2022-04-03T12:03:37","date_gmt":"2022-04-03T12:03:37","guid":{"rendered":"http:\/\/hubertpietka.bialystok.pl\/?page_id=5489"},"modified":"2022-05-25T08:31:23","modified_gmt":"2022-05-25T08:31:23","slug":"funny-i-ja-familia","status":"publish","type":"page","link":"https:\/\/hubertpietka.bialystok.pl\/?page_id=5489","title":{"rendered":"*Funny i ja* \/ *familia*"},"content":{"rendered":"<p><em><strong>*Funny i ja* \/ *familia*<\/strong><\/em><\/p>\n<p>Jest pewna cudowna rodzina<br \/>\nKt\u00f3ra bardzo si\u0119 kocha wzajemnie<br \/>\nNiestety musia\u0142a odda\u0107 sw\u0105 matk\u0119 i \u017con\u0119<br \/>\nDo ZOL-u a to bynajmniej nie jest hospicjum<br \/>\nI cho\u0107 szybko si\u0119 tam odesz\u0142o biedaczce<br \/>\nTo przecie\u017c rodzina kocha si\u0119 bardzo dalej<br \/>\nTo rodzina te\u017c tak si\u0119 kocha z s\u0105siadami<br \/>\n\u017be z jednym ma dwa p\u0142oty mi\u0119dzy sob\u0105 dalej<br \/>\nAle to im nie przeszkadza je\u017adzi\u0107 razem w niedziel\u0119 na Msz\u0119<br \/>\nZ drugim nie rozmawiaj\u0105 cho\u0107 rodzina<br \/>\nAle og\u00f3lnie to kwitnie s\u0105siedzka przyja\u017a\u0144<br \/>\nI oni zamierzaj\u0105 zareagowa\u0107 w sprawie pewnej mamy<br \/>\nMimo \u017ce swoj\u0105 si\u0119 jako\u015b nie umieli zaj\u0105\u0107<br \/>\nOni i im podobni<br \/>\nA czy\u017c w rodzinie twojej jest te\u017c tak idealnie<br \/>\nA mo\u017ce to ty musisz ju\u017c zareagowa\u0107<br \/>\nI pierwszy rzuci\u0107 kamieniem<br \/>\n<strong>Ps. Takich pi\u0119knych rodzin<\/strong><br \/>\n<strong> Przecie\u017c troch\u0119 tu jest<\/strong><br \/>\n<strong>I w og\u00f3le wspania\u0142ego bohaterstwa<\/strong><br \/>\n<strong>Takiego czy innego<\/strong><br \/>\n<strong> Kt\u00f3re b\u0119dzie wiedzia\u0142o jak zareagowa\u0107<\/strong><\/p>\n<p>A pewien cz\u0142owiek wielki<br \/>\nNiepe\u0142nosprawny w stopniu znacznym<br \/>\nKt\u00f3ry w domu jak to si\u0119 m\u00f3wi<br \/>\n<em>Ani r\u0119k\u0105 ani nog\u0105<\/em><br \/>\nW czynie spo\u0142ecznym<br \/>\nPotrafi si\u0119 zdoby\u0107 na takie po\u015bwi\u0119cenie<br \/>\n\u017be i zdrowym osobom mocno zasypan\u0105 \u015bcie\u017ck\u0119<br \/>\n\u0141opat\u0105 pi\u0119knie \u015bnieg odgarnie<br \/>\nA to wcale nie taka oczywista sprawa<br \/>\nKto to robi\u0142 ten wie<br \/>\nI to wcale obszar niema\u0142y bynajmniej<br \/>\nWspania\u0142y przyk\u0142ad dla innych<br \/>\nJak mo\u017cna si\u0119 po\u015bwi\u0119ci\u0107<br \/>\nNawet niepe\u0142nosprawno\u015b\u0107 swoj\u0105 przezwyci\u0119\u017cy\u0107<br \/>\nWz\u00f3r wr\u0119cz \u015bwietlany<\/p>\n<p>Jak\u017ce niezbadane s\u0105 \u015bcie\u017cki Bo\u017ce<br \/>\nBynajmniej nie tylko apropo tych od\u015bnie\u017canych \u015bcie\u017cek<br \/>\nWcale nie mia\u0142em ochoty i\u015b\u0107 dzisiaj na schol\u0119<br \/>\nAle B\u00f3g powiedzia\u0142 do mnie<br \/>\n<em>P\u00f3jd\u017a bo normalnie to ka\u017cdy rodzic<\/em><br \/>\n<em> Kocha dzieci swoje nawet krn\u0105brne<\/em><br \/>\n<em>A to jest przecie\u017c mimo wszystko dziecko twoje<\/em><br \/>\nCho\u0107 kosztuje ci\u0119 wiele<br \/>\nMi\u0142o\u015b\u0107 jednak musi kosztowa\u0107 czasem<br \/>\nTak zrobi\u0142em<\/p>\n<p><a href=\"http:\/\/hubertpietka.bialystok.pl\/wp-content\/uploads\/2022\/04\/IMG_20220403_135622.jpg\"><img loading=\"lazy\" decoding=\"async\" class=\"alignnone size-thumbnail wp-image-5490\" src=\"http:\/\/hubertpietka.bialystok.pl\/wp-content\/uploads\/2022\/04\/IMG_20220403_135622-150x150.jpg\" alt=\"\" width=\"150\" height=\"150\" srcset=\"https:\/\/hubertpietka.bialystok.pl\/wp-content\/uploads\/2022\/04\/IMG_20220403_135622-150x150.jpg 150w, https:\/\/hubertpietka.bialystok.pl\/wp-content\/uploads\/2022\/04\/IMG_20220403_135622-75x75.jpg 75w\" sizes=\"auto, (max-width: 150px) 100vw, 150px\" \/><\/a><a href=\"http:\/\/hubertpietka.bialystok.pl\/wp-content\/uploads\/2022\/04\/IMG_20220403_140131.jpg\"><img loading=\"lazy\" decoding=\"async\" class=\"alignnone size-thumbnail wp-image-5491\" src=\"http:\/\/hubertpietka.bialystok.pl\/wp-content\/uploads\/2022\/04\/IMG_20220403_140131-150x150.jpg\" alt=\"\" width=\"150\" height=\"150\" srcset=\"https:\/\/hubertpietka.bialystok.pl\/wp-content\/uploads\/2022\/04\/IMG_20220403_140131-150x150.jpg 150w, https:\/\/hubertpietka.bialystok.pl\/wp-content\/uploads\/2022\/04\/IMG_20220403_140131-75x75.jpg 75w\" sizes=\"auto, (max-width: 150px) 100vw, 150px\" \/><\/a><\/p>\n<p><em><strong>Na zdj. Wspaniale odgarni\u0119te \u015bcie\u017cki<\/strong><\/em><br \/>\n<em><strong> Przez pewnego wielkiego cz\u0142owieka<\/strong><\/em><br \/>\n<em><strong> W czynie spo\u0142ecznym<\/strong><\/em><br \/>\n<em><strong> Prowad\u017a mnie i nas Panie<\/strong><\/em><br \/>\n<em><strong> Twoimi \u015bcie\u017ckami amen<\/strong><\/em><br \/>\n<em><strong> Ave Maryja<\/strong><\/em><br \/>\n<em><strong> Ty\u015b dr\u00f3g naszych Przewodniczka<\/strong><\/em><\/p>\n<p style=\"text-align: center;\"><a href=\"https:\/\/youtu.be\/7G-pZ-lYHAU\"><strong>Szlachetny czyn spo\u0142eczny \/ Do roboty<\/strong> \/\/ czyli &#8211; z opisu:\u00a0<em>Pi\u0119kne przezwyci\u0119\u017cenie niepe\u0142nosprawno\u015bci w szlachetnym czynie spo\u0142ecznym.<\/em> Podk\u0142ad muzyczny: <em>Do roboty. Z\u0142ote przeboje socjalizmu.<\/em><\/a><\/p>\n<p style=\"text-align: right;\"><a href=\"https:\/\/youtu.be\/faPFQq8Od4I\"><b><i>Sami swoi &#8211; S\u0105d s\u0105dem, a sprawiedliwo\u015b\u0107<\/i><\/b><\/a>&#8230;<\/p>\n<p style=\"text-align: right;\">I nie ma mocnych<\/p>\n","protected":false},"excerpt":{"rendered":"<p>*Funny i ja* \/ *familia* Jest pewna cudowna rodzina Kt\u00f3ra bardzo si\u0119 kocha wzajemnie Niestety musia\u0142a odda\u0107 sw\u0105 matk\u0119 i \u017con\u0119 Do ZOL-u a to&hellip; <\/p>\n","protected":false},"author":1,"featured_media":0,"parent":0,"menu_order":0,"comment_status":"closed","ping_status":"closed","template":"","meta":{"footnotes":""},"class_list":["post-5489","page","type-page","status-publish","hentry"],"_links":{"self":[{"href":"https:\/\/hubertpietka.bialystok.pl\/index.php?rest_route=\/wp\/v2\/pages\/5489","targetHints":{"allow":["GET"]}}],"collection":[{"href":"https:\/\/hubertpietka.bialystok.pl\/index.php?rest_route=\/wp\/v2\/pages"}],"about":[{"href":"https:\/\/hubertpietka.bialystok.pl\/index.php?rest_route=\/wp\/v2\/types\/page"}],"author":[{"embeddable":true,"href":"https:\/\/hubertpietka.bialystok.pl\/index.php?rest_route=\/wp\/v2\/users\/1"}],"replies":[{"embeddable":true,"href":"https:\/\/hubertpietka.bialystok.pl\/index.php?rest_route=%2Fwp%2Fv2%2Fcomments&post=5489"}],"version-history":[{"count":7,"href":"https:\/\/hubertpietka.bialystok.pl\/index.php?rest_route=\/wp\/v2\/pages\/5489\/revisions"}],"predecessor-version":[{"id":5604,"href":"https:\/\/hubertpietka.bialystok.pl\/index.php?rest_route=\/wp\/v2\/pages\/5489\/revisions\/5604"}],"wp:attachment":[{"href":"https:\/\/hubertpietka.bialystok.pl\/index.php?rest_route=%2Fwp%2Fv2%2Fmedia&parent=5489"}],"curies":[{"name":"wp","href":"https:\/\/api.w.org\/{rel}","templated":true}]}}