{"id":5510,"date":"2022-04-11T14:02:16","date_gmt":"2022-04-11T14:02:16","guid":{"rendered":"http:\/\/hubertpietka.bialystok.pl\/?page_id=5510"},"modified":"2022-04-11T14:02:50","modified_gmt":"2022-04-11T14:02:50","slug":"5510-2","status":"publish","type":"page","link":"https:\/\/hubertpietka.bialystok.pl\/?page_id=5510","title":{"rendered":"W(y)kroczenia \/ indywidualne i zbiorowe"},"content":{"rendered":"<p><strong><em>W(y)kroczenia<\/em> \/ indywidualne i zbiorowe<\/strong><\/p>\n<p>Tak pi\u0119knie <em>kroczy<\/em> cz\u0142owiek wielki<br \/>\nBohaterom wspania\u0142ym naprzeciw<br \/>\nA teraz to i <em>w(y)kroczy\u0142<\/em><br \/>\nCiekawe czy <em>w(y)krocz\u0105<\/em> i oni<br \/>\nI b\u0119dzie pi\u0119kne <em>w(y)kroczenie<\/em> wsp\u00f3lne<br \/>\nChyba \u017ce to ja mam im wyj\u015b\u0107 naprzeciw<br \/>\nTo wtedy b\u0119dzie ich <em>w(y)kroczenie<\/em><br \/>\nBezpo\u015brednio w stosunku do mnie<br \/>\nBo przecie\u017c jak si\u0119 <em>kroczy<\/em><br \/>\nTo s\u0105 i <em>w(y)kroczenia<\/em> analogicznie<\/p>\n<p><strong>Dzisiaj \u015bw. Gemmy *Galgani*<\/strong><br \/>\n<strong> Czasem trzeba troch\u0119 po*ga\u0142gani-\u0107*<\/strong><br \/>\n<strong> Drugie imi\u0119 mia\u0142a ona *Hrum-berta*<\/strong><br \/>\n<strong> A mo\u017ce *chrum-chrum* \u015bwinie<\/strong><br \/>\n<strong> Powinny po\u017cre\u0107 Hu-hu-*berta*<\/strong><\/p>\n<p><a href=\"http:\/\/hubertpietka.bialystok.pl\/wp-content\/uploads\/2022\/04\/IMG_20220411_154500.jpg\"><img loading=\"lazy\" decoding=\"async\" class=\"alignnone size-thumbnail wp-image-5511\" src=\"http:\/\/hubertpietka.bialystok.pl\/wp-content\/uploads\/2022\/04\/IMG_20220411_154500-150x150.jpg\" alt=\"\" width=\"150\" height=\"150\" srcset=\"https:\/\/hubertpietka.bialystok.pl\/wp-content\/uploads\/2022\/04\/IMG_20220411_154500-150x150.jpg 150w, https:\/\/hubertpietka.bialystok.pl\/wp-content\/uploads\/2022\/04\/IMG_20220411_154500-75x75.jpg 75w\" sizes=\"auto, (max-width: 150px) 100vw, 150px\" \/><\/a><\/p>\n<p><strong><em>Na zdj. S\u0142onik uwik\u0142any w zaro\u015blach<\/em><\/strong><br \/>\n<strong><em> Troch\u0119 przed *Mietlem*<\/em><\/strong><br \/>\n<strong><em> A potem si\u0119 wszystko odpowiednio zamiecie *miot\u0142\u0105*<\/em><\/strong><br \/>\n<strong><em> I je\u015bli cokolwiek nawet cokolwieczunio<\/em><\/strong><\/p>\n<p style=\"text-align: center;\"><a href=\"https:\/\/youtu.be\/LOMMoDO5j_4\"><em><strong>Varius Manx &amp; Kasia Stankiewicz &#8211; Kot bez ogona<\/strong><\/em><\/a><\/p>\n<p style=\"text-align: right;\">\ud83d\ude42<\/p>\n","protected":false},"excerpt":{"rendered":"<p>W(y)kroczenia \/ indywidualne i zbiorowe Tak pi\u0119knie kroczy cz\u0142owiek wielki Bohaterom wspania\u0142ym naprzeciw A teraz to i w(y)kroczy\u0142 Ciekawe czy w(y)krocz\u0105 i oni I b\u0119dzie&hellip; <\/p>\n","protected":false},"author":1,"featured_media":0,"parent":0,"menu_order":0,"comment_status":"closed","ping_status":"closed","template":"","meta":{"footnotes":""},"class_list":["post-5510","page","type-page","status-publish","hentry"],"_links":{"self":[{"href":"https:\/\/hubertpietka.bialystok.pl\/index.php?rest_route=\/wp\/v2\/pages\/5510","targetHints":{"allow":["GET"]}}],"collection":[{"href":"https:\/\/hubertpietka.bialystok.pl\/index.php?rest_route=\/wp\/v2\/pages"}],"about":[{"href":"https:\/\/hubertpietka.bialystok.pl\/index.php?rest_route=\/wp\/v2\/types\/page"}],"author":[{"embeddable":true,"href":"https:\/\/hubertpietka.bialystok.pl\/index.php?rest_route=\/wp\/v2\/users\/1"}],"replies":[{"embeddable":true,"href":"https:\/\/hubertpietka.bialystok.pl\/index.php?rest_route=%2Fwp%2Fv2%2Fcomments&post=5510"}],"version-history":[{"count":2,"href":"https:\/\/hubertpietka.bialystok.pl\/index.php?rest_route=\/wp\/v2\/pages\/5510\/revisions"}],"predecessor-version":[{"id":5513,"href":"https:\/\/hubertpietka.bialystok.pl\/index.php?rest_route=\/wp\/v2\/pages\/5510\/revisions\/5513"}],"wp:attachment":[{"href":"https:\/\/hubertpietka.bialystok.pl\/index.php?rest_route=%2Fwp%2Fv2%2Fmedia&parent=5510"}],"curies":[{"name":"wp","href":"https:\/\/api.w.org\/{rel}","templated":true}]}}