{"id":5519,"date":"2022-04-17T12:04:07","date_gmt":"2022-04-17T12:04:07","guid":{"rendered":"http:\/\/hubertpietka.bialystok.pl\/?page_id=5519"},"modified":"2022-04-17T12:04:07","modified_gmt":"2022-04-17T12:04:07","slug":"i-jesli-cokolwieczuniek-cokolwiek-jeszcze","status":"publish","type":"page","link":"https:\/\/hubertpietka.bialystok.pl\/?page_id=5519","title":{"rendered":"I je\u015bli \/ cokolwieczuniek cokolwiek jeszcze"},"content":{"rendered":"<p><em><strong>I je\u015bli \/ cokolwieczuniek cokolwiek jeszcze<\/strong><\/em><\/p>\n<p>Wczoraj porazi\u0142 blisk\u0105 mi osob\u0119<br \/>\nNiewidzialny j\u0119zyk ognia<br \/>\nPorazi\u0142 skutecznie<br \/>\nA sk\u0105d to bior\u0119<br \/>\nA mo\u017ce z sufitu<br \/>\nA co nie mog\u0119<br \/>\nTym bardziej \u017ce mam podstawy ku temu<br \/>\nA co mo\u017ce kolejna jaka\u015b dziwna choroba<br \/>\nPo tej czy po tamtej stronie wszystko jedno<br \/>\nA kt\u00f3ra\u017c to ju\u017c<br \/>\nI je\u015bli cokolwiek cokolwieczunio nawet i jeszcze<br \/>\nI z ni\u0105 i z kimkolwiek czymkolwiek naszym<br \/>\nTo Ty wiesz Panie<\/p>\n<p>A cz\u0142owiek wielki<br \/>\nPi\u0119knie pope\u0142nia swe wykroczenia<br \/>\nBohaterom wspania\u0142ym naprzeciw<br \/>\nTeraz tylko oni<br \/>\nMusz\u0105 pope\u0142ni\u0107 swe pi\u0119kne wykroczenie<br \/>\nI b\u0119dzie pi\u0119kne wykroczenie wsp\u00f3lne<br \/>\n\u017be tak powiem kolektywne<br \/>\nA \u017ce to s\u0105 te\u017c *\u017cartow-nisie* *\u017cartowne mi(lu)sie*<br \/>\nTo mo\u017ce ja mam im wyj\u015b\u0107 naprzeciw<br \/>\nLub kto\u015b z moich bliskich<br \/>\nZe strony tej czy innej<\/p>\n<p><strong>Dzi\u015b \u015bw. Katarzyny Tekakwithy<\/strong><br \/>\n<strong> Jej imi\u0119 znaczy<\/strong><br \/>\n<strong> Ta kt\u00f3ra najlepiej porz\u0105dkuje wszystko<\/strong><br \/>\n<strong> Wczoraj by\u0142o wiele dobra<\/strong><br \/>\n<strong> Wi\u0119c B\u00f3g dopu\u015bci\u0142 atak z\u0142a<\/strong><br \/>\n<strong> Ale dzi\u0119ki temu chyba wiem<\/strong><br \/>\n<strong> Jak porz\u0105dkowa\u0107 swe \u017cycie<\/strong><br \/>\n<strong> I kto ma jakie w nim miejsce<\/strong><\/p>\n<p><strong><a href=\"http:\/\/hubertpietka.bialystok.pl\/wp-content\/uploads\/2022\/04\/IMG_20220417_133628.jpg\"><img loading=\"lazy\" decoding=\"async\" class=\"alignnone size-thumbnail wp-image-5520\" src=\"http:\/\/hubertpietka.bialystok.pl\/wp-content\/uploads\/2022\/04\/IMG_20220417_133628-150x150.jpg\" alt=\"\" width=\"150\" height=\"150\" srcset=\"https:\/\/hubertpietka.bialystok.pl\/wp-content\/uploads\/2022\/04\/IMG_20220417_133628-150x150.jpg 150w, https:\/\/hubertpietka.bialystok.pl\/wp-content\/uploads\/2022\/04\/IMG_20220417_133628-75x75.jpg 75w\" sizes=\"auto, (max-width: 150px) 100vw, 150px\" \/><\/a><\/strong><\/p>\n<p><em>Na zdj. Maryja w ma\u0142ym ko\u015bciele<\/em><br \/>\n<em> W Solcu Starym<\/em><br \/>\n<em> Ona najlepiej porz\u0105dkuje wszystkie sprawy<\/em><br \/>\n<em> Wspieraj nas w tym zawsze<\/em><br \/>\n<em> O Maryjo<\/em><\/p>\n<p style=\"text-align: center;\"><a href=\"https:\/\/youtu.be\/fyoCXePXQF0\"><em><strong>Lady Pank &#8211; Zawsze tam, gdzie ty<\/strong><\/em><\/a><\/p>\n","protected":false},"excerpt":{"rendered":"<p>I je\u015bli \/ cokolwieczuniek cokolwiek jeszcze Wczoraj porazi\u0142 blisk\u0105 mi osob\u0119 Niewidzialny j\u0119zyk ognia Porazi\u0142 skutecznie A sk\u0105d to bior\u0119 A mo\u017ce z sufitu A&hellip; <\/p>\n","protected":false},"author":1,"featured_media":0,"parent":0,"menu_order":0,"comment_status":"closed","ping_status":"closed","template":"","meta":{"footnotes":""},"class_list":["post-5519","page","type-page","status-publish","hentry"],"_links":{"self":[{"href":"https:\/\/hubertpietka.bialystok.pl\/index.php?rest_route=\/wp\/v2\/pages\/5519","targetHints":{"allow":["GET"]}}],"collection":[{"href":"https:\/\/hubertpietka.bialystok.pl\/index.php?rest_route=\/wp\/v2\/pages"}],"about":[{"href":"https:\/\/hubertpietka.bialystok.pl\/index.php?rest_route=\/wp\/v2\/types\/page"}],"author":[{"embeddable":true,"href":"https:\/\/hubertpietka.bialystok.pl\/index.php?rest_route=\/wp\/v2\/users\/1"}],"replies":[{"embeddable":true,"href":"https:\/\/hubertpietka.bialystok.pl\/index.php?rest_route=%2Fwp%2Fv2%2Fcomments&post=5519"}],"version-history":[{"count":1,"href":"https:\/\/hubertpietka.bialystok.pl\/index.php?rest_route=\/wp\/v2\/pages\/5519\/revisions"}],"predecessor-version":[{"id":5521,"href":"https:\/\/hubertpietka.bialystok.pl\/index.php?rest_route=\/wp\/v2\/pages\/5519\/revisions\/5521"}],"wp:attachment":[{"href":"https:\/\/hubertpietka.bialystok.pl\/index.php?rest_route=%2Fwp%2Fv2%2Fmedia&parent=5519"}],"curies":[{"name":"wp","href":"https:\/\/api.w.org\/{rel}","templated":true}]}}