{"id":5523,"date":"2022-04-21T10:13:27","date_gmt":"2022-04-21T10:13:27","guid":{"rendered":"http:\/\/hubertpietka.bialystok.pl\/?page_id=5523"},"modified":"2022-04-21T10:13:27","modified_gmt":"2022-04-21T10:13:27","slug":"praw-da-sprawiedliwosc-da","status":"publish","type":"page","link":"https:\/\/hubertpietka.bialystok.pl\/?page_id=5523","title":{"rendered":"*Praw-da* \/ sprawiedliwo\u015b\u0107 da"},"content":{"rendered":"<p><em><strong>*Praw-da* \/ sprawiedliwo\u015b\u0107 da<\/strong><\/em><\/p>\n<p>Zawsze trzeba m\u00f3wi\u0107<br \/>\n<em>Pan z wami<\/em> dla Ukrainy<br \/>\nA oni niech odpowiadaj\u0105<br \/>\n<em>Niech B\u00f3g b\u0142ogos\u0142awi<\/em><br \/>\nZawsze trzeba wspiera\u0107 tych<br \/>\nKt\u00f3rzy sprawiedliwie walcz\u0105<br \/>\nO integralno\u015b\u0107 i niezale\u017cno\u015b\u0107 swego narodu i pa\u0144stwa<br \/>\nUkraina jest akurat blisko Polski<br \/>\nAle tak przecie\u017c te\u017c czyni\u0142 \u015bp. Prezydent Lech Kaczy\u0144ski<br \/>\nGdy chodzi\u0142o chocia\u017cby o Gruzj\u0119<br \/>\nKt\u00f3ra jest troszk\u0119 dalej<\/p>\n<p>A ci przyj\u015b\u0107 mog\u0105 gdziekolwiek ja jestem wiadomo<br \/>\nCzy w drodze<br \/>\nA kt\u00f3\u017c zabroni w\u0142adzy<br \/>\nMisie takie czy inne<br \/>\nS\u0105 przecie\u017c wsz\u0119dzie<br \/>\nA swoj\u0105 drog\u0105 tu retrospekcja<br \/>\nCiekawe czy wielki cz\u0142owiek<br \/>\nDalej do bramy dochodzi i kogo\u015b tam wygl\u0105da<br \/>\nJak nas tam nie ma<\/p>\n<p>I je\u015bli cokolwiek cokolwieczunio nawet<br \/>\nZ moj\u0105 \u017con\u0105<br \/>\nNami naszymi i naszym<br \/>\nGdziekolwiek<br \/>\nMi\u0142o\u015b\u0107 ma trwa\u0107<\/p>\n<p><a href=\"http:\/\/hubertpietka.bialystok.pl\/wp-content\/uploads\/2022\/04\/IMG_20220421_120431.jpg\"><img loading=\"lazy\" decoding=\"async\" class=\"alignnone size-thumbnail wp-image-5524\" src=\"http:\/\/hubertpietka.bialystok.pl\/wp-content\/uploads\/2022\/04\/IMG_20220421_120431-150x150.jpg\" alt=\"\" width=\"150\" height=\"150\" srcset=\"https:\/\/hubertpietka.bialystok.pl\/wp-content\/uploads\/2022\/04\/IMG_20220421_120431-150x150.jpg 150w, https:\/\/hubertpietka.bialystok.pl\/wp-content\/uploads\/2022\/04\/IMG_20220421_120431-75x75.jpg 75w\" sizes=\"auto, (max-width: 150px) 100vw, 150px\" \/><\/a><\/p>\n<p><strong>Na zdj. \u015aw. Faustyna w ko\u015bciele pod jej wezwaniem w *S\u0119k*ocinie<\/strong><br \/>\n<strong>*S\u0119k* w tym<\/strong><br \/>\n<strong> \u017be prawda jest prawd\u0105<\/strong><br \/>\n<strong> Nie zmieni jej \u017cadne k\u0142amstwo<\/strong><br \/>\n<strong> Ona si\u0119 przebije odpowiednio<\/strong><br \/>\n<strong> W ka\u017cdym aspekcie<\/strong><br \/>\n<strong> Politycznym religijnym i spo\u0142ecznym<\/strong><br \/>\n<strong> Ave Maryja Totus Tuus<\/strong><\/p>\n","protected":false},"excerpt":{"rendered":"<p>*Praw-da* \/ sprawiedliwo\u015b\u0107 da Zawsze trzeba m\u00f3wi\u0107 Pan z wami dla Ukrainy A oni niech odpowiadaj\u0105 Niech B\u00f3g b\u0142ogos\u0142awi Zawsze trzeba wspiera\u0107 tych Kt\u00f3rzy sprawiedliwie&hellip; <\/p>\n","protected":false},"author":1,"featured_media":0,"parent":0,"menu_order":0,"comment_status":"closed","ping_status":"closed","template":"","meta":{"footnotes":""},"class_list":["post-5523","page","type-page","status-publish","hentry"],"_links":{"self":[{"href":"https:\/\/hubertpietka.bialystok.pl\/index.php?rest_route=\/wp\/v2\/pages\/5523","targetHints":{"allow":["GET"]}}],"collection":[{"href":"https:\/\/hubertpietka.bialystok.pl\/index.php?rest_route=\/wp\/v2\/pages"}],"about":[{"href":"https:\/\/hubertpietka.bialystok.pl\/index.php?rest_route=\/wp\/v2\/types\/page"}],"author":[{"embeddable":true,"href":"https:\/\/hubertpietka.bialystok.pl\/index.php?rest_route=\/wp\/v2\/users\/1"}],"replies":[{"embeddable":true,"href":"https:\/\/hubertpietka.bialystok.pl\/index.php?rest_route=%2Fwp%2Fv2%2Fcomments&post=5523"}],"version-history":[{"count":1,"href":"https:\/\/hubertpietka.bialystok.pl\/index.php?rest_route=\/wp\/v2\/pages\/5523\/revisions"}],"predecessor-version":[{"id":5525,"href":"https:\/\/hubertpietka.bialystok.pl\/index.php?rest_route=\/wp\/v2\/pages\/5523\/revisions\/5525"}],"wp:attachment":[{"href":"https:\/\/hubertpietka.bialystok.pl\/index.php?rest_route=%2Fwp%2Fv2%2Fmedia&parent=5523"}],"curies":[{"name":"wp","href":"https:\/\/api.w.org\/{rel}","templated":true}]}}