{"id":5536,"date":"2022-04-25T10:01:05","date_gmt":"2022-04-25T10:01:05","guid":{"rendered":"http:\/\/hubertpietka.bialystok.pl\/?page_id=5536"},"modified":"2022-04-25T10:01:05","modified_gmt":"2022-04-25T10:01:05","slug":"obludy-swiat-ty-i-ja","status":"publish","type":"page","link":"https:\/\/hubertpietka.bialystok.pl\/?page_id=5536","title":{"rendered":"Ob\u0142udy \u015bwiat \/ ty i ja"},"content":{"rendered":"<p><em><strong>Ob\u0142udy \u015bwiat \/ ty i ja<\/strong><\/em><\/p>\n<p>Mam wra\u017cenie Panie<br \/>\n\u017be pewne poj\u0119cie abstrakcyjne<br \/>\nSi\u0119 personifikowa\u0107 pr\u00f3buje<br \/>\nA ma te\u017c ono swe bezpo\u015brednie odwo\u0142anie<br \/>\nW dzia\u0142aniu szatana<\/p>\n<p>Mam wra\u017cenie o Panie<br \/>\n\u017be ob\u0142uda chce nas zmia\u017cd\u017cy\u0107<br \/>\nDosi\u0119gn\u0105\u0107 na wszelkie sposoby<br \/>\nA je\u015bli nie nas bezpo\u015brednio<br \/>\nTo uderzy\u0107 chocia\u017cby w nasze dobra<\/p>\n<p>A jednak Ty powiedzia\u0142e\u015b<br \/>\n<em>\u017be je\u015bli ja zgin\u0119<\/em><br \/>\n<em> To i \u015bwiat zginie<\/em><br \/>\nTy si\u0119 nie mylisz<br \/>\nNie wiem na jakiej zasadzie<br \/>\nMo\u017ce troch\u0119 na takiej<br \/>\n\u017be jak padnie Ukraina<br \/>\nTo i p\u00f3\u0142 Europy podobnie<\/p>\n<p>B\u00f3g si\u0119 nie myli<br \/>\nBo jest Bogiem<br \/>\nA ja si\u0119 pomyli\u0107 mog\u0119<br \/>\nAle raczej w sferze prywatnej<br \/>\nBo jestem tylko cz\u0142owiekiem<\/p>\n<p>O Panie chcieliby\u015bmy spokojnie \u017cy\u0107<br \/>\nAle jest jak jest<br \/>\nTy jednak powiedzia\u0142e\u015b<br \/>\n<em>Walcz<\/em><br \/>\nI nie tylko dla siebie<br \/>\n<em>Walczysz dla innych<\/em><br \/>\nA prawda zwyci\u0119\u017cy<\/p>\n<p><a href=\"http:\/\/hubertpietka.bialystok.pl\/wp-content\/uploads\/2022\/04\/IMG_20220425_105059.jpg\"><img loading=\"lazy\" decoding=\"async\" class=\"alignnone size-thumbnail wp-image-5537\" src=\"http:\/\/hubertpietka.bialystok.pl\/wp-content\/uploads\/2022\/04\/IMG_20220425_105059-150x150.jpg\" alt=\"\" width=\"150\" height=\"150\" srcset=\"https:\/\/hubertpietka.bialystok.pl\/wp-content\/uploads\/2022\/04\/IMG_20220425_105059-150x150.jpg 150w, https:\/\/hubertpietka.bialystok.pl\/wp-content\/uploads\/2022\/04\/IMG_20220425_105059-75x75.jpg 75w\" sizes=\"auto, (max-width: 150px) 100vw, 150px\" \/><\/a><\/p>\n<p><strong>Na zdj. Postaci dzieci\u0119ce<\/strong><br \/>\n<strong> Na jednym z przedszkoli \u0142om\u017cy\u0144skich<\/strong><br \/>\n<strong> Trwa\u0107 w mi\u0142o\u015bci<\/strong><br \/>\n<strong> Mimo r\u00f3\u017cnych perturbacji niefajnych<\/strong><br \/>\n<strong> Obj\u0105\u0107 \u017con\u0119 i sercem<\/strong><br \/>\n<strong> Te\u017c ca\u0142\u0105 rodzin\u0119 i przyjaci\u00f3\u0142<\/strong><br \/>\n<strong> Bliskich wszystkich<\/strong><\/p>\n<p style=\"text-align: center;\"><a href=\"https:\/\/youtu.be\/x85ztPjIJuI\"><em><strong>Piotr Cugowski feat. Jan Borysewicz &#8211; Daj mi \u017cy\u0107<\/strong><\/em><\/a><\/p>\n<p style=\"text-align: center;\"><a href=\"https:\/\/youtu.be\/Q1DWOL-_0TM\"><em><strong>Lady Pank &#8211; Tego nie mog\u0105 zabra\u0107 nam<\/strong><\/em><\/a><\/p>\n","protected":false},"excerpt":{"rendered":"<p>Ob\u0142udy \u015bwiat \/ ty i ja Mam wra\u017cenie Panie \u017be pewne poj\u0119cie abstrakcyjne Si\u0119 personifikowa\u0107 pr\u00f3buje A ma te\u017c ono swe bezpo\u015brednie odwo\u0142anie W dzia\u0142aniu&hellip; <\/p>\n","protected":false},"author":1,"featured_media":0,"parent":0,"menu_order":0,"comment_status":"closed","ping_status":"closed","template":"","meta":{"footnotes":""},"class_list":["post-5536","page","type-page","status-publish","hentry"],"_links":{"self":[{"href":"https:\/\/hubertpietka.bialystok.pl\/index.php?rest_route=\/wp\/v2\/pages\/5536","targetHints":{"allow":["GET"]}}],"collection":[{"href":"https:\/\/hubertpietka.bialystok.pl\/index.php?rest_route=\/wp\/v2\/pages"}],"about":[{"href":"https:\/\/hubertpietka.bialystok.pl\/index.php?rest_route=\/wp\/v2\/types\/page"}],"author":[{"embeddable":true,"href":"https:\/\/hubertpietka.bialystok.pl\/index.php?rest_route=\/wp\/v2\/users\/1"}],"replies":[{"embeddable":true,"href":"https:\/\/hubertpietka.bialystok.pl\/index.php?rest_route=%2Fwp%2Fv2%2Fcomments&post=5536"}],"version-history":[{"count":1,"href":"https:\/\/hubertpietka.bialystok.pl\/index.php?rest_route=\/wp\/v2\/pages\/5536\/revisions"}],"predecessor-version":[{"id":5538,"href":"https:\/\/hubertpietka.bialystok.pl\/index.php?rest_route=\/wp\/v2\/pages\/5536\/revisions\/5538"}],"wp:attachment":[{"href":"https:\/\/hubertpietka.bialystok.pl\/index.php?rest_route=%2Fwp%2Fv2%2Fmedia&parent=5536"}],"curies":[{"name":"wp","href":"https:\/\/api.w.org\/{rel}","templated":true}]}}