{"id":5561,"date":"2022-05-05T10:04:07","date_gmt":"2022-05-05T10:04:07","guid":{"rendered":"http:\/\/hubertpietka.bialystok.pl\/?page_id=5561"},"modified":"2022-05-05T10:04:07","modified_gmt":"2022-05-05T10:04:07","slug":"bohaterstwo-ludzi-wspanialych-i-wielkich","status":"publish","type":"page","link":"https:\/\/hubertpietka.bialystok.pl\/?page_id=5561","title":{"rendered":"Bohaterstwo \/ ludzi wspania\u0142ych i wielkich"},"content":{"rendered":"<p><em><strong>Bohaterstwo<\/strong><\/em> \/ ludzi wspania\u0142ych i wielkich<\/p>\n<p>Cz\u0142owiek wielki i jego wspania\u0142e spacerki<br \/>\nI *na dworze* i poza domem<br \/>\nLubi\u0105 to bardzo wspaniali bohaterowie<\/p>\n<p>Pewnie w ko\u0144cu co\u015b <em>wychodzi<\/em><br \/>\nCzy <em>wysiedzi<\/em> na styropianie o Panie<br \/>\nTak wielki cz\u0142owiek<\/p>\n<p>Niewinnie i przypadkowo<br \/>\nJaktamkolwiek byle skutecznie<br \/>\nBy bohaterowie wspaniali przyszli w ko\u0144cu<\/p>\n<p>A c\u00f3\u017c to za wspania\u0142e bohaterstwo<br \/>\nBy si\u0119 <em>zasadza\u0107 na bezbronnego<\/em><br \/>\nWidocznie jacy bohaterowie takie i bohaterstwo<\/p>\n<p>I najlepiej <em>kup\u0105 panowie kup\u0105<\/em><br \/>\nTakie czy inne misie czy milusie<br \/>\nOficjalne mniej lub bardziej<\/p>\n<p>\u015amierdzi z daleka to zawsze<br \/>\nA pretek\u015bcik si\u0119 zawsze jaki\u015b znajdzie<br \/>\nMniejszy czy wi\u0119kszy zawsze fa\u0142szywy<\/p>\n<p>Po trupach do celu<br \/>\nMoim czy \u017cony<br \/>\nW imi\u0119 w\u0142adzy wszystko przecie\u017c mo\u017cna<\/p>\n<p><a href=\"http:\/\/hubertpietka.bialystok.pl\/wp-content\/uploads\/2022\/05\/IMG_20220505_115218.jpg\"><img loading=\"lazy\" decoding=\"async\" class=\"alignnone size-thumbnail wp-image-5562\" src=\"http:\/\/hubertpietka.bialystok.pl\/wp-content\/uploads\/2022\/05\/IMG_20220505_115218-150x150.jpg\" alt=\"\" width=\"150\" height=\"150\" srcset=\"https:\/\/hubertpietka.bialystok.pl\/wp-content\/uploads\/2022\/05\/IMG_20220505_115218-150x150.jpg 150w, https:\/\/hubertpietka.bialystok.pl\/wp-content\/uploads\/2022\/05\/IMG_20220505_115218-75x75.jpg 75w\" sizes=\"auto, (max-width: 150px) 100vw, 150px\" \/><\/a><\/p>\n<p><strong>Na zdj. *Polowy* o\u0142tarz w sanktuarium sulis\u0142awickim<\/strong><br \/>\n<strong> Symbol Ducha \u015awi\u0119tego podkre\u015blony przez zachodz\u0105ce s\u0142o\u0144ce<\/strong><br \/>\n<strong> Wspomagaj nas Panie<\/strong><br \/>\n<strong> By\u015bmy to wszystko przetrwali<\/strong><\/p>\n<p><strong>I chocia\u017c *na dworze* chc\u0105 z nas *dworowa\u0107*<\/strong><br \/>\n<strong> A *na polu* *upolowa\u0107*<\/strong><br \/>\n<strong> I mnie zamkn\u0105\u0107 w kr\u0119gu z\u0142a<\/strong><\/p>\n<p><strong>To jednak Duchu \u015awi\u0119ty prowad\u017a<\/strong><\/p>\n","protected":false},"excerpt":{"rendered":"<p>Bohaterstwo \/ ludzi wspania\u0142ych i wielkich Cz\u0142owiek wielki i jego wspania\u0142e spacerki I *na dworze* i poza domem Lubi\u0105 to bardzo wspaniali bohaterowie Pewnie w&hellip; <\/p>\n","protected":false},"author":1,"featured_media":0,"parent":0,"menu_order":0,"comment_status":"closed","ping_status":"closed","template":"","meta":{"footnotes":""},"class_list":["post-5561","page","type-page","status-publish","hentry"],"_links":{"self":[{"href":"https:\/\/hubertpietka.bialystok.pl\/index.php?rest_route=\/wp\/v2\/pages\/5561","targetHints":{"allow":["GET"]}}],"collection":[{"href":"https:\/\/hubertpietka.bialystok.pl\/index.php?rest_route=\/wp\/v2\/pages"}],"about":[{"href":"https:\/\/hubertpietka.bialystok.pl\/index.php?rest_route=\/wp\/v2\/types\/page"}],"author":[{"embeddable":true,"href":"https:\/\/hubertpietka.bialystok.pl\/index.php?rest_route=\/wp\/v2\/users\/1"}],"replies":[{"embeddable":true,"href":"https:\/\/hubertpietka.bialystok.pl\/index.php?rest_route=%2Fwp%2Fv2%2Fcomments&post=5561"}],"version-history":[{"count":1,"href":"https:\/\/hubertpietka.bialystok.pl\/index.php?rest_route=\/wp\/v2\/pages\/5561\/revisions"}],"predecessor-version":[{"id":5563,"href":"https:\/\/hubertpietka.bialystok.pl\/index.php?rest_route=\/wp\/v2\/pages\/5561\/revisions\/5563"}],"wp:attachment":[{"href":"https:\/\/hubertpietka.bialystok.pl\/index.php?rest_route=%2Fwp%2Fv2%2Fmedia&parent=5561"}],"curies":[{"name":"wp","href":"https:\/\/api.w.org\/{rel}","templated":true}]}}