{"id":5565,"date":"2022-05-07T08:41:41","date_gmt":"2022-05-07T08:41:41","guid":{"rendered":"http:\/\/hubertpietka.bialystok.pl\/?page_id=5565"},"modified":"2022-05-07T10:51:25","modified_gmt":"2022-05-07T10:51:25","slug":"scieki-najwlasciwsze-na-nowe-zycie","status":"publish","type":"page","link":"https:\/\/hubertpietka.bialystok.pl\/?page_id=5565","title":{"rendered":"\u015acieki \/ najw\u0142a\u015bciwsze na nowe \u017cycie?"},"content":{"rendered":"<p><em><strong>\u015acieki \/ najw\u0142a\u015bciwsze na nowe \u017cycie?<\/strong><\/em><\/p>\n<p>Czy\u017c m\u00f3g\u0142by\u015b przypuszcza\u0107<br \/>\n\u017be odp\u0142yw \u015bciek\u00f3w<br \/>\nZ domu do kanalizacji<br \/>\nZosta\u0142 zatkany ma\u0142ymi kotkami<br \/>\nTaki \u015bmingus dyngus im kto\u015b urz\u0105dzi\u0142<br \/>\nW drugi dzie\u0144 \u015awi\u0105t Wielkanocnych<br \/>\nAle najwa\u017cniejsze \u017ce ten kto\u015b<br \/>\nSi\u0119 opiekuje wspaniale innymi kotami<br \/>\nKt\u00f3re te\u017c kochamy<br \/>\nBo przecie\u017c modl\u0119 si\u0119 i za nie<br \/>\nMo\u017cna przecie\u017c modli\u0107 chyba si\u0119<br \/>\nZa ca\u0142e Bo\u017ce stworzenie<\/p>\n<p>A bohaterowie wspaniali<br \/>\nWidz\u0119 \u017ce troch\u0119 zmienili strategi\u0119<br \/>\nNajpierw ma by\u0107 wys\u0142any <em>pierwiosnek<\/em><br \/>\nNiczym zapowied\u017a<br \/>\nA potem na niego kup\u0105<br \/>\nTak\u0105 czy inn\u0105<br \/>\nByle go skutecznie zatru\u0107<br \/>\nSmrodem kt\u00f3re nie od niego bynajmniej pochodzi<br \/>\nBo czy\u017c w aferkach ustawianych nie o to chodzi<br \/>\n<em>Granda dla bandy<\/em>\u00a0rzek\u0142bym<br \/>\nAle to chyba niezbyt \u0142adnie<\/p>\n<p>A w sumie to mo\u017cna przecie\u017c<br \/>\nI kup\u0105 od razu<br \/>\nJedni <em>chc\u0105 mnie zrobi\u0107 na szaro<\/em><br \/>\nTak lubi\u0105 ten kolor w obej\u015bciu swoim<br \/>\nInni maj\u0105 interfejs maryjny<br \/>\nA w \u015brodku B\u00f3g raczy wiedzie\u0107<\/p>\n<p>Tak\u017ce wspania\u0142e bohaterstwo w gotowo\u015bci<br \/>\nNie ma to jak zasadza\u0107 si\u0119 na bezbronnych<br \/>\nTakie czy inne<br \/>\nBo te strony obfituj\u0105 w nie wybitnie<br \/>\nZapewne zawsze si\u0119 znajd\u0105 ci<br \/>\nKt\u00f3rzy tu swe wspania\u0142e bohaterstwo<br \/>\nB\u0119d\u0105 chcieli okaza\u0107<\/p>\n<p>A wielki cz\u0142owiek<br \/>\nTu s\u0142\u00f3wko o nim<br \/>\nTak sobie ostatnio upodoba\u0142 moment<br \/>\nZaraz po moim wstaniu<br \/>\nNa spacerki na podw\u00f3rku<br \/>\nOczywi\u015bcie niewinnie i przypadkowo<br \/>\nCiekawe czy wychodzi co\u015b w ko\u0144cu<br \/>\nA ma tu przecie\u017c na kogo liczy\u0107<\/p>\n<p><a href=\"http:\/\/hubertpietka.bialystok.pl\/wp-content\/uploads\/2022\/05\/IMG_20220507_102946.jpg\"><img loading=\"lazy\" decoding=\"async\" class=\"alignnone size-thumbnail wp-image-5566\" src=\"http:\/\/hubertpietka.bialystok.pl\/wp-content\/uploads\/2022\/05\/IMG_20220507_102946-150x150.jpg\" alt=\"\" width=\"150\" height=\"150\" srcset=\"https:\/\/hubertpietka.bialystok.pl\/wp-content\/uploads\/2022\/05\/IMG_20220507_102946-150x150.jpg 150w, https:\/\/hubertpietka.bialystok.pl\/wp-content\/uploads\/2022\/05\/IMG_20220507_102946-75x75.jpg 75w\" sizes=\"auto, (max-width: 150px) 100vw, 150px\" \/><\/a><\/p>\n<p><em>Na zdj. Maryja Pani sulis\u0142awicka<\/em><br \/>\n<em> Prowad\u017a nas o Pani<\/em><br \/>\n<em> Prawdziwie Bo\u017cymi drogami<\/em><br \/>\n<em> Nawet je\u015bli jest to g\u00f3rska \u015bcie\u017cka<\/em><br \/>\n<em> W\u0105ska stroma i \u015bliska<\/em><br \/>\n<em> Po\u015bredniczko \u0141ask Wszelkich<\/em><br \/>\n<em> Dzisiaj jest twoje \u015bwi\u0119to<\/em><br \/>\n<em> Wypraszaj nam u Pana<\/em><br \/>\n<em> Wszystko co nam potrzeba<\/em><br \/>\n<em> Aby\u015bmy to wszystko przetrwali<\/em><br \/>\n<em> I je\u015bli cokolwiek cokolwieczunio nawet<\/em><\/p>\n<p><strong>Ps. A bohaterowie wspaniali gdzie\u017c ci<\/strong><br \/>\n<strong>Tacy czy inni *milu-misiu-li\u0144scy*<\/strong><br \/>\n<strong>A to tak mo\u017cna sobie samos\u0105dy czyni\u0107<\/strong><br \/>\n<strong>W XXI wieku w pa\u0144stwie niby demokratycznym<\/strong><\/p>\n","protected":false},"excerpt":{"rendered":"<p>\u015acieki \/ najw\u0142a\u015bciwsze na nowe \u017cycie? Czy\u017c m\u00f3g\u0142by\u015b przypuszcza\u0107 \u017be odp\u0142yw \u015bciek\u00f3w Z domu do kanalizacji Zosta\u0142 zatkany ma\u0142ymi kotkami Taki \u015bmingus dyngus im kto\u015b&hellip; <\/p>\n","protected":false},"author":1,"featured_media":0,"parent":0,"menu_order":0,"comment_status":"closed","ping_status":"closed","template":"","meta":{"footnotes":""},"class_list":["post-5565","page","type-page","status-publish","hentry"],"_links":{"self":[{"href":"https:\/\/hubertpietka.bialystok.pl\/index.php?rest_route=\/wp\/v2\/pages\/5565","targetHints":{"allow":["GET"]}}],"collection":[{"href":"https:\/\/hubertpietka.bialystok.pl\/index.php?rest_route=\/wp\/v2\/pages"}],"about":[{"href":"https:\/\/hubertpietka.bialystok.pl\/index.php?rest_route=\/wp\/v2\/types\/page"}],"author":[{"embeddable":true,"href":"https:\/\/hubertpietka.bialystok.pl\/index.php?rest_route=\/wp\/v2\/users\/1"}],"replies":[{"embeddable":true,"href":"https:\/\/hubertpietka.bialystok.pl\/index.php?rest_route=%2Fwp%2Fv2%2Fcomments&post=5565"}],"version-history":[{"count":3,"href":"https:\/\/hubertpietka.bialystok.pl\/index.php?rest_route=\/wp\/v2\/pages\/5565\/revisions"}],"predecessor-version":[{"id":5571,"href":"https:\/\/hubertpietka.bialystok.pl\/index.php?rest_route=\/wp\/v2\/pages\/5565\/revisions\/5571"}],"wp:attachment":[{"href":"https:\/\/hubertpietka.bialystok.pl\/index.php?rest_route=%2Fwp%2Fv2%2Fmedia&parent=5565"}],"curies":[{"name":"wp","href":"https:\/\/api.w.org\/{rel}","templated":true}]}}