{"id":5572,"date":"2022-05-11T07:35:52","date_gmt":"2022-05-11T07:35:52","guid":{"rendered":"http:\/\/hubertpietka.bialystok.pl\/?page_id=5572"},"modified":"2022-05-11T07:35:52","modified_gmt":"2022-05-11T07:35:52","slug":"plaszczyzny-drzew-zycia-nakladajace-sie-na-siebie-ku-zyciu-pelnemu","status":"publish","type":"page","link":"https:\/\/hubertpietka.bialystok.pl\/?page_id=5572","title":{"rendered":"P\u0142aszczyzny drzew \u017cycia \/ nak\u0142adaj\u0105ce si\u0119 na siebie \/\/ ku \u017cyciu pe\u0142nemu"},"content":{"rendered":"<p><em><strong>P\u0142aszczyzny drzew \u017cycia \/ nak\u0142adaj\u0105ce si\u0119 na siebie \/\/ ku \u017cyciu pe\u0142nemu<\/strong><\/em><\/p>\n<p>W cz\u0142owieku wiele p\u0142aszczyzn \u017cyje<br \/>\nWa\u017cne aby one zintegrowa\u0142y si\u0119 wewn\u0119trznie<br \/>\nTak by tworzy\u0142y sp\u00f3jn\u0105 ca\u0142o\u015b\u0107 w nim<\/p>\n<p>Na drzewo \u017cycia<br \/>\nSk\u0142ada si\u0119 najpierw rodzina<br \/>\nTa pierwotna i wt\u00f3rna w przypadku ma\u0142\u017ce\u0144stwa<br \/>\nR\u00f3\u017cne \u015brodowiska przyjaci\u00f3\u0142 i znajomych<br \/>\nSzkolnych i wed\u0142ug wsp\u00f3lnoty \u017cycia i zainteresowa\u0144<br \/>\nWreszcie \u015brodowiska pracownicze<br \/>\nI wsp\u00f3lnota wiary<br \/>\nKt\u00f3ra to wszystko spaja<\/p>\n<p><a href=\"http:\/\/hubertpietka.bialystok.pl\/wp-content\/uploads\/2022\/05\/IMG_20220511_092733.jpg\"><img loading=\"lazy\" decoding=\"async\" class=\"alignnone size-thumbnail wp-image-5573\" src=\"http:\/\/hubertpietka.bialystok.pl\/wp-content\/uploads\/2022\/05\/IMG_20220511_092733-150x150.jpg\" alt=\"\" width=\"150\" height=\"150\" srcset=\"https:\/\/hubertpietka.bialystok.pl\/wp-content\/uploads\/2022\/05\/IMG_20220511_092733-150x150.jpg 150w, https:\/\/hubertpietka.bialystok.pl\/wp-content\/uploads\/2022\/05\/IMG_20220511_092733-75x75.jpg 75w\" sizes=\"auto, (max-width: 150px) 100vw, 150px\" \/><\/a><\/p>\n<p><em>Na zdj. Linoryt w mieszkaniu bia\u0142ostockim pewnym<\/em><br \/>\n<em> On te zale\u017cno\u015bci przedstawia wspaniale<\/em><br \/>\n<em> R\u00f3\u017cni ludzie z r\u00f3\u017cnych grup<\/em><br \/>\n<em> Tworz\u0105 w nas drzewa \u017cycia<\/em><br \/>\n<em> Kt\u00f3re nak\u0142adaj\u0105 si\u0119 na siebie<\/em><br \/>\n<em> Od tych naturalnych wsp\u00f3lnot<\/em><br \/>\n<em> Poprzez te do\u015bwiadcze\u0144 \u017cyciowych<\/em><br \/>\n<em> Wreszcie wsp\u00f3lnot\u0119 wiary<\/em><br \/>\n<em> Te nak\u0142adaj\u0105ce si\u0119 na siebie drzewa \u017cycia<\/em><br \/>\n<em> Powinny nas prowadzi\u0107 w stron\u0119 nieba<\/em><br \/>\n<em> I do Boga nas przybli\u017ca\u0107<\/em><br \/>\n<em> Bo wtedy wszystko uk\u0142ada si\u0119<\/em><br \/>\n<em> W pewnym porz\u0105dku<\/em><br \/>\n<em> Relacje s\u0105 wst\u0119pem do eschatologii<\/em><br \/>\n<em> Byle prze\u017cywa\u0107 je dobrze<\/em><\/p>\n<p><em>Ostatnio okazj\u0119 mia\u0142em<\/em><br \/>\n<em> Odby\u0107 w pewnym sensie podr\u00f3\u017c sentymentaln\u0105<\/em><br \/>\n<em> Podr\u00f3\u017c autobusem spacerki z plecakiem<\/em><br \/>\n<em> I noclegi w miejscach bliskich<\/em><br \/>\n<em> M\u0142odzie\u017cowym prze\u017cyciom<\/em><br \/>\n<em> Mo\u017ce dlatego ta refleksja<\/em><br \/>\n<em> Wszystko sw\u00f3j sens ma<\/em><br \/>\n<em> I ma sw\u00f3j czas<\/em><br \/>\n<em> A zaraz powr\u00f3t w\u0142asnym \u015brodkiem komunikacji<\/em><br \/>\n<em> Za co Bogu jestem wdzi\u0119czny<\/em><br \/>\n<em> Te\u017c w obliczu do\u015bwiadcze\u0144 innych<\/em><br \/>\n<em> Do \u015brodowiska teraz najbardziej naturalnego mojego \u017cycia<\/em><br \/>\n<em> Powr\u00f3t do \u017cony i tego co razem wsp\u00f3\u0142tworzymy<\/em><br \/>\n<em> Ale to wszystko co by\u0142o<\/em><br \/>\n<em> Te\u017c w nas jako\u015b \u017cyje<\/em><br \/>\n<em> To nas wsp\u00f3\u0142tworzy\u0142o<\/em><br \/>\n<em> I jest wa\u017cnym i aktualnie odniesieniem<\/em><br \/>\n<em> Cho\u0107 mo\u017ce zmieni\u0142y si\u0119 troch\u0119 \u017cycia akcenty<\/em><br \/>\n<em> Za wszystko trzeba by\u0107 Bogu wdzi\u0119cznym<\/em><br \/>\n<em> I wam wszystkim dzi\u0119kuj\u0119<\/em><br \/>\n<em> Kt\u00f3rzy mnie wsp\u00f3\u0142tworzyli\u015bcie<\/em><br \/>\n<em> Jeste\u015bcie we mnie i kiedy\u015b si\u0119 do tego wr\u00f3ci ufam jeszcze<\/em><br \/>\n<em> I tym wszystkim kt\u00f3rzy dzi\u015b ze mn\u0105 \u017cycie wsp\u00f3\u0142dziel\u0105<\/em><\/p>\n<p><em>Nawet je\u015bli nie wszystko<\/em><br \/>\n<em> By\u0142o czy jest idealne<\/em><br \/>\n<em> Wa\u017cne aby to prze\u017cywa\u0107 w prawdzie<\/em><br \/>\n<em> W nakierowanie ku dobru<\/em><br \/>\n<em> I fajnie gdy to wszystko roz\u015bwietla \u015bwiat\u0142o wiary<\/em><br \/>\n<em> Bo wiara integruje ku mi\u0142o\u015bci<\/em><br \/>\n<em> Mimo wszystko<\/em><br \/>\n<em> Cz\u0142owiek staje si\u0119 pe\u0142niejszy<\/em><br \/>\n<em> Takie moje \u015bwiadectwo<\/em><\/p>\n<p style=\"text-align: center;\"><a href=\"https:\/\/youtu.be\/NTNcxGVgn9I\"><strong><em>Jacek Kaczmarski &#8211; Nasza klasa<\/em><\/strong><\/a><\/p>\n","protected":false},"excerpt":{"rendered":"<p>P\u0142aszczyzny drzew \u017cycia \/ nak\u0142adaj\u0105ce si\u0119 na siebie \/\/ ku \u017cyciu pe\u0142nemu W cz\u0142owieku wiele p\u0142aszczyzn \u017cyje Wa\u017cne aby one zintegrowa\u0142y si\u0119 wewn\u0119trznie Tak by&hellip; <\/p>\n","protected":false},"author":1,"featured_media":0,"parent":0,"menu_order":0,"comment_status":"closed","ping_status":"closed","template":"","meta":{"footnotes":""},"class_list":["post-5572","page","type-page","status-publish","hentry"],"_links":{"self":[{"href":"https:\/\/hubertpietka.bialystok.pl\/index.php?rest_route=\/wp\/v2\/pages\/5572","targetHints":{"allow":["GET"]}}],"collection":[{"href":"https:\/\/hubertpietka.bialystok.pl\/index.php?rest_route=\/wp\/v2\/pages"}],"about":[{"href":"https:\/\/hubertpietka.bialystok.pl\/index.php?rest_route=\/wp\/v2\/types\/page"}],"author":[{"embeddable":true,"href":"https:\/\/hubertpietka.bialystok.pl\/index.php?rest_route=\/wp\/v2\/users\/1"}],"replies":[{"embeddable":true,"href":"https:\/\/hubertpietka.bialystok.pl\/index.php?rest_route=%2Fwp%2Fv2%2Fcomments&post=5572"}],"version-history":[{"count":1,"href":"https:\/\/hubertpietka.bialystok.pl\/index.php?rest_route=\/wp\/v2\/pages\/5572\/revisions"}],"predecessor-version":[{"id":5574,"href":"https:\/\/hubertpietka.bialystok.pl\/index.php?rest_route=\/wp\/v2\/pages\/5572\/revisions\/5574"}],"wp:attachment":[{"href":"https:\/\/hubertpietka.bialystok.pl\/index.php?rest_route=%2Fwp%2Fv2%2Fmedia&parent=5572"}],"curies":[{"name":"wp","href":"https:\/\/api.w.org\/{rel}","templated":true}]}}