{"id":5578,"date":"2022-05-12T22:52:47","date_gmt":"2022-05-12T22:52:47","guid":{"rendered":"http:\/\/hubertpietka.bialystok.pl\/?page_id=5578"},"modified":"2022-05-12T22:52:47","modified_gmt":"2022-05-12T22:52:47","slug":"prawdziwe-bohaterstwo-obroncow-a-napastliwosc-wspanialych-bohaterow","status":"publish","type":"page","link":"https:\/\/hubertpietka.bialystok.pl\/?page_id=5578","title":{"rendered":"Prawdziwe bohaterstwo obro\u0144c\u00f3w \/ a napastliwo\u015b\u0107 wspania\u0142ych bohater\u00f3w"},"content":{"rendered":"<p><em><strong>Prawdziwe bohaterstwo obro\u0144c\u00f3w \/ a napastliwo\u015b\u0107 wspania\u0142ych bohater\u00f3w<\/strong><\/em><\/p>\n<p>Prawdziwi bohaterowie w *Azowstalu*<br \/>\nOni tam jednak i *a-zostali*<br \/>\nI walcz\u0105 dalej<br \/>\n*A-zoo-w-stali* w nich wali<br \/>\n\u017be si\u0119 tak wyra\u017c\u0119 przeno\u015bnie<\/p>\n<p>A tutaj ostatnio upodobali sobie<br \/>\nWspaniali bohaterowie ten moment<br \/>\nJak wchodzi czy wychodzi wielki cz\u0142owiek<br \/>\nSzczeg\u00f3lnie to pierwsze<br \/>\nBo tak si\u0119 jako\u015b sk\u0142ada<br \/>\n\u017be nigdy nie wiadomo<br \/>\nKiedy tak wielki cz\u0142owiek ma wr\u00f3ci\u0107<\/p>\n<p>A r\u00f3\u017cnica mi\u0119dzy bohaterami prawdziwymi<br \/>\nA tymi wspania\u0142ymi jest taka<br \/>\n\u017be ci si\u0119 broni\u0105 a tamci nastaj\u0105<br \/>\nTacy to s\u0105 bohaterowie wspaniali<br \/>\n\u017be prawie nie ma si\u0142y na nich<br \/>\nI ka\u017cdy moment mo\u017ce by\u0107 te\u017c<br \/>\nDla nich w\u0142a\u015bciwie<\/p>\n<p><a href=\"http:\/\/hubertpietka.bialystok.pl\/wp-content\/uploads\/2022\/05\/IMG_20220513_003712.jpg\"><img loading=\"lazy\" decoding=\"async\" class=\"alignnone size-thumbnail wp-image-5579\" src=\"http:\/\/hubertpietka.bialystok.pl\/wp-content\/uploads\/2022\/05\/IMG_20220513_003712-150x150.jpg\" alt=\"\" width=\"150\" height=\"150\" srcset=\"https:\/\/hubertpietka.bialystok.pl\/wp-content\/uploads\/2022\/05\/IMG_20220513_003712-150x150.jpg 150w, https:\/\/hubertpietka.bialystok.pl\/wp-content\/uploads\/2022\/05\/IMG_20220513_003712-75x75.jpg 75w\" sizes=\"auto, (max-width: 150px) 100vw, 150px\" \/><\/a><\/p>\n<p><strong>Na zdj. Matka Bo\u017ca Fatimska<\/strong><br \/>\n<strong> W sanktuarium *sul-i-s\u0142awickim*<\/strong><br \/>\n<strong> Trzeba zawsze dla *Maryi robi\u0107 pole*<\/strong><br \/>\n<strong> Mie\u0107 *s\u00f3l* w sobie<\/strong><br \/>\n<strong> *I s\u0142awi\u0107* Boga w Maryi<\/strong><br \/>\n<strong> Tak i w *Mariu-polu*<\/strong><br \/>\n<strong> Nie mo\u017cna zostawi\u0107 bohaterskich obro\u0144c\u00f3w<\/strong><br \/>\n<strong> Samych sobie na <em>pastw\u0119 losu<\/em><\/strong><br \/>\n<strong> Cz\u0142owiek powinien zawsze to co powinien zrobi\u0107<\/strong><br \/>\n<strong> A reszt\u0119 dopiero zostawi\u0107 Bogu<\/strong><br \/>\n<strong> S\u00f3l wiary ale i konieczne odpowiednie dzia\u0142anie<\/strong><\/p>\n<p style=\"text-align: center;\"><a href=\"https:\/\/youtu.be\/v8LSz4Zbsdw\"><em><strong>Lady Pank &#8211; Fabryka Ma\u0142p<\/strong><\/em><\/a><\/p>\n","protected":false},"excerpt":{"rendered":"<p>Prawdziwe bohaterstwo obro\u0144c\u00f3w \/ a napastliwo\u015b\u0107 wspania\u0142ych bohater\u00f3w Prawdziwi bohaterowie w *Azowstalu* Oni tam jednak i *a-zostali* I walcz\u0105 dalej *A-zoo-w-stali* w nich wali \u017be&hellip; <\/p>\n","protected":false},"author":1,"featured_media":0,"parent":0,"menu_order":0,"comment_status":"closed","ping_status":"closed","template":"","meta":{"footnotes":""},"class_list":["post-5578","page","type-page","status-publish","hentry"],"_links":{"self":[{"href":"https:\/\/hubertpietka.bialystok.pl\/index.php?rest_route=\/wp\/v2\/pages\/5578","targetHints":{"allow":["GET"]}}],"collection":[{"href":"https:\/\/hubertpietka.bialystok.pl\/index.php?rest_route=\/wp\/v2\/pages"}],"about":[{"href":"https:\/\/hubertpietka.bialystok.pl\/index.php?rest_route=\/wp\/v2\/types\/page"}],"author":[{"embeddable":true,"href":"https:\/\/hubertpietka.bialystok.pl\/index.php?rest_route=\/wp\/v2\/users\/1"}],"replies":[{"embeddable":true,"href":"https:\/\/hubertpietka.bialystok.pl\/index.php?rest_route=%2Fwp%2Fv2%2Fcomments&post=5578"}],"version-history":[{"count":1,"href":"https:\/\/hubertpietka.bialystok.pl\/index.php?rest_route=\/wp\/v2\/pages\/5578\/revisions"}],"predecessor-version":[{"id":5580,"href":"https:\/\/hubertpietka.bialystok.pl\/index.php?rest_route=\/wp\/v2\/pages\/5578\/revisions\/5580"}],"wp:attachment":[{"href":"https:\/\/hubertpietka.bialystok.pl\/index.php?rest_route=%2Fwp%2Fv2%2Fmedia&parent=5578"}],"curies":[{"name":"wp","href":"https:\/\/api.w.org\/{rel}","templated":true}]}}