{"id":5587,"date":"2022-05-17T07:37:03","date_gmt":"2022-05-17T07:37:03","guid":{"rendered":"http:\/\/hubertpietka.bialystok.pl\/?page_id=5587"},"modified":"2022-05-17T07:37:03","modified_gmt":"2022-05-17T07:37:03","slug":"nierozlaczne-elementy-aferki-dedykowanej-odpowiednio","status":"publish","type":"page","link":"https:\/\/hubertpietka.bialystok.pl\/?page_id=5587","title":{"rendered":"Nieroz\u0142\u0105czne elementy aferki \/ dedykowanej odpowiednio"},"content":{"rendered":"<p><em><strong>Nieroz\u0142\u0105czne elementy aferki \/ dedykowanej odpowiednio<\/strong><\/em><\/p>\n<p>Tak niewiele trzeba<br \/>\nCz\u0142owiek wielki<br \/>\nNa dworze jak wchodzi czy wychodzi<br \/>\nWspania\u0142e bohaterstwo<br \/>\nI aferka<br \/>\nTak niewiele trzeba<\/p>\n<p>W dowolnej kolejno\u015bci<br \/>\n<em>Cz\u0142owiek wielki &#8211; aferka &#8211; wspaniale bohaterstwo<\/em><br \/>\n<em> Wspaniali bohaterowie &#8211; aferka &#8211; cz\u0142owiek wielki<\/em><br \/>\n<em> Cz\u0142owiek wielki &#8211; wspania\u0142e bohaterstwo &#8211; aferka<\/em><br \/>\nTak niewiele trzeba<\/p>\n<p>Sk\u0142adniki niezbywalne tu<br \/>\nDo rozprawy<br \/>\nZ tym ma\u0142ym<\/p>\n<p style=\"text-align: right;\"><a href=\"https:\/\/youtu.be\/44Qx7jb5q5U\"><em><strong>Borysewicz &amp; Kukiz &#8211; Bo tutaj jest jak jest<\/strong><\/em><\/a><\/p>\n<p><a href=\"http:\/\/hubertpietka.bialystok.pl\/wp-content\/uploads\/2022\/05\/IMG_20220517_090910.jpg\"><img loading=\"lazy\" decoding=\"async\" class=\"alignnone size-thumbnail wp-image-5588\" src=\"http:\/\/hubertpietka.bialystok.pl\/wp-content\/uploads\/2022\/05\/IMG_20220517_090910-150x150.jpg\" alt=\"\" width=\"150\" height=\"150\" srcset=\"https:\/\/hubertpietka.bialystok.pl\/wp-content\/uploads\/2022\/05\/IMG_20220517_090910-150x150.jpg 150w, https:\/\/hubertpietka.bialystok.pl\/wp-content\/uploads\/2022\/05\/IMG_20220517_090910-75x75.jpg 75w\" sizes=\"auto, (max-width: 150px) 100vw, 150px\" \/><\/a><\/p>\n<p><strong>Na zdj. Figurka Maryi blisko centrum Buska<\/strong><br \/>\n<strong> Gromadz\u0105 si\u0119 tam pi\u0119knie<\/strong><br \/>\n<strong> Czciciele loreta\u0144skiej Pani<\/strong><br \/>\n<strong> I duzi i mali<\/strong><br \/>\n<strong> Kiedy\u015b jak Polska d\u0142uga i szeroka<\/strong><br \/>\n<strong> Wsz\u0119dzie rozbrzmiewa\u0142a Maryjna litania<\/strong><br \/>\n<strong> I teraz poniek\u0105d to si\u0119 dzieje<\/strong><br \/>\n<strong> W r\u00f3\u017cnej skali i przy r\u00f3\u017cnym ilo\u015bciowym zaanga\u017cowaniu<\/strong><\/p>\n<p><strong><em>Pociecho przybysz\u00f3w i ich przyjmuj\u0105cych<\/em><\/strong><br \/>\n<strong> M\u00f3dl si\u0119 za nami<\/strong><br \/>\n<strong> Bo cho\u0107 Polska przyj\u0119\u0142a ponad 3 miliony uchod\u017ac\u00f3w z Ukrainy<\/strong><br \/>\n<strong> I to na niej spocz\u0119\u0142o najwi\u0119ksze obci\u0105\u017cenie w twej kwestii<\/strong><br \/>\n<strong> To raczej z nik\u0105d pomocy<\/strong><\/p>\n<p style=\"text-align: center;\"><a href=\"https:\/\/youtu.be\/EWkdS6bRWbg\"><em><strong>&#8230; Litania loreta\u0144ska do Matki Bo\u017cej &#8230; Ks. Teodor Teoba\u0144kologia<\/strong><\/em><\/a><\/p>\n","protected":false},"excerpt":{"rendered":"<p>Nieroz\u0142\u0105czne elementy aferki \/ dedykowanej odpowiednio Tak niewiele trzeba Cz\u0142owiek wielki Na dworze jak wchodzi czy wychodzi Wspania\u0142e bohaterstwo I aferka Tak niewiele trzeba W&hellip; <\/p>\n","protected":false},"author":1,"featured_media":0,"parent":0,"menu_order":0,"comment_status":"closed","ping_status":"closed","template":"","meta":{"footnotes":""},"class_list":["post-5587","page","type-page","status-publish","hentry"],"_links":{"self":[{"href":"https:\/\/hubertpietka.bialystok.pl\/index.php?rest_route=\/wp\/v2\/pages\/5587","targetHints":{"allow":["GET"]}}],"collection":[{"href":"https:\/\/hubertpietka.bialystok.pl\/index.php?rest_route=\/wp\/v2\/pages"}],"about":[{"href":"https:\/\/hubertpietka.bialystok.pl\/index.php?rest_route=\/wp\/v2\/types\/page"}],"author":[{"embeddable":true,"href":"https:\/\/hubertpietka.bialystok.pl\/index.php?rest_route=\/wp\/v2\/users\/1"}],"replies":[{"embeddable":true,"href":"https:\/\/hubertpietka.bialystok.pl\/index.php?rest_route=%2Fwp%2Fv2%2Fcomments&post=5587"}],"version-history":[{"count":1,"href":"https:\/\/hubertpietka.bialystok.pl\/index.php?rest_route=\/wp\/v2\/pages\/5587\/revisions"}],"predecessor-version":[{"id":5589,"href":"https:\/\/hubertpietka.bialystok.pl\/index.php?rest_route=\/wp\/v2\/pages\/5587\/revisions\/5589"}],"wp:attachment":[{"href":"https:\/\/hubertpietka.bialystok.pl\/index.php?rest_route=%2Fwp%2Fv2%2Fmedia&parent=5587"}],"curies":[{"name":"wp","href":"https:\/\/api.w.org\/{rel}","templated":true}]}}