{"id":5591,"date":"2022-05-20T23:11:11","date_gmt":"2022-05-20T23:11:11","guid":{"rendered":"http:\/\/hubertpietka.bialystok.pl\/?page_id=5591"},"modified":"2022-05-20T23:11:11","modified_gmt":"2022-05-20T23:11:11","slug":"zanim-przyjdzie-duch-swiety","status":"publish","type":"page","link":"https:\/\/hubertpietka.bialystok.pl\/?page_id=5591","title":{"rendered":"Zanim przyjdzie \/ Duch \u015awi\u0119ty"},"content":{"rendered":"<p><em><strong>Zanim przyjdzie \/ Duch \u015awi\u0119ty<\/strong><\/em><\/p>\n<p><em>Przed Ducha \u015awi\u0119tego zes\u0142aniem<\/em><br \/>\nDobrze by\u0142oby powstrzyma\u0107 si\u0119<br \/>\nPrzed ba\u0142wochwalstwem<br \/>\nPowstrzyma\u0107 si\u0119 od krwi<br \/>\nCzyli zadawania \u015bmierci<br \/>\nChyba \u017ce w obronie koniecznej<br \/>\nOd tego co u-duszone<br \/>\nCzyli tego co kr\u0119puje dusz\u0119<br \/>\nCzyli przed grzechem ci\u0119\u017ckim<br \/>\nWreszcie od nierz\u0105du czyli nieczysto\u015bci<br \/>\nDobrze by by\u0142o gdyby\u015bmy<br \/>\nPowstrzymali si\u0119 od tego<br \/>\n<em>Przed rozes\u0142aniem Ducha \u015awi\u0119tego<\/em><\/p>\n<p>A podobno Rosja planuje<br \/>\nPrzeprowadzi\u0107 <em>specjaln\u0105 operacj\u0119 militarn\u0105<\/em><br \/>\nNa *Mo\u0142-dawi*<br \/>\nCzyli napa\u015b\u0107 zbrojnie ten kraj<br \/>\nI *mordami* go *d\u0142awi\u0107*<br \/>\nJak Ukrain\u0119?<\/p>\n<p>*Mordem* te\u017c *zd\u0142awi\u0107* chc\u0105 tu mnie inni troch\u0119<br \/>\n\u017be o mojej \u017conie ju\u017c nie wspomn\u0119<br \/>\nBohaterowie wspaniali tylko luki szukaj\u0105<br \/>\nBy tu wtargn\u0105\u0107 po mnie<br \/>\nI nastawaj\u0105 ju\u017c niemal permanentnie<br \/>\nTacy czy inni<br \/>\nNiewa\u017cne modlitwa praca czy odpoczynek<br \/>\nA cz\u0142owiek wielki tak si\u0119 sk\u0142ada<br \/>\n\u017be pokazuje si\u0119 na dworze<br \/>\nW godzinach cyklu dobowego naznaczonych pokr\u0119tnie<br \/>\nAle on przecie\u017c wszystko<br \/>\nNiewinnie i przypadkowo<\/p>\n<p><a href=\"http:\/\/hubertpietka.bialystok.pl\/wp-content\/uploads\/2022\/05\/IMG_20220521_004954.jpg\"><img loading=\"lazy\" decoding=\"async\" class=\"alignnone size-thumbnail wp-image-5592\" src=\"http:\/\/hubertpietka.bialystok.pl\/wp-content\/uploads\/2022\/05\/IMG_20220521_004954-150x150.jpg\" alt=\"\" width=\"150\" height=\"150\" srcset=\"https:\/\/hubertpietka.bialystok.pl\/wp-content\/uploads\/2022\/05\/IMG_20220521_004954-150x150.jpg 150w, https:\/\/hubertpietka.bialystok.pl\/wp-content\/uploads\/2022\/05\/IMG_20220521_004954-75x75.jpg 75w\" sizes=\"auto, (max-width: 150px) 100vw, 150px\" \/><\/a><\/p>\n<p><em><strong>Na zdj. Matka Bo\u017ca R\u00f3\u017ca\u0144cowa<\/strong><\/em><br \/>\n<em><strong>Na rynku w Ole\u015bnicy<\/strong><\/em><br \/>\n<em><strong>Kierunki Ducha \u015awi\u0119tego ol\u015bnie\u0144<\/strong><\/em><br \/>\n<em><strong> Najlepiej wypatrywa\u0107 z ni\u0105<\/strong><\/em><br \/>\n<em><strong> Prowad\u017a Maryjo<\/strong><\/em><\/p>\n<p style=\"text-align: center;\"><a href=\"https:\/\/youtu.be\/TeT7G7dK5Fo\"><em><strong>Maryjo ty\u015b nasz\u0105 nadziej\u0105 &#8211; Zesp\u00f3\u0142 Oratorium<\/strong><\/em><\/a><\/p>\n","protected":false},"excerpt":{"rendered":"<p>Zanim przyjdzie \/ Duch \u015awi\u0119ty Przed Ducha \u015awi\u0119tego zes\u0142aniem Dobrze by\u0142oby powstrzyma\u0107 si\u0119 Przed ba\u0142wochwalstwem Powstrzyma\u0107 si\u0119 od krwi Czyli zadawania \u015bmierci Chyba \u017ce w&hellip; <\/p>\n","protected":false},"author":1,"featured_media":0,"parent":0,"menu_order":0,"comment_status":"closed","ping_status":"closed","template":"","meta":{"footnotes":""},"class_list":["post-5591","page","type-page","status-publish","hentry"],"_links":{"self":[{"href":"https:\/\/hubertpietka.bialystok.pl\/index.php?rest_route=\/wp\/v2\/pages\/5591","targetHints":{"allow":["GET"]}}],"collection":[{"href":"https:\/\/hubertpietka.bialystok.pl\/index.php?rest_route=\/wp\/v2\/pages"}],"about":[{"href":"https:\/\/hubertpietka.bialystok.pl\/index.php?rest_route=\/wp\/v2\/types\/page"}],"author":[{"embeddable":true,"href":"https:\/\/hubertpietka.bialystok.pl\/index.php?rest_route=\/wp\/v2\/users\/1"}],"replies":[{"embeddable":true,"href":"https:\/\/hubertpietka.bialystok.pl\/index.php?rest_route=%2Fwp%2Fv2%2Fcomments&post=5591"}],"version-history":[{"count":1,"href":"https:\/\/hubertpietka.bialystok.pl\/index.php?rest_route=\/wp\/v2\/pages\/5591\/revisions"}],"predecessor-version":[{"id":5593,"href":"https:\/\/hubertpietka.bialystok.pl\/index.php?rest_route=\/wp\/v2\/pages\/5591\/revisions\/5593"}],"wp:attachment":[{"href":"https:\/\/hubertpietka.bialystok.pl\/index.php?rest_route=%2Fwp%2Fv2%2Fmedia&parent=5591"}],"curies":[{"name":"wp","href":"https:\/\/api.w.org\/{rel}","templated":true}]}}