{"id":5595,"date":"2022-05-22T23:53:09","date_gmt":"2022-05-22T23:53:09","guid":{"rendered":"http:\/\/hubertpietka.bialystok.pl\/?page_id=5595"},"modified":"2022-05-22T23:53:09","modified_gmt":"2022-05-22T23:53:09","slug":"chociazby-i-szklarnia","status":"publish","type":"page","link":"https:\/\/hubertpietka.bialystok.pl\/?page_id=5595","title":{"rendered":"Chocia\u017cby i \/ szklarnia"},"content":{"rendered":"<p><em><strong>Chocia\u017cby i \/ szklarnia<\/strong><\/em><\/p>\n<p>A czy\u017c tutaj nie maj\u0105 mie\u0107 czasem miejsce<br \/>\n<em>Goscinne wyst\u0119py<\/em> jakie\u015b<br \/>\nSi\u0119 jednak okazuje<br \/>\n\u017be bohaterstwo wspania\u0142e<br \/>\nNie ogranicza si\u0119 tylko do stron tych<\/p>\n<p>A jak to si\u0119 dzieje<br \/>\n\u017be niekt\u00f3rzy \u017cyj\u0105 w l\u0119ku<br \/>\nA inni si\u0119 w tym wszystkim czuj\u0105 nie inaczej<br \/>\nJak przys\u0142owiowe <em>p\u0105czki w ma\u015ble<\/em><br \/>\nS\u0105 ca\u0142kowicie nietykalni jak to jest<\/p>\n<p><a href=\"http:\/\/hubertpietka.bialystok.pl\/wp-content\/uploads\/2022\/05\/IMG_20220523_011816.jpg\"><img loading=\"lazy\" decoding=\"async\" class=\"alignnone size-thumbnail wp-image-5596\" src=\"http:\/\/hubertpietka.bialystok.pl\/wp-content\/uploads\/2022\/05\/IMG_20220523_011816-150x150.jpg\" alt=\"\" width=\"150\" height=\"150\" srcset=\"https:\/\/hubertpietka.bialystok.pl\/wp-content\/uploads\/2022\/05\/IMG_20220523_011816-150x150.jpg 150w, https:\/\/hubertpietka.bialystok.pl\/wp-content\/uploads\/2022\/05\/IMG_20220523_011816-75x75.jpg 75w\" sizes=\"auto, (max-width: 150px) 100vw, 150px\" \/><\/a><\/p>\n<p><strong>Na zdj. \u0141awka szkolna w muzeum \u017beromskiego w Kielcach<\/strong><br \/>\n<strong> Koniecznie chc\u0105 mnie <em>w kozie zamkn\u0105\u0107<\/em><\/strong><br \/>\n<strong> Tak si\u0119 m\u00f3wi\u0142o kiedy\u015b<\/strong><br \/>\n<strong> Gdy uczni\u00f3w z klasy si\u0119 na osobno\u015b\u0107 <em>wyprasza\u0142o<\/em><\/strong><\/p>\n<p><strong>A my Ci\u0119 prosimy Bo\u017ce<\/strong><br \/>\n<strong> Tylko o bezpieczny spokojny domek<\/strong><br \/>\n<strong> Nawet i ma\u0142y<\/strong><br \/>\n<strong> Jak ten loreta\u0144skiej Pani<\/strong><br \/>\n<strong> Albo i mo\u017ce by\u0107 szklany<\/strong><br \/>\n<strong> Jak ten z \u017beromskiego <em>Przedwio\u015bnia<\/em><\/strong><br \/>\n<strong> Czy ten kt\u00f3ry uczynili\u015bmy tu dla uprawy warzyw<\/strong><br \/>\n<strong> Niestety do zamieszkania niezbyt si\u0119 nadaj\u0105cy<\/strong><br \/>\n<strong> A w sumie na marginesie teraz pogoda jak z przedwio\u015bnia<\/strong><br \/>\n<strong> Zimno tylko deszczu nie ma<\/strong><\/p>\n<p style=\"text-align: right;\"><a href=\"https:\/\/youtu.be\/I66fM_Xg-TA\"><em><strong>Doda &#8211; Znak pokoju<\/strong><\/em><\/a><\/p>\n","protected":false},"excerpt":{"rendered":"<p>Chocia\u017cby i \/ szklarnia A czy\u017c tutaj nie maj\u0105 mie\u0107 czasem miejsce Goscinne wyst\u0119py jakie\u015b Si\u0119 jednak okazuje \u017be bohaterstwo wspania\u0142e Nie ogranicza si\u0119 tylko&hellip; <\/p>\n","protected":false},"author":1,"featured_media":0,"parent":0,"menu_order":0,"comment_status":"closed","ping_status":"closed","template":"","meta":{"footnotes":""},"class_list":["post-5595","page","type-page","status-publish","hentry"],"_links":{"self":[{"href":"https:\/\/hubertpietka.bialystok.pl\/index.php?rest_route=\/wp\/v2\/pages\/5595","targetHints":{"allow":["GET"]}}],"collection":[{"href":"https:\/\/hubertpietka.bialystok.pl\/index.php?rest_route=\/wp\/v2\/pages"}],"about":[{"href":"https:\/\/hubertpietka.bialystok.pl\/index.php?rest_route=\/wp\/v2\/types\/page"}],"author":[{"embeddable":true,"href":"https:\/\/hubertpietka.bialystok.pl\/index.php?rest_route=\/wp\/v2\/users\/1"}],"replies":[{"embeddable":true,"href":"https:\/\/hubertpietka.bialystok.pl\/index.php?rest_route=%2Fwp%2Fv2%2Fcomments&post=5595"}],"version-history":[{"count":1,"href":"https:\/\/hubertpietka.bialystok.pl\/index.php?rest_route=\/wp\/v2\/pages\/5595\/revisions"}],"predecessor-version":[{"id":5597,"href":"https:\/\/hubertpietka.bialystok.pl\/index.php?rest_route=\/wp\/v2\/pages\/5595\/revisions\/5597"}],"wp:attachment":[{"href":"https:\/\/hubertpietka.bialystok.pl\/index.php?rest_route=%2Fwp%2Fv2%2Fmedia&parent=5595"}],"curies":[{"name":"wp","href":"https:\/\/api.w.org\/{rel}","templated":true}]}}