{"id":5599,"date":"2022-05-24T22:58:06","date_gmt":"2022-05-24T22:58:06","guid":{"rendered":"http:\/\/hubertpietka.bialystok.pl\/?page_id=5599"},"modified":"2022-05-24T22:58:06","modified_gmt":"2022-05-24T22:58:06","slug":"zapiski-o-spisku","status":"publish","type":"page","link":"https:\/\/hubertpietka.bialystok.pl\/?page_id=5599","title":{"rendered":"Zapiski \/ o spisku"},"content":{"rendered":"<p><em><strong>Zapiski \/ o spisku<\/strong><\/em><\/p>\n<p>Najwi\u0119ksze k\u0142amstwo szata\u0144skie polega na tym<br \/>\n\u017be kto\u015b nie ma prawa do \u017cycia<br \/>\nMimo \u017ce nic z\u0142ego tak naprawd\u0119 nie uczyni\u0142<br \/>\nA blisk\u0105 mi osob\u0119 dotyka to od jej zarania<br \/>\nNa wszelkie mo\u017cliwe sposoby<br \/>\nBo czy\u017c szatan nie wie<br \/>\nDo czego cz\u0142owiek w Bogu jest przeznaczony<br \/>\nI uderza swym k\u0142amstwem<br \/>\nW to co jest fundamentalne<\/p>\n<p>A czy\u017c B\u00f3g jest z prze\u015bladowanymi<br \/>\nCzy z prze\u015bladowcami<br \/>\nOn kt\u00f3ry sam do\u015bwiadczy\u0142 niewinnie<br \/>\nR\u00f3\u017cnych prze\u015bladowa\u0144<br \/>\nZ kim jest B\u00f3g<br \/>\nI wobec tego z kogo s\u0105 prze\u015bladowcy<br \/>\nA B\u00f3g jest z broni\u0105c\u0105 si\u0119 przed napastnikiem Ukrain\u0105<br \/>\nCzy z tymi kt\u00f3rzy przemoc tam czyni\u0105<\/p>\n<p>A tutaj ukartowano wszystko<br \/>\nI przetasowano na wszelkie mo\u017cliwe sposoby<br \/>\nZmowa<br \/>\nWielki cz\u0142owiek milusie misie<br \/>\nI zapewne kto\u015b tam jeszcze<br \/>\nPrzecie\u017c st\u0105d si\u0119 trafia na konkretny oddzia\u0142<br \/>\nTutaj jest rejonizacja<br \/>\nA tam ju\u017c z cz\u0142owiekiem mo\u017ce sta\u0107 si\u0119 wszystko<br \/>\nI na pewno si\u0119 uda go skutecznie unieszkodliwi\u0107<br \/>\nZmowa od pocz\u0105tku do ko\u0144ca<br \/>\nTylko zmieniaj\u0105 si\u0119 akcenty<br \/>\nAle tak to ma finalnie wygl\u0105da\u0107<\/p>\n<p>A takie czy inne misie<br \/>\nTo sw\u0105 dzia\u0142alno\u015b\u0107 mog\u0105 kontynuowa\u0107<br \/>\nPoza granicami tej posiad\u0142o\u015bci<br \/>\nDo kt\u00f3rej kto\u015b sobie prawo ro\u015bci<br \/>\nAle to tak na marginesie tylko<br \/>\nNies\u0142usznie zreszt\u0105 i mo\u017ce z tego wynika to wszystko<br \/>\nPrzecie\u017c misie s\u0105 wsz\u0119dzie<br \/>\nA ten kto\u015b zapewne<br \/>\nJak ju\u017c b\u0119dzie z nami koniec<br \/>\nB\u0119dzie m\u00f3g\u0142 spokojnie degustowa\u0107<br \/>\nTo co lubi najbardziej<br \/>\nProcenty wi\u0119ksze mniejsze<br \/>\nTrzeba mie\u0107 troch\u0119 zdrowia do tego<br \/>\nCho\u0107by procenty lat kredytowych<br \/>\nW konsumenckiej upad\u0142o\u015bci<\/p>\n<p><a href=\"http:\/\/hubertpietka.bialystok.pl\/wp-content\/uploads\/2022\/05\/IMG_20220525_004055.jpg\"><img loading=\"lazy\" decoding=\"async\" class=\"alignnone size-thumbnail wp-image-5600\" src=\"http:\/\/hubertpietka.bialystok.pl\/wp-content\/uploads\/2022\/05\/IMG_20220525_004055-150x150.jpg\" alt=\"\" width=\"150\" height=\"150\" srcset=\"https:\/\/hubertpietka.bialystok.pl\/wp-content\/uploads\/2022\/05\/IMG_20220525_004055-150x150.jpg 150w, https:\/\/hubertpietka.bialystok.pl\/wp-content\/uploads\/2022\/05\/IMG_20220525_004055-75x75.jpg 75w\" sizes=\"auto, (max-width: 150px) 100vw, 150px\" \/><\/a><\/p>\n<p><em><strong>Na zdj. M jak Maryja<\/strong><\/em><br \/>\n<em><strong> Chroni\u0119 nas naszych i nasze<\/strong><\/em><br \/>\n<em><strong> W jej imieniu<\/strong><\/em><br \/>\n<em><strong> Ona jest naszym domkiem<\/strong><\/em><br \/>\n<em><strong> I je\u015bli cokolwiek cokolwieczunio<\/strong><\/em><\/p>\n","protected":false},"excerpt":{"rendered":"<p>Zapiski \/ o spisku Najwi\u0119ksze k\u0142amstwo szata\u0144skie polega na tym \u017be kto\u015b nie ma prawa do \u017cycia Mimo \u017ce nic z\u0142ego tak naprawd\u0119 nie uczyni\u0142&hellip; <\/p>\n","protected":false},"author":1,"featured_media":0,"parent":0,"menu_order":0,"comment_status":"closed","ping_status":"closed","template":"","meta":{"footnotes":""},"class_list":["post-5599","page","type-page","status-publish","hentry"],"_links":{"self":[{"href":"https:\/\/hubertpietka.bialystok.pl\/index.php?rest_route=\/wp\/v2\/pages\/5599","targetHints":{"allow":["GET"]}}],"collection":[{"href":"https:\/\/hubertpietka.bialystok.pl\/index.php?rest_route=\/wp\/v2\/pages"}],"about":[{"href":"https:\/\/hubertpietka.bialystok.pl\/index.php?rest_route=\/wp\/v2\/types\/page"}],"author":[{"embeddable":true,"href":"https:\/\/hubertpietka.bialystok.pl\/index.php?rest_route=\/wp\/v2\/users\/1"}],"replies":[{"embeddable":true,"href":"https:\/\/hubertpietka.bialystok.pl\/index.php?rest_route=%2Fwp%2Fv2%2Fcomments&post=5599"}],"version-history":[{"count":1,"href":"https:\/\/hubertpietka.bialystok.pl\/index.php?rest_route=\/wp\/v2\/pages\/5599\/revisions"}],"predecessor-version":[{"id":5601,"href":"https:\/\/hubertpietka.bialystok.pl\/index.php?rest_route=\/wp\/v2\/pages\/5599\/revisions\/5601"}],"wp:attachment":[{"href":"https:\/\/hubertpietka.bialystok.pl\/index.php?rest_route=%2Fwp%2Fv2%2Fmedia&parent=5599"}],"curies":[{"name":"wp","href":"https:\/\/api.w.org\/{rel}","templated":true}]}}