{"id":56,"date":"2017-01-02T13:41:03","date_gmt":"2017-01-02T13:41:03","guid":{"rendered":"http:\/\/hubertpietka.bialystok.pl\/?page_id=56"},"modified":"2020-11-14T16:33:15","modified_gmt":"2020-11-14T16:33:15","slug":"kontakt","status":"publish","type":"page","link":"https:\/\/hubertpietka.bialystok.pl\/?page_id=56","title":{"rendered":"Kontakt"},"content":{"rendered":"<p><strong>e-mail<\/strong><em><strong>:<\/strong><\/em> hubal.pientaszek@gmail.com<\/p>\n<p style=\"text-align: center;\"><a href=\"http:\/\/hubertpietka.bialystok.pl\/?page_id=3491\"><em><strong>Je\u015bli by\u015b zechcia\u0142\/a&#8230;<\/strong><\/em><\/a><\/p>\n<p>&nbsp;<\/p>\n","protected":false},"excerpt":{"rendered":"<p>e-mail: hubal.pientaszek@gmail.com Je\u015bli by\u015b zechcia\u0142\/a&#8230; &nbsp;<\/p>\n","protected":false},"author":1,"featured_media":0,"parent":0,"menu_order":0,"comment_status":"closed","ping_status":"closed","template":"","meta":{"footnotes":""},"class_list":["post-56","page","type-page","status-publish","hentry"],"_links":{"self":[{"href":"https:\/\/hubertpietka.bialystok.pl\/index.php?rest_route=\/wp\/v2\/pages\/56","targetHints":{"allow":["GET"]}}],"collection":[{"href":"https:\/\/hubertpietka.bialystok.pl\/index.php?rest_route=\/wp\/v2\/pages"}],"about":[{"href":"https:\/\/hubertpietka.bialystok.pl\/index.php?rest_route=\/wp\/v2\/types\/page"}],"author":[{"embeddable":true,"href":"https:\/\/hubertpietka.bialystok.pl\/index.php?rest_route=\/wp\/v2\/users\/1"}],"replies":[{"embeddable":true,"href":"https:\/\/hubertpietka.bialystok.pl\/index.php?rest_route=%2Fwp%2Fv2%2Fcomments&post=56"}],"version-history":[{"count":13,"href":"https:\/\/hubertpietka.bialystok.pl\/index.php?rest_route=\/wp\/v2\/pages\/56\/revisions"}],"predecessor-version":[{"id":3496,"href":"https:\/\/hubertpietka.bialystok.pl\/index.php?rest_route=\/wp\/v2\/pages\/56\/revisions\/3496"}],"wp:attachment":[{"href":"https:\/\/hubertpietka.bialystok.pl\/index.php?rest_route=%2Fwp%2Fv2%2Fmedia&parent=56"}],"curies":[{"name":"wp","href":"https:\/\/api.w.org\/{rel}","templated":true}]}}