{"id":5608,"date":"2022-05-27T08:33:12","date_gmt":"2022-05-27T08:33:12","guid":{"rendered":"http:\/\/hubertpietka.bialystok.pl\/?page_id=5608"},"modified":"2022-05-27T08:33:12","modified_gmt":"2022-05-27T08:33:12","slug":"pomoc-dobru-na-przekor-zlu","status":"publish","type":"page","link":"https:\/\/hubertpietka.bialystok.pl\/?page_id=5608","title":{"rendered":"Pom\u00f3c \/ dobru na przek\u00f3r z\u0142u"},"content":{"rendered":"<p><em><strong>Pom\u00f3c \/ dobru na przek\u00f3r z\u0142u<\/strong><\/em><\/p>\n<p>Wspania\u0142e bohaterstwo w gotowo\u015bci<br \/>\nAby rzuci\u0107 si\u0119 na mnie<br \/>\nI mnie poszarpa\u0107 jak w\u015bciek\u0142e psy<\/p>\n<p>A czy\u017c schemat nie taki ma by\u0107<br \/>\n<em>Milusie &#8211; cz\u0142owiek wielki &#8211; aferka &#8211; misie &#8211; miejsce do-*celowe*<\/em><br \/>\nMo\u017ce tu by\u0107 te\u017c drobna przeplatanka<br \/>\nCo\u015b tam mo\u017ce by\u0107 poprzek\u0142adane troszk\u0119 inaczej<\/p>\n<p>A milusie<br \/>\nStarzy znajomi czy mo\u017ce nowi<br \/>\nInstytucjonalni rodzinni czy prywatni<br \/>\nNie zabraknie tu zapewne wspania\u0142ego bohaterstwa<br \/>\nA kto te\u017c zechce zas\u0142u\u017cy\u0107 si\u0119 dla<br \/>\nCho\u0107by wielkiego cz\u0142owieka<br \/>\nI pom\u00f3c w mnie st\u0105d usuni\u0119ciu<br \/>\nKt\u00f3\u017c mo\u017ce wy\u015bwiadczy\u0107 dobro takie<br \/>\nI sta\u0107 si\u0119 milusiem wielkiego cz\u0142owieka na zawsze<\/p>\n<p>A je\u015bli wielki cz\u0142owiek<br \/>\nWszystko niewinnie i przypadkowo<br \/>\nTo sk\u0105d milusie<br \/>\nI sk\u0105d z misiami spisek<\/p>\n<p>A na jak\u0105 to ja znowu<br \/>\nChoruj\u0119 \u015bmierteln\u0105 chorob\u0119<br \/>\nKt\u00f3rej trzeba pom\u00f3c<br \/>\nPrzez tych w kt\u00f3rych zasi\u0119gu jestem<br \/>\nAby m\u00f3g\u0142 by\u0107 dope\u0142niony eutanazji efekt<\/p>\n<p>A na Ukrainie bestialstwa i zbrodnie ci\u0105gle<br \/>\nNa pomoc trzeba spieszy\u0107 cz\u0142owiekowi<br \/>\nKt\u00f3ry tam do\u015bwiadcza tych traum<br \/>\nZadawanych przez tych dla kt\u00f3rych<br \/>\nInny cz\u0142owiek chyba nie znaczy nic<br \/>\nBo jak to rozumie\u0107 inaczej<br \/>\nNa pomoc zwyk\u0142ym ludziom cierpi\u0105cym<br \/>\nI obro\u0144com ich na pomoc<br \/>\nKto tylko pom\u00f3c jako\u015b mo\u017ce<\/p>\n<p>I ma si\u0119 co\u015b sta\u0107 dalej<br \/>\nZ moj\u0105 \u017con\u0105 a jak\u017ce<br \/>\nI z tym psem no przecie\u017c<br \/>\nA pewnie i z naszymi bliskimi i dobrem naszym<br \/>\nZ\u0142o nie znosi tego<br \/>\nGdy dobro trwa zwyczajnie<\/p>\n<p><a href=\"http:\/\/hubertpietka.bialystok.pl\/wp-content\/uploads\/2022\/05\/IMG_20220527_101604.jpg\"><img loading=\"lazy\" decoding=\"async\" class=\"alignnone size-thumbnail wp-image-5609\" src=\"http:\/\/hubertpietka.bialystok.pl\/wp-content\/uploads\/2022\/05\/IMG_20220527_101604-150x150.jpg\" alt=\"\" width=\"150\" height=\"150\" srcset=\"https:\/\/hubertpietka.bialystok.pl\/wp-content\/uploads\/2022\/05\/IMG_20220527_101604-150x150.jpg 150w, https:\/\/hubertpietka.bialystok.pl\/wp-content\/uploads\/2022\/05\/IMG_20220527_101604-75x75.jpg 75w\" sizes=\"auto, (max-width: 150px) 100vw, 150px\" \/><\/a><\/p>\n<p><strong>Na zdj. Bia\u0142e kwiatki dla Matki<\/strong><br \/>\n<strong> Dla Maryi Matki wszystkich prawdziwych dzieci Bo\u017cych<\/strong><br \/>\n<strong> Bo \u017ceby tak si\u0119 nazywa\u0107<\/strong><br \/>\n<strong> Dobro trzeba czyni\u0107 a nie z\u0142o wybiera\u0107<\/strong><br \/>\n<strong> Poznaje si\u0119 po owocach<\/strong><\/p>\n<p><strong>Nikt kto z\u0142o czyni<\/strong><br \/>\n<strong> Nie jest z Boga<\/strong><br \/>\n<strong> Szczeg\u00f3lnie je\u015bli to czyni uparcie<\/strong><br \/>\n<strong> I z premedytacj\u0105<\/strong><br \/>\n<strong> Ka\u017cdy za swe czyny zap\u0142aci<\/strong><br \/>\n<strong> Jakimikolwiek te\u017c usprawiedliwia\u0142 by to wzgl\u0119dami<\/strong><br \/>\n<strong> I nigdy z\u0142a czynienie nie s\u0142u\u017cy dobru<\/strong><br \/>\n<strong> To wierutne k\u0142amstwo diab\u0142a<\/strong><\/p>\n<p style=\"text-align: center;\"><a href=\"https:\/\/youtu.be\/6noDNACv15M\"><em><strong>Ks. Pawe\u0142 Szerlowski &#8211; To Matka ukoi\u0107 mo\u017ce<\/strong><\/em><\/a><\/p>\n","protected":false},"excerpt":{"rendered":"<p>Pom\u00f3c \/ dobru na przek\u00f3r z\u0142u Wspania\u0142e bohaterstwo w gotowo\u015bci Aby rzuci\u0107 si\u0119 na mnie I mnie poszarpa\u0107 jak w\u015bciek\u0142e psy A czy\u017c schemat nie&hellip; <\/p>\n","protected":false},"author":1,"featured_media":0,"parent":0,"menu_order":0,"comment_status":"closed","ping_status":"closed","template":"","meta":{"footnotes":""},"class_list":["post-5608","page","type-page","status-publish","hentry"],"_links":{"self":[{"href":"https:\/\/hubertpietka.bialystok.pl\/index.php?rest_route=\/wp\/v2\/pages\/5608","targetHints":{"allow":["GET"]}}],"collection":[{"href":"https:\/\/hubertpietka.bialystok.pl\/index.php?rest_route=\/wp\/v2\/pages"}],"about":[{"href":"https:\/\/hubertpietka.bialystok.pl\/index.php?rest_route=\/wp\/v2\/types\/page"}],"author":[{"embeddable":true,"href":"https:\/\/hubertpietka.bialystok.pl\/index.php?rest_route=\/wp\/v2\/users\/1"}],"replies":[{"embeddable":true,"href":"https:\/\/hubertpietka.bialystok.pl\/index.php?rest_route=%2Fwp%2Fv2%2Fcomments&post=5608"}],"version-history":[{"count":1,"href":"https:\/\/hubertpietka.bialystok.pl\/index.php?rest_route=\/wp\/v2\/pages\/5608\/revisions"}],"predecessor-version":[{"id":5610,"href":"https:\/\/hubertpietka.bialystok.pl\/index.php?rest_route=\/wp\/v2\/pages\/5608\/revisions\/5610"}],"wp:attachment":[{"href":"https:\/\/hubertpietka.bialystok.pl\/index.php?rest_route=%2Fwp%2Fv2%2Fmedia&parent=5608"}],"curies":[{"name":"wp","href":"https:\/\/api.w.org\/{rel}","templated":true}]}}