{"id":5615,"date":"2022-05-29T11:14:59","date_gmt":"2022-05-29T11:14:59","guid":{"rendered":"http:\/\/hubertpietka.bialystok.pl\/?page_id=5615"},"modified":"2022-05-29T11:21:20","modified_gmt":"2022-05-29T11:21:20","slug":"zrodlo-sil-nowych","status":"publish","type":"page","link":"https:\/\/hubertpietka.bialystok.pl\/?page_id=5615","title":{"rendered":"\u0179r\u00f3d\u0142o \/ si\u0142 na nowo"},"content":{"rendered":"<p><em><strong>\u0179r\u00f3d\u0142o \/ si\u0142 na nowo<\/strong><\/em><\/p>\n<p><em>Nie tytan ze mnie<\/em><br \/>\nAle czy\u017c chwile zw\u0105tpienia<br \/>\nS\u0105 dowodem na s\u0142abo\u015b\u0107 systemu<br \/>\nCzy\u017c one nie s\u0105 i po to<br \/>\nAby na nowo<br \/>\nZweryfikowa\u0107 pewne sprawy w sobie<br \/>\nI utwierdzi\u0107 je na nowo<\/p>\n<p>\u0141atwo jest by\u0107 siebie pewnym<br \/>\nKiedy w swym r\u0119ku ma si\u0119<br \/>\nWszystkie argumenty<br \/>\nSzczeg\u00f3lnie te przymusy<br \/>\nTylko \u017ce oni nie bior\u0105 pod uwag\u0119<br \/>\nCzynnika bosko\u015bci<br \/>\nZbytnia pewno\u015b\u0107 siebie czy pycha mo\u017ce<\/p>\n<p>Pewnie \u017ce przyj\u015b\u0107 mog\u0105 i tu i tam i siam<br \/>\nKt\u00f3\u017c im zabroni<br \/>\nOd dawna to przepowiadam<br \/>\nA oni ci\u0105gle przyj\u015b\u0107 maj\u0105<br \/>\nMo\u017ce si\u0119 znajdzie luka jaka\u015b<br \/>\nI te\u017c po drodze mo\u017cna r\u00f3\u017cne zapewne<br \/>\nRzeczy urz\u0105dza\u0107<\/p>\n<p><a href=\"http:\/\/hubertpietka.bialystok.pl\/wp-content\/uploads\/2022\/05\/IMG_20220529_130044.jpg\"><img loading=\"lazy\" decoding=\"async\" class=\"alignnone size-thumbnail wp-image-5616\" src=\"http:\/\/hubertpietka.bialystok.pl\/wp-content\/uploads\/2022\/05\/IMG_20220529_130044-150x150.jpg\" alt=\"\" width=\"150\" height=\"150\" srcset=\"https:\/\/hubertpietka.bialystok.pl\/wp-content\/uploads\/2022\/05\/IMG_20220529_130044-150x150.jpg 150w, https:\/\/hubertpietka.bialystok.pl\/wp-content\/uploads\/2022\/05\/IMG_20220529_130044-75x75.jpg 75w\" sizes=\"auto, (max-width: 150px) 100vw, 150px\" \/><\/a><\/p>\n<p><strong><em>Na zdj. \u015aw. Ambro\u017cy w parku ba\u0142towskim<\/em><\/strong><br \/>\n<strong><em> Patron pszczelarzy<\/em><\/strong><br \/>\n<strong><em> Mo\u017cna mi\u00f3d mie\u0107 na ustach<\/em><\/strong><br \/>\n<strong><em> Nawet je\u015bli czasem i dostanie si\u0119 do nich odrobina dziegdziu<\/em><\/strong><br \/>\n<strong><em> Kt\u00f3\u017c jest doskona\u0142y<\/em><\/strong><br \/>\n<strong><em> A mo\u017cna te\u017c komu\u015b serwowa\u0107 gniazdo os<\/em><\/strong><br \/>\n<strong><em> W pokoju na noc<\/em><\/strong><br \/>\n<strong><em> Tak czy inaczej ave Maria<\/em><\/strong><br \/>\n<strong><em> I pok\u00f3j ludziom dobrej woli<\/em><\/strong><br \/>\n<strong><em>Jezu ufam Tobie<\/em><\/strong><\/p>\n<p style=\"text-align: center;\"><a href=\"https:\/\/youtu.be\/mEup05AKeSU\"><strong><em>\u0141ukasz \u0141yczkowski &amp; 5 Rano &#8211; Niepokonany<\/em><\/strong><\/a><\/p>\n","protected":false},"excerpt":{"rendered":"<p>\u0179r\u00f3d\u0142o \/ si\u0142 na nowo Nie tytan ze mnie Ale czy\u017c chwile zw\u0105tpienia S\u0105 dowodem na s\u0142abo\u015b\u0107 systemu Czy\u017c one nie s\u0105 i po to&hellip; <\/p>\n","protected":false},"author":1,"featured_media":0,"parent":0,"menu_order":0,"comment_status":"closed","ping_status":"closed","template":"","meta":{"footnotes":""},"class_list":["post-5615","page","type-page","status-publish","hentry"],"_links":{"self":[{"href":"https:\/\/hubertpietka.bialystok.pl\/index.php?rest_route=\/wp\/v2\/pages\/5615","targetHints":{"allow":["GET"]}}],"collection":[{"href":"https:\/\/hubertpietka.bialystok.pl\/index.php?rest_route=\/wp\/v2\/pages"}],"about":[{"href":"https:\/\/hubertpietka.bialystok.pl\/index.php?rest_route=\/wp\/v2\/types\/page"}],"author":[{"embeddable":true,"href":"https:\/\/hubertpietka.bialystok.pl\/index.php?rest_route=\/wp\/v2\/users\/1"}],"replies":[{"embeddable":true,"href":"https:\/\/hubertpietka.bialystok.pl\/index.php?rest_route=%2Fwp%2Fv2%2Fcomments&post=5615"}],"version-history":[{"count":2,"href":"https:\/\/hubertpietka.bialystok.pl\/index.php?rest_route=\/wp\/v2\/pages\/5615\/revisions"}],"predecessor-version":[{"id":5620,"href":"https:\/\/hubertpietka.bialystok.pl\/index.php?rest_route=\/wp\/v2\/pages\/5615\/revisions\/5620"}],"wp:attachment":[{"href":"https:\/\/hubertpietka.bialystok.pl\/index.php?rest_route=%2Fwp%2Fv2%2Fmedia&parent=5615"}],"curies":[{"name":"wp","href":"https:\/\/api.w.org\/{rel}","templated":true}]}}