{"id":5624,"date":"2022-06-01T21:00:07","date_gmt":"2022-06-01T21:00:07","guid":{"rendered":"http:\/\/hubertpietka.bialystok.pl\/?page_id=5624"},"modified":"2022-06-01T21:00:07","modified_gmt":"2022-06-01T21:00:07","slug":"misie-milusie-czlowiek-wielki-naciski-niemal-permanentne","status":"publish","type":"page","link":"https:\/\/hubertpietka.bialystok.pl\/?page_id=5624","title":{"rendered":"Misie milusie cz\u0142owiek wielki \/ naciski niemal permanentne"},"content":{"rendered":"<p><em><strong>Misie milusie cz\u0142owiek wielki \/ naciski niemal permanentne<\/strong><\/em><\/p>\n<p>Bohaterowie wspaniali mniej wi\u0119cej przychodz\u0105 ju\u017c od roku<br \/>\nTo jak wszystko niewinnie i przypadkowo wielki cz\u0142owiek<br \/>\nA oni to maj\u0105 przyj\u015b\u0107 tak z kosmosu<br \/>\nPo c\u00f3\u017c by mieli wtedy przychodzi\u0107<\/p>\n<p>A to za jakie dobra wyrz\u0105dzone wielkiemu cz\u0142owiekowi<br \/>\nZa wyci\u0105gni\u0119cie go z bezdomno\u015bci<br \/>\nZa przysposobienie mu najpierw chatki<br \/>\nI op\u0142acanie wszystkich rachunk\u00f3w a\u017c do dzisiaj<br \/>\nCzy mo\u017ce za tej stajni do mieszkania<br \/>\nPrzez nas przysposobienie<br \/>\nCi\u0119\u017ckim naszym kredytem i prac\u0105 fizyczn\u0105 ci\u0119\u017ck\u0105<br \/>\nNiech nam B\u00f3g wybaczy przewinienia tak ci\u0119\u017ckie<br \/>\nI c\u00f3\u017c jest tutaj co nie by\u0142oby z nas<\/p>\n<p>A oni maj\u0105 system godzinkowy<br \/>\nNiemal doskonale dopracowany<br \/>\nI bynajmniej nie s\u0105 to <em>godzinki do NMP<\/em><br \/>\nNawet nie trzeba nastawia\u0107 zegarka<br \/>\nBo tak si\u0119 dzieje jako\u015b<br \/>\n\u017be wielki cz\u0142owiek melduje si\u0119 na dworze o okre\u015blonej porze<\/p>\n<p>A ju\u017c powroty wielkiego cz\u0142owieka<br \/>\nTo bajka po prostu<br \/>\nNigdy nie wiadomo kiedy wr\u00f3ci<br \/>\nI koniecznie musz\u0105 by\u0107 on wielkie<br \/>\nW asy\u015bcie wspania\u0142ego bohaterstwa<br \/>\nA i wyj\u015bcia no bo i przecie\u017c<br \/>\nZawsze mo\u017cna zawr\u00f3ci\u0107<br \/>\nA wtedy \u0142apu-capu wspaniali bohaterowie<\/p>\n<p>Oni te\u017c lubi\u0105 torpedowa\u0107 nie tylko modlitw\u0119<br \/>\nAle i ka\u017cd\u0105 moj\u0105 prac\u0119<br \/>\nW\u0142a\u015bnie wtedy najch\u0119tniej przyj\u015b\u0107 maj\u0105<br \/>\nI najlepiej te\u017c storpedowa\u0107 moje wszelkie na dw\u00f3r wyj\u015bcia<br \/>\nPrzecie\u017c to s\u0105 ca\u0142kiem weseli harcownicy<br \/>\nTo i mo\u017ce i ja mog\u0119 wyj\u015b\u0107 im na przeciw<\/p>\n<p>\u017be ju\u017c nie wspomn\u0119 \u017ce teraz pewnie<br \/>\nCh\u0119tniej na dworze<br \/>\nCo\u015b si\u0119 z\u0142ego z nami sta\u0107 mo\u017ce<br \/>\nA zreszt\u0105 i w innych miejscach<br \/>\nAle to ju\u017c inna historia<br \/>\nZ naszymi i naszym te\u017c zapewne podobnie<\/p>\n<p>Jak tego nie mie\u0107 dosy\u0107 czasem<br \/>\nJak ma nie wzbiera\u0107 obrzydzenie<br \/>\nNa kompletne spraw poprzestawianie<\/p>\n<p><a href=\"http:\/\/hubertpietka.bialystok.pl\/wp-content\/uploads\/2022\/06\/IMG_20220601_220445.jpg\"><img loading=\"lazy\" decoding=\"async\" class=\"alignnone size-thumbnail wp-image-5625\" src=\"http:\/\/hubertpietka.bialystok.pl\/wp-content\/uploads\/2022\/06\/IMG_20220601_220445-150x150.jpg\" alt=\"\" width=\"150\" height=\"150\" srcset=\"https:\/\/hubertpietka.bialystok.pl\/wp-content\/uploads\/2022\/06\/IMG_20220601_220445-150x150.jpg 150w, https:\/\/hubertpietka.bialystok.pl\/wp-content\/uploads\/2022\/06\/IMG_20220601_220445-75x75.jpg 75w\" sizes=\"auto, (max-width: 150px) 100vw, 150px\" \/><\/a><\/p>\n<p><em>Na zdj. \u015aw. Izydor \u015bw. Jan Pawe\u0142 II i Matka Fatimska<\/em><br \/>\n<em> Torpeduj\u0105 w taki czy inny spos\u00f3b wszystko<\/em><br \/>\n<em> Od pracy poprzez modlitw\u0119 po aktywno\u015bci wszelkie<\/em><br \/>\n<em> Bo na torpedowanie wyj\u015b\u0107 na dw\u00f3r to si\u0119 nie ko\u0144czy<\/em><br \/>\n<em> Misie z nimi wsp\u00f3\u0142pracuj\u0105ce a mo\u017ce na odwr\u00f3t<\/em><br \/>\n<em> Przecie\u017c mnie wsz\u0119dzie dopa\u015b\u0107 mog\u0105<\/em><br \/>\n<em> I u cel\u00f3w i w drodze nigdzie spokoju<\/em><br \/>\n<em> A jednak jestem dzieckiem Bo\u017cym<\/em><br \/>\n<em> I w Nim pok\u0142adam nadzieje swoje<\/em><br \/>\n<em> Mimo do\u015b\u0107 du\u017cych przeci\u0105\u017ce\u0144<\/em><br \/>\n<em> Maryjo prowad\u017a<\/em><\/p>\n<p style=\"text-align: center;\"><a href=\"https:\/\/youtu.be\/KA--IYJYLII\"><strong><em>Arte Voce &#8211; Schowaj mnie<\/em><\/strong><\/a><\/p>\n","protected":false},"excerpt":{"rendered":"<p>Misie milusie cz\u0142owiek wielki \/ naciski niemal permanentne Bohaterowie wspaniali mniej wi\u0119cej przychodz\u0105 ju\u017c od roku To jak wszystko niewinnie i przypadkowo wielki cz\u0142owiek A&hellip; <\/p>\n","protected":false},"author":1,"featured_media":0,"parent":0,"menu_order":0,"comment_status":"closed","ping_status":"closed","template":"","meta":{"footnotes":""},"class_list":["post-5624","page","type-page","status-publish","hentry"],"_links":{"self":[{"href":"https:\/\/hubertpietka.bialystok.pl\/index.php?rest_route=\/wp\/v2\/pages\/5624","targetHints":{"allow":["GET"]}}],"collection":[{"href":"https:\/\/hubertpietka.bialystok.pl\/index.php?rest_route=\/wp\/v2\/pages"}],"about":[{"href":"https:\/\/hubertpietka.bialystok.pl\/index.php?rest_route=\/wp\/v2\/types\/page"}],"author":[{"embeddable":true,"href":"https:\/\/hubertpietka.bialystok.pl\/index.php?rest_route=\/wp\/v2\/users\/1"}],"replies":[{"embeddable":true,"href":"https:\/\/hubertpietka.bialystok.pl\/index.php?rest_route=%2Fwp%2Fv2%2Fcomments&post=5624"}],"version-history":[{"count":1,"href":"https:\/\/hubertpietka.bialystok.pl\/index.php?rest_route=\/wp\/v2\/pages\/5624\/revisions"}],"predecessor-version":[{"id":5626,"href":"https:\/\/hubertpietka.bialystok.pl\/index.php?rest_route=\/wp\/v2\/pages\/5624\/revisions\/5626"}],"wp:attachment":[{"href":"https:\/\/hubertpietka.bialystok.pl\/index.php?rest_route=%2Fwp%2Fv2%2Fmedia&parent=5624"}],"curies":[{"name":"wp","href":"https:\/\/api.w.org\/{rel}","templated":true}]}}