{"id":5637,"date":"2022-06-03T23:14:09","date_gmt":"2022-06-03T23:14:09","guid":{"rendered":"http:\/\/hubertpietka.bialystok.pl\/?page_id=5637"},"modified":"2022-06-03T23:14:49","modified_gmt":"2022-06-03T23:14:49","slug":"prawda-nie-klamstwu","status":"publish","type":"page","link":"https:\/\/hubertpietka.bialystok.pl\/?page_id=5637","title":{"rendered":"Prawda \/ nie k\u0142amstwom!"},"content":{"rendered":"<p><em><strong>Prawda \/ nie k\u0142amstwom!<\/strong><\/em><\/p>\n<p><em>Dobro mo\u017cna budowa\u0107 tylko<\/em><br \/>\n<em> Na prawdzie i nie inaczej<\/em><\/p>\n<p style=\"text-align: right;\"><a href=\"https:\/\/youtu.be\/GWh0eA2agZs\"><strong><em>D\u017cem &#8211; Autsajder<\/em><\/strong><\/a><\/p>\n<p>Pewna pi\u0119kna lokalna spo\u0142eczno\u015b\u0107<br \/>\nI czasami go\u015bcie dorywczy (porywczy?!)<br \/>\nMaj\u0105 misj\u0119 specjaln\u0105 pewn\u0105<br \/>\nMianowicie maj\u0105 pewnemu alkoholikowi zapewni\u0107 komfort picia<br \/>\nAby tak si\u0119 sta\u0142o musz\u0105 by\u0107 wyeliminowane przeszkody<br \/>\nZwykli ludzie kt\u00f3rzy przeszkadzaj\u0105 w komforcie picia<br \/>\nPewnemu alkoholikowi<\/p>\n<p style=\"text-align: right;\"><a href=\"https:\/\/youtu.be\/aryXOwatPBc\"><em><strong>D\u017cem &#8211; Detox<\/strong><\/em><\/a><\/p>\n<p>A tymczasem z alkoholizmu to powinno si\u0119 leczy\u0107 raczej<br \/>\nTylko trzeba to przyzna\u0107<br \/>\nAlkoholik ten ma jeszcze inny troch\u0119 problem<br \/>\nAle tego nie leczy cho\u0107 powinien<br \/>\nBo leki przeszkadza\u0142y by w piciu<br \/>\nZreszt\u0105 nie przyjmuje on \u017cadnych lek\u00f3w<br \/>\nWoli on jak sam m\u00f3wi alkoholem si\u0119 leczy\u0107<br \/>\nA w tym celu przy pomocy pewnej spo\u0142eczno\u015bci<br \/>\nTrzeba po\u015bwi\u0119ci\u0107 pewne osoby<br \/>\nPrzecie\u017c nie mo\u017cna przeszkadza\u0107<br \/>\nW komforcie picia alkoholikowi<\/p>\n<p>Podobnie zachowuje si\u0119 Rosja wobec Ukrainy<br \/>\nTen jest jej przeciwnikiem<br \/>\nKto nie przyzna \u017ce ta specjalna misja<br \/>\nNiszczenia Ukrainy i wynarodowienia tego pa\u0144stwa<br \/>\nNie jest uprawomocniona i konieczna<br \/>\nA nie jest<br \/>\nBo to jest niczym nieusprawiedliwiona agresja<br \/>\nNa wolne pa\u0144stwo<br \/>\nA ju\u017c nawet nie wspomn\u0119<br \/>\nJak bardzo przeszkadza Rosji<br \/>\nKa\u017cdy kto wspiera Ukrain\u0119<br \/>\nW jej prawych d\u0105\u017ceniach<\/p>\n<p><a href=\"http:\/\/hubertpietka.bialystok.pl\/wp-content\/uploads\/2022\/06\/IMG_20220604_002732.jpg\"><img loading=\"lazy\" decoding=\"async\" class=\"alignnone size-thumbnail wp-image-5638\" src=\"http:\/\/hubertpietka.bialystok.pl\/wp-content\/uploads\/2022\/06\/IMG_20220604_002732-150x150.jpg\" alt=\"\" width=\"150\" height=\"150\" srcset=\"https:\/\/hubertpietka.bialystok.pl\/wp-content\/uploads\/2022\/06\/IMG_20220604_002732-150x150.jpg 150w, https:\/\/hubertpietka.bialystok.pl\/wp-content\/uploads\/2022\/06\/IMG_20220604_002732-75x75.jpg 75w\" sizes=\"auto, (max-width: 150px) 100vw, 150px\" \/><\/a><\/p>\n<p><em>Na zdj. Maryja w ogr\u00f3dku<\/em><br \/>\n<em> Kapliczka dzi\u015b tu sporz\u0105dzona<\/em><br \/>\n<em> Czy\u017c B\u00f3g nie widzi tego wszystkiego<\/em><br \/>\n<em> Widzi i w ko\u0144cu odpowie<\/em><\/p>\n<p><strong>A pewnie \u017ce co\u015b si\u0119 sta\u0107 mo\u017ce z nami<\/strong><br \/>\n<strong> Tu i tam a pewnie i gdziekolwiek b\u0119dziemy<\/strong><br \/>\n<strong> Szczeg\u00f3lnie kiedy ma si\u0119 ku temu<\/strong><br \/>\n<strong> Takie czy inne odpowiednie instrumenty<\/strong><br \/>\n<strong> A ile si\u0119 za to p\u0142aci<\/strong><br \/>\n<strong> Ile si\u0119 dzi\u015b p\u0142aci za krew Bogu ducha winnych<\/strong><br \/>\n<strong> Czy jestem szalony<\/strong><br \/>\n<strong> Pewnie w tym w czym przeszkadzam komu\u015b<\/strong><br \/>\n<strong> Ale p\u00f3ki co nie jestem \u015blepy<\/strong><br \/>\n<strong> I widz\u0119 do\u015b\u0107 wyra\u017anie co si\u0119 tam czy siam kroi<\/strong><br \/>\n<strong> A co do mojej \u017cony<\/strong><br \/>\n<strong> To jestem tego pewien<\/strong><br \/>\n<strong> \u017be nieprzypadkowo jest ze mn\u0105 w\u0142a\u015bnie ona<\/strong><br \/>\n<strong> B\u00f3g j\u0105 ku temu predysponowa\u0142<\/strong><br \/>\n<strong> Nikt inny nie m\u00f3g\u0142by by\u0107 na jej miejscu<\/strong><br \/>\n<strong> W kontek\u015bcie tego co wsp\u00f3\u0142prze\u017cywamy i przeszli\u015bmy<\/strong><br \/>\n<strong> I w tej naszej wsp\u00f3lnej drodze<\/strong><br \/>\n<strong> Wydoskonala B\u00f3g nasze serca<\/strong><br \/>\n<strong> Cho\u0107 to droga bardzo trudna<\/strong><br \/>\n<strong> Moc w s\u0142abo\u015bci si\u0119 doskonali jednak<\/strong><\/p>\n<p style=\"text-align: right;\"><a href=\"https:\/\/youtu.be\/6MCPagDtwAE\"><em><strong>D\u017cem &#8211; Ostatnie widzenie<\/strong><\/em><\/a><\/p>\n<p><em>A w tyglu nie\u0142atwych do\u015bwiadcze\u0144<\/em><br \/>\n<em> Wyrabia si\u0119 czyste z\u0142oto prawdy<\/em><\/p>\n<p style=\"text-align: center;\"><a href=\"https:\/\/youtu.be\/O7cv-ngo1pQ\"><strong><em>Korze\u0144 z kraju Melchizedeka &#8211; Jahwe walczy<\/em><\/strong><\/a><\/p>\n","protected":false},"excerpt":{"rendered":"<p>Prawda \/ nie k\u0142amstwom! Dobro mo\u017cna budowa\u0107 tylko Na prawdzie i nie inaczej D\u017cem &#8211; Autsajder Pewna pi\u0119kna lokalna spo\u0142eczno\u015b\u0107 I czasami go\u015bcie dorywczy (porywczy?!)&hellip; <\/p>\n","protected":false},"author":1,"featured_media":0,"parent":0,"menu_order":0,"comment_status":"closed","ping_status":"closed","template":"","meta":{"footnotes":""},"class_list":["post-5637","page","type-page","status-publish","hentry"],"_links":{"self":[{"href":"https:\/\/hubertpietka.bialystok.pl\/index.php?rest_route=\/wp\/v2\/pages\/5637","targetHints":{"allow":["GET"]}}],"collection":[{"href":"https:\/\/hubertpietka.bialystok.pl\/index.php?rest_route=\/wp\/v2\/pages"}],"about":[{"href":"https:\/\/hubertpietka.bialystok.pl\/index.php?rest_route=\/wp\/v2\/types\/page"}],"author":[{"embeddable":true,"href":"https:\/\/hubertpietka.bialystok.pl\/index.php?rest_route=\/wp\/v2\/users\/1"}],"replies":[{"embeddable":true,"href":"https:\/\/hubertpietka.bialystok.pl\/index.php?rest_route=%2Fwp%2Fv2%2Fcomments&post=5637"}],"version-history":[{"count":2,"href":"https:\/\/hubertpietka.bialystok.pl\/index.php?rest_route=\/wp\/v2\/pages\/5637\/revisions"}],"predecessor-version":[{"id":5640,"href":"https:\/\/hubertpietka.bialystok.pl\/index.php?rest_route=\/wp\/v2\/pages\/5637\/revisions\/5640"}],"wp:attachment":[{"href":"https:\/\/hubertpietka.bialystok.pl\/index.php?rest_route=%2Fwp%2Fv2%2Fmedia&parent=5637"}],"curies":[{"name":"wp","href":"https:\/\/api.w.org\/{rel}","templated":true}]}}