{"id":564,"date":"2017-07-11T16:28:18","date_gmt":"2017-07-11T16:28:18","guid":{"rendered":"http:\/\/hubertpietka.bialystok.pl\/?page_id=564"},"modified":"2017-07-13T08:00:35","modified_gmt":"2017-07-13T08:00:35","slug":"monte-cassino-tryptyk","status":"publish","type":"page","link":"https:\/\/hubertpietka.bialystok.pl\/?page_id=564","title":{"rendered":"Monte Cassino &#8211; Tryptyk \/ Dok\u0105d idziesz? \/"},"content":{"rendered":"<p style=\"text-align: center;\">INTRO<\/p>\n<p><strong>Modlitwa do \u015bw. Benedykta z Nursji<\/strong><\/p>\n<div class=\"headline\">\n<p>Gdy nadszed\u0142 koniec dawnego porz\u0105dku<br \/>\nI nowa ziemia rodzi\u0142a si\u0119 w b\u00f3lu,<br \/>\nStan\u0105\u0142e\u015b, Ojcze, na czas\u00f3w granicy,<br \/>\nBy chroni\u0107 dobro.<\/p>\n<\/div>\n<p>Pos\u0142uszny mocy Bo\u017cego wezwania<br \/>\nI do prorok\u00f3w podobny natchnieniem,<br \/>\nPoszed\u0142e\u015b drog\u0105 pokory i \u0142adu<br \/>\nPa\u0144skiego Prawa.<\/p>\n<p>Dla wielu ludzi spragnionych pokoju<br \/>\nPrzez w\u0142asne \u017cycie przyk\u0142adem si\u0119 sta\u0142e\u015b<br \/>\nSzukania Boga i Jego mi\u0142o\u015bci<br \/>\nWe wszystkich braciach.<\/p>\n<p>I dzisiaj tak\u017ce przychodzi nieznane,<br \/>\nA \u015bwiat jest pe\u0142en zam\u0119tu i k\u0142amstwa;<br \/>\nZa tw\u0105 przyczyn\u0105 niech Pan nam uka\u017ce<br \/>\nW\u0142a\u015bciw\u0105 \u015bcie\u017ck\u0119.<\/p>\n<p>Naj\u015bwi\u0119tszej Tr\u00f3jcy niech b\u0119dzie podzi\u0119ka<br \/>\nZa Benedykta i jego nauk\u0119;<br \/>\nNiech Europa sw\u0105 jedno\u015b\u0107 odnajdzie<br \/>\nPrzez wiar\u0119 w Boga. Amen.<\/p>\n<blockquote data-secret=\"8ito6Jx2hS\" class=\"wp-embedded-content\"><p><a href=\"http:\/\/hubertpietka.bialystok.pl\/?page_id=165\">Baltazar, Melchior, Kacper  &#8211; opowie\u015b\u0107 prawdziwa o kr\u00f3lu tr\u00f3jjedynym  \/poemat\/<\/a><\/p><\/blockquote>\n<p><iframe loading=\"lazy\" class=\"wp-embedded-content\" sandbox=\"allow-scripts\" security=\"restricted\" style=\"position: absolute; clip: rect(1px, 1px, 1px, 1px);\" src=\"http:\/\/hubertpietka.bialystok.pl\/?page_id=165&#038;embed=true#?secret=8ito6Jx2hS\" data-secret=\"8ito6Jx2hS\" width=\"600\" height=\"338\" title=\"&#8222;Baltazar, Melchior, Kacper  &#8211; opowie\u015b\u0107 prawdziwa o kr\u00f3lu tr\u00f3jjedynym  \/poemat\/&#8221; &#8212; Hubert Pi\u0119tka\" frameborder=\"0\" marginwidth=\"0\" marginheight=\"0\" scrolling=\"no\"><\/iframe><\/p>\n<blockquote data-secret=\"kKu008Mhpv\" class=\"wp-embedded-content\"><p><a href=\"http:\/\/hubertpietka.bialystok.pl\/?page_id=504\">La vien en velours &#8211; Autobiografia aksamitna<\/a><\/p><\/blockquote>\n<p><iframe loading=\"lazy\" class=\"wp-embedded-content\" sandbox=\"allow-scripts\" security=\"restricted\" style=\"position: absolute; clip: rect(1px, 1px, 1px, 1px);\" src=\"http:\/\/hubertpietka.bialystok.pl\/?page_id=504&#038;embed=true#?secret=kKu008Mhpv\" data-secret=\"kKu008Mhpv\" width=\"600\" height=\"338\" title=\"&#8222;La vien en velours &#8211; Autobiografia aksamitna&#8221; &#8212; Hubert Pi\u0119tka\" frameborder=\"0\" marginwidth=\"0\" marginheight=\"0\" scrolling=\"no\"><\/iframe><\/p>\n<blockquote data-secret=\"Vt3syoMi6b\" class=\"wp-embedded-content\"><p><a href=\"http:\/\/hubertpietka.bialystok.pl\/?page_id=490\">Beatitudes \/poemat\/<\/a><\/p><\/blockquote>\n<p><iframe loading=\"lazy\" class=\"wp-embedded-content\" sandbox=\"allow-scripts\" security=\"restricted\" style=\"position: absolute; clip: rect(1px, 1px, 1px, 1px);\" src=\"http:\/\/hubertpietka.bialystok.pl\/?page_id=490&#038;embed=true#?secret=Vt3syoMi6b\" data-secret=\"Vt3syoMi6b\" width=\"600\" height=\"338\" title=\"&#8222;Beatitudes \/poemat\/&#8221; &#8212; Hubert Pi\u0119tka\" frameborder=\"0\" marginwidth=\"0\" marginheight=\"0\" scrolling=\"no\"><\/iframe><\/p>\n<p style=\"text-align: center;\">OUTRO<\/p>\n<p><a href=\"http:\/\/hubertpietka.bialystok.pl\/?page_id=532\">Hubalowy Hymn Bia\u0142egostoku<\/a><\/p>\n<p><a href=\"http:\/\/hubertpietka.bialystok.pl\/?page_id=534\">Hubalowy Hymn Wszystkich Ludzi<\/a><\/p>\n<p>&nbsp;<\/p>\n<p style=\"text-align: right;\">Quo vadis, Europo?<\/p>\n<p style=\"text-align: right;\">Quo vadis, Polsko?<\/p>\n<p style=\"text-align: right;\">Quo vadis, Bia\u0142ystoku?<\/p>\n<p style=\"text-align: right;\">Quo vadis, \u015bwiecie?<\/p>\n<p style=\"text-align: right;\"><em>A dok\u0105d Ty zmierzasz, bracie&#8230;<\/em><\/p>\n<p>&nbsp;<\/p>\n<p><a href=\"https:\/\/www.youtube.com\/watch?v=d_zbzPvNRd0\">Quo Vadis, Domine? &#8211; M. Bajor<\/a><\/p>\n<p><a href=\"https:\/\/www.youtube.com\/watch?v=Gnaqo99WFs4\">8 b\u0142ogos\u0142awie\u0144stw &#8211; wyk. Aktorzy polscy<\/a><\/p>\n<p>(Anna Maria Jopek, Natalia Kukulska, Kasia Stankiewicz, Robert Amirian, Joszko Broda, Grzegorz Markowski, Czes\u0142aw Niemen, Ryszard Rynkowski i Mietek Szcze\u015bniak)<\/p>\n<p>&nbsp;<\/p>\n<p style=\"text-align: center;\">END<\/p>\n<p style=\"text-align: center;\">Wsp\u00f3lna modlitwa o pok\u00f3j i czyny mi\u0142osierdzia<\/p>\n<p style=\"text-align: center;\">s\u0105 istot\u0105 i esencj\u0105 wsp\u00f3lnej drogi.<\/p>\n<p style=\"text-align: center;\">Nawet ten najmniejszy go\u0142\u0105bek,<\/p>\n<p style=\"text-align: center;\">kt\u00f3ry daje to \u015bwiadectwo,<\/p>\n<p style=\"text-align: center;\">jest wa\u017cny dla Ciebie, Bo\u017ce&#8230;<\/p>\n<p style=\"text-align: left;\">Maryjo, Kr\u00f3lowo Pokoju &#8211; m\u00f3dl si\u0119 za nami!<\/p>\n<p style=\"text-align: left;\">Maryjo, Matko Mi\u0142osierdzia &#8211; m\u00f3dl si\u0119 za nami!<\/p>\n<p style=\"text-align: left;\">\u015aw. Benedykcie, Patronie Europy &#8211; m\u00f3dl si\u0119 za nami!<\/p>\n<p style=\"text-align: left;\">\u015aw. Tereso Benedykto od Krzy\u017ca, \u015awiadku Drogi Europy &#8211; m\u00f3dl si\u0119 za nami!<\/p>\n<p style=\"text-align: left;\">\u015aw. Janie Pawle II, Or\u0119downiku Pokoju &#8211; m\u00f3dl si\u0119 za nami!<\/p>\n<p style=\"text-align: left;\">\u015aw. Faustyno, Sekretarko Bo\u017cego Mi\u0142osierdzia &#8211; m\u00f3dl si\u0119 za nami!<\/p>\n<p style=\"text-align: left;\">B\u0142. Ojcze Michale, Apostole Mi\u0142osierdzia Bo\u017cego &#8211; m\u00f3dl si\u0119 za nami!<\/p>\n<p style=\"text-align: left;\">Wszyscy \u015awi\u0119ci Patronowie nasi! &#8211; m\u00f3dlcie si\u0119 za nami!<\/p>\n<p style=\"text-align: left;\">Wszyscy \u015awi\u0119ci i \u015awi\u0119te Bo\u017ce &#8211; m\u00f3dlcie si\u0119 za nami!<\/p>\n<p style=\"text-align: left;\">Kyrie eleison! Chryste eleison!<\/p>\n<p style=\"text-align: right;\">Bia\u0142ystok, 11-12.07.2017 r.<\/p>\n<p style=\"text-align: right;\">\/pisano we wspomnienie \u015bw. Benedykta z Nursji\/<\/p>\n","protected":false},"excerpt":{"rendered":"<p>INTRO Modlitwa do \u015bw. Benedykta z Nursji Gdy nadszed\u0142 koniec dawnego porz\u0105dku I nowa ziemia rodzi\u0142a si\u0119 w b\u00f3lu, Stan\u0105\u0142e\u015b, Ojcze, na czas\u00f3w granicy, By&hellip; <\/p>\n","protected":false},"author":1,"featured_media":0,"parent":0,"menu_order":0,"comment_status":"closed","ping_status":"closed","template":"","meta":{"footnotes":""},"class_list":["post-564","page","type-page","status-publish","hentry"],"_links":{"self":[{"href":"https:\/\/hubertpietka.bialystok.pl\/index.php?rest_route=\/wp\/v2\/pages\/564","targetHints":{"allow":["GET"]}}],"collection":[{"href":"https:\/\/hubertpietka.bialystok.pl\/index.php?rest_route=\/wp\/v2\/pages"}],"about":[{"href":"https:\/\/hubertpietka.bialystok.pl\/index.php?rest_route=\/wp\/v2\/types\/page"}],"author":[{"embeddable":true,"href":"https:\/\/hubertpietka.bialystok.pl\/index.php?rest_route=\/wp\/v2\/users\/1"}],"replies":[{"embeddable":true,"href":"https:\/\/hubertpietka.bialystok.pl\/index.php?rest_route=%2Fwp%2Fv2%2Fcomments&post=564"}],"version-history":[{"count":21,"href":"https:\/\/hubertpietka.bialystok.pl\/index.php?rest_route=\/wp\/v2\/pages\/564\/revisions"}],"predecessor-version":[{"id":620,"href":"https:\/\/hubertpietka.bialystok.pl\/index.php?rest_route=\/wp\/v2\/pages\/564\/revisions\/620"}],"wp:attachment":[{"href":"https:\/\/hubertpietka.bialystok.pl\/index.php?rest_route=%2Fwp%2Fv2%2Fmedia&parent=564"}],"curies":[{"name":"wp","href":"https:\/\/api.w.org\/{rel}","templated":true}]}}