{"id":5645,"date":"2022-06-05T21:20:04","date_gmt":"2022-06-05T21:20:04","guid":{"rendered":"http:\/\/hubertpietka.bialystok.pl\/?page_id=5645"},"modified":"2022-06-12T09:20:55","modified_gmt":"2022-06-12T09:20:55","slug":"kra-kra-kowskie-schronisko-boskie","status":"publish","type":"page","link":"https:\/\/hubertpietka.bialystok.pl\/?page_id=5645","title":{"rendered":"Kra kra-kowskie \/ schronisko boskie"},"content":{"rendered":"<p><strong>Kra kra-kowskie \/ schronisko boskie<\/strong><\/p>\n<p>Uporz\u0105dkujmy troch\u0119 fakty<br \/>\nMoja \u017cona ma zgin\u0105\u0107<br \/>\nTak czy nie <em>kra kra<\/em><\/p>\n<p>Je\u015bli tak i ja o tym wiem<br \/>\nI skoro j\u0105 kocham i przed tym broni\u0119<br \/>\nTo dlaczego mnie oni oskar\u017caj\u0105 o to<br \/>\n<em>Kra kra kra<\/em><\/p>\n<p>Jaki jest najprostszy spos\u00f3b<br \/>\nPoradzenia sobie z przeciwnikiem<br \/>\nOskar\u017ca\u0107 go o niepoczytalno\u015b\u0107<br \/>\nJe\u015bli nie mo\u017cna mu zarzuci\u0107 troch\u0119 wi\u0119cej<br \/>\nTak czy nie <em>kra kra<\/em><\/p>\n<p>Zawsze wtedy mo\u017cna przyj\u015b\u0107<br \/>\nW miejsce jakiekolwiek<br \/>\nA dlaczego im tak przeszkadza<br \/>\nMoja jazda samochodem<br \/>\nTak czy nie <em>kra kra<\/em> czy\u017c nie tak<\/p>\n<p>Argument przemocy ponad cokolwiek<br \/>\nA ju\u017c argument zbrodni<br \/>\nCzy\u015bci wszystko<br \/>\n\u017beby si\u0119 nie zdziwili<br \/>\nJak nie jak tak <em>kra kra<\/em><\/p>\n<p>Gdy si\u0119 ku temu odpowiednie metody ma<br \/>\n<em>Kra kra<\/em><\/p>\n<p><em><a href=\"http:\/\/hubertpietka.bialystok.pl\/wp-content\/uploads\/2022\/06\/IMG_20220605_221212568.jpg\"><img loading=\"lazy\" decoding=\"async\" class=\"alignnone size-thumbnail wp-image-5646\" src=\"http:\/\/hubertpietka.bialystok.pl\/wp-content\/uploads\/2022\/06\/IMG_20220605_221212568-150x150.jpg\" alt=\"\" width=\"150\" height=\"150\" srcset=\"https:\/\/hubertpietka.bialystok.pl\/wp-content\/uploads\/2022\/06\/IMG_20220605_221212568-150x150.jpg 150w, https:\/\/hubertpietka.bialystok.pl\/wp-content\/uploads\/2022\/06\/IMG_20220605_221212568-75x75.jpg 75w\" sizes=\"auto, (max-width: 150px) 100vw, 150px\" \/><\/a><\/em><\/p>\n<p><strong>Na zdj. *Wie\u017ca* w schronisku m\u0142odzie\u017cowym krakowskim<\/strong><\/p>\n<p>&#8222;<em>&#8230;Pewien cz\u0142owiek za\u0142o\u017cy\u0142 winnic\u0119. Otoczy\u0142 j\u0105 murem, wykopa\u0142 t\u0142oczni\u0119 i zbudowa\u0142 wie\u017c\u0119&#8230;<\/em>&#8221; [Mk 12,1]<\/p>\n<p>Bo tak naprawd\u0119 chc\u0105 zabi\u0107 mnie<br \/>\n\u017bon\u0119 itp innych te\u017c zapewne<br \/>\nNie dotyczy to tylko ich<br \/>\nAle wszystkich kt\u00f3rzy si\u0119 godz\u0105 na to<\/p>\n<p>&#8222;<em>Nie czytali\u015bcie tych s\u0142\u00f3w w Pi\u015bmie: Ten w\u0142a\u015bnie kamie\u0144, kt\u00f3ry odrzucili buduj\u0105cy, sta\u0142 si\u0119 g\u0142owic\u0105 w\u0119g\u0142a.\u00a0Pan to sprawi\u0142 i jest cudem w naszych oczach<\/em>.&#8221; [Mk 12,10-11]<\/p>\n<p>A jednak *wierz\u0119* \u017ce przetrzymamy<br \/>\nNa \u015bwiadectwo dla nich<br \/>\nA je\u015bli b\u0119dzie inaczej<br \/>\nTo si\u0119 zdziwi\u0105 troch\u0119<br \/>\n\u017be B\u00f3g s\u0142\u00f3w na wiatr nie rzuca jednak<br \/>\nJa jednak *wierz\u0119* w to<br \/>\n\u017be mo\u017cna wygra\u0107 z przemoc\u0105<br \/>\nSk\u0105dinad \u017ce i Ukraina<br \/>\nPrzemo\u017ce i przetrzyma<br \/>\nNie mo\u017cna na z\u0142o godzi\u0107 si\u0119 nie<\/p>\n<p style=\"text-align: center;\"><a href=\"https:\/\/youtu.be\/DX9Jpgh2jAI\"><em><strong>\u0141ukasz \u0141yczkowski @ 5 Rano &#8211; Credo \/ go\u015bcinnie Wojtek Cugowski<\/strong><\/em><\/a><\/p>\n","protected":false},"excerpt":{"rendered":"<p>Kra kra-kowskie \/ schronisko boskie Uporz\u0105dkujmy troch\u0119 fakty Moja \u017cona ma zgin\u0105\u0107 Tak czy nie kra kra Je\u015bli tak i ja o tym wiem I&hellip; <\/p>\n","protected":false},"author":1,"featured_media":0,"parent":0,"menu_order":0,"comment_status":"closed","ping_status":"closed","template":"","meta":{"footnotes":""},"class_list":["post-5645","page","type-page","status-publish","hentry"],"_links":{"self":[{"href":"https:\/\/hubertpietka.bialystok.pl\/index.php?rest_route=\/wp\/v2\/pages\/5645","targetHints":{"allow":["GET"]}}],"collection":[{"href":"https:\/\/hubertpietka.bialystok.pl\/index.php?rest_route=\/wp\/v2\/pages"}],"about":[{"href":"https:\/\/hubertpietka.bialystok.pl\/index.php?rest_route=\/wp\/v2\/types\/page"}],"author":[{"embeddable":true,"href":"https:\/\/hubertpietka.bialystok.pl\/index.php?rest_route=\/wp\/v2\/users\/1"}],"replies":[{"embeddable":true,"href":"https:\/\/hubertpietka.bialystok.pl\/index.php?rest_route=%2Fwp%2Fv2%2Fcomments&post=5645"}],"version-history":[{"count":3,"href":"https:\/\/hubertpietka.bialystok.pl\/index.php?rest_route=\/wp\/v2\/pages\/5645\/revisions"}],"predecessor-version":[{"id":5673,"href":"https:\/\/hubertpietka.bialystok.pl\/index.php?rest_route=\/wp\/v2\/pages\/5645\/revisions\/5673"}],"wp:attachment":[{"href":"https:\/\/hubertpietka.bialystok.pl\/index.php?rest_route=%2Fwp%2Fv2%2Fmedia&parent=5645"}],"curies":[{"name":"wp","href":"https:\/\/api.w.org\/{rel}","templated":true}]}}