{"id":5654,"date":"2022-06-08T12:20:10","date_gmt":"2022-06-08T12:20:10","guid":{"rendered":"http:\/\/hubertpietka.bialystok.pl\/?page_id=5654"},"modified":"2022-06-08T12:23:37","modified_gmt":"2022-06-08T12:23:37","slug":"czas-zdradziectwa-czlowieczenstwem-kupczenia","status":"publish","type":"page","link":"https:\/\/hubertpietka.bialystok.pl\/?page_id=5654","title":{"rendered":"Czas zdradziectwa \/ kupczenia cz\u0142owiecze\u0144stwem"},"content":{"rendered":"<p><em><strong>Czas zdradziectwa \/ kupczenia cz\u0142owiecze\u0144stwem<\/strong><\/em><\/p>\n<p>C\u00f3\u017c to za czasy<br \/>\nJak \u0142atwo dzi\u015b sprzeda\u0107 cz\u0142owieka<br \/>\nJak niewiele znaczy \u017cycie ludzkie<\/p>\n<p>Szerzy si\u0119 donosicielstwo<br \/>\nI wszelkiej ma\u015bci zdradziectwo<br \/>\nZa mamon\u0119 mo\u017cna dzi\u015b kupi\u0107<br \/>\nPrawie ka\u017cdego<\/p>\n<p><em>Dzi\u015b wspominana \u015bw. *Ja-dwiga Kr\u00f3lowa*<\/em><br \/>\n<em> *Ja d\u017awigam Kr\u00f3lowa* Maryja<\/em><br \/>\n<em> Ja z tob\u0105 to d\u017awigam<\/em><\/p>\n<p>Na zwyk\u0142ego cz\u0142owieka i jego<br \/>\nZasadzaj\u0105 si\u0119 z ka\u017cdej mo\u017cliwej strony<br \/>\nByle pretekst byle okazja<br \/>\nByle pogn\u0119bi\u0107 prostaczka<\/p>\n<p style=\"text-align: center;\"><a href=\"https:\/\/youtu.be\/jMzWELAbQ-g\"><em><strong>Fisz Emade Tworzywo &#8211; Dwa ognie<\/strong><\/em><\/a><\/p>\n<p><a href=\"http:\/\/hubertpietka.bialystok.pl\/wp-content\/uploads\/2022\/06\/IMG_20220608_140204.jpg\"><img loading=\"lazy\" decoding=\"async\" class=\"alignnone size-thumbnail wp-image-5655\" src=\"http:\/\/hubertpietka.bialystok.pl\/wp-content\/uploads\/2022\/06\/IMG_20220608_140204-150x150.jpg\" alt=\"\" width=\"150\" height=\"150\" srcset=\"https:\/\/hubertpietka.bialystok.pl\/wp-content\/uploads\/2022\/06\/IMG_20220608_140204-150x150.jpg 150w, https:\/\/hubertpietka.bialystok.pl\/wp-content\/uploads\/2022\/06\/IMG_20220608_140204-75x75.jpg 75w\" sizes=\"auto, (max-width: 150px) 100vw, 150px\" \/><\/a><\/p>\n<p><em>Na zdj. Maryja w ko\u015bciele krakowskim kapucyn\u00f3w<\/em><br \/>\n<em> Kr\u00f3lowa kt\u00f3ra nigdy nie zostawia<\/em><br \/>\n<em> Dzieci swoich<\/em><\/p>\n<p><strong>Powinno by\u0107 jak za \u015bw. Jadwigi Kr\u00f3lowej<\/strong><br \/>\n<strong> Uniwersytet\u00f3w odnowienie<\/strong><br \/>\n<strong> A tymczasem jest powr\u00f3t<\/strong><br \/>\n<strong> Do ideologii na kszta\u0142t marksizmu<\/strong><br \/>\n<strong> W nowych szatkach<\/strong><\/p>\n<p><strong>Starsi to pami\u0119ta\u0107 powinni<\/strong><br \/>\n<strong> M\u0142odsi mo\u017ce te\u017c s\u0142yszeli o tym<\/strong><br \/>\n<strong> Ale dla m\u0142odzie\u017cy to mo\u017ce by\u0107 fikcja<\/strong><br \/>\n<strong> <em>Historia nauk\u0105 \u017cycia?<\/em><\/strong><\/p>\n<p><strong>A na Ukrainie<\/strong><br \/>\n<strong> <em>Kt\u00f3\u017c im \u0142zy powr\u00f3ci?<\/em><\/strong><br \/>\n<strong> Jak mawia\u0142a \u015bw. Jadwiga<\/strong><br \/>\n<strong> Kiedy dotyka\u0142a j\u0105 ludzka bieda<\/strong><\/p>\n","protected":false},"excerpt":{"rendered":"<p>Czas zdradziectwa \/ kupczenia cz\u0142owiecze\u0144stwem C\u00f3\u017c to za czasy Jak \u0142atwo dzi\u015b sprzeda\u0107 cz\u0142owieka Jak niewiele znaczy \u017cycie ludzkie Szerzy si\u0119 donosicielstwo I wszelkiej ma\u015bci&hellip; <\/p>\n","protected":false},"author":1,"featured_media":0,"parent":0,"menu_order":0,"comment_status":"closed","ping_status":"closed","template":"","meta":{"footnotes":""},"class_list":["post-5654","page","type-page","status-publish","hentry"],"_links":{"self":[{"href":"https:\/\/hubertpietka.bialystok.pl\/index.php?rest_route=\/wp\/v2\/pages\/5654","targetHints":{"allow":["GET"]}}],"collection":[{"href":"https:\/\/hubertpietka.bialystok.pl\/index.php?rest_route=\/wp\/v2\/pages"}],"about":[{"href":"https:\/\/hubertpietka.bialystok.pl\/index.php?rest_route=\/wp\/v2\/types\/page"}],"author":[{"embeddable":true,"href":"https:\/\/hubertpietka.bialystok.pl\/index.php?rest_route=\/wp\/v2\/users\/1"}],"replies":[{"embeddable":true,"href":"https:\/\/hubertpietka.bialystok.pl\/index.php?rest_route=%2Fwp%2Fv2%2Fcomments&post=5654"}],"version-history":[{"count":2,"href":"https:\/\/hubertpietka.bialystok.pl\/index.php?rest_route=\/wp\/v2\/pages\/5654\/revisions"}],"predecessor-version":[{"id":5659,"href":"https:\/\/hubertpietka.bialystok.pl\/index.php?rest_route=\/wp\/v2\/pages\/5654\/revisions\/5659"}],"wp:attachment":[{"href":"https:\/\/hubertpietka.bialystok.pl\/index.php?rest_route=%2Fwp%2Fv2%2Fmedia&parent=5654"}],"curies":[{"name":"wp","href":"https:\/\/api.w.org\/{rel}","templated":true}]}}