{"id":5661,"date":"2022-06-09T22:54:03","date_gmt":"2022-06-09T22:54:03","guid":{"rendered":"http:\/\/hubertpietka.bialystok.pl\/?page_id=5661"},"modified":"2022-06-10T10:48:49","modified_gmt":"2022-06-10T10:48:49","slug":"sciemy-do-szescianu","status":"publish","type":"page","link":"https:\/\/hubertpietka.bialystok.pl\/?page_id=5661","title":{"rendered":"\u015aciemy \/ do sze\u015bcianu + DOPISEK"},"content":{"rendered":"<p><em><strong>\u015aciemy \/ do sze\u015bcianu<\/strong><\/em><\/p>\n<p><strong>1.<\/strong><br \/>\nWielka \u015bciema trwa dalej<br \/>\nCi\u0105gle maj\u0105 przyj\u015b\u0107 bohaterowie wspaniali<br \/>\nW obronie wielkiego cz\u0142owieka<br \/>\nKt\u00f3remu tu si\u0119 nic z\u0142ego nie dzieje przecie\u017c<br \/>\nA na koniec milusie<br \/>\nPo aferce tak na daser<br \/>\nWielka \u015bciema trwa tu dalej<br \/>\nW najlepsze<br \/>\nBo chodzi o to aby<br \/>\nNas si\u0119 st\u0105d pozby\u0107<br \/>\nDlatego maj\u0105 przyj\u015b\u0107 po mnie<\/p>\n<p>A czy\u017c oni o Panie<br \/>\nSi\u0119 zatrzymaj\u0105 na mnie<br \/>\nWielka \u015bciema trwa dalej<\/p>\n<p><strong>2.<\/strong><br \/>\n\u015aciema wielka tak\u017ce niestety<br \/>\nI w Ko\u015bciele<br \/>\nW takiej czy innej postaci<br \/>\nA co na to Chrystus Wieczny Kap\u0142an<\/p>\n<p><strong>3.<\/strong><br \/>\n\u015aciema wielka i w Rosji<br \/>\nNa temat agresji na Ukrain\u0119<br \/>\nI tak\u0105 papk\u0119 chc\u0105 te\u017c sprzeda\u0107 \u015bwiatu<br \/>\n\u017be to niby w obronie czego\u015b-tam kogo\u015b-tam kolwiek<br \/>\nSi\u0119 tam gwa\u0142ci morduje rabuje i zabija<br \/>\nI niszczy ten kraj \u017cyzny<\/p>\n<p><strong><em>\u015aciema \u015bciema \u015bciema<\/em><\/strong><br \/>\n<strong> Dzi\u015b \u015bw. Efrema<\/strong><br \/>\n<strong> \u015aciema jak refren<\/strong><\/p>\n<p style=\"text-align: right;\">(<a href=\"https:\/\/youtu.be\/s5cV6rWH5Mw\"><em><strong>Elektryczne Gitary &#8211; Rado\u015b\u0107<\/strong><\/em><\/a>)<\/p>\n<p><strong>A kto za tym stoi<\/strong><br \/>\n<strong> Komu ma s\u0142u\u017cy\u0107 nas wyeliminowanie<\/strong><br \/>\n<strong> Komu s\u0142u\u017c\u0105 ko\u015bcielne fa\u0142szerstwa k\u0142amstwa<\/strong><br \/>\n<strong> A kto te\u017c jest ojcem wszelkiego k\u0142amstwa<\/strong><\/p>\n<p><a href=\"http:\/\/hubertpietka.bialystok.pl\/wp-content\/uploads\/2022\/06\/IMG_20220610_000856.jpg\"><img loading=\"lazy\" decoding=\"async\" class=\"alignnone size-thumbnail wp-image-5662\" src=\"http:\/\/hubertpietka.bialystok.pl\/wp-content\/uploads\/2022\/06\/IMG_20220610_000856-150x150.jpg\" alt=\"\" width=\"150\" height=\"150\" srcset=\"https:\/\/hubertpietka.bialystok.pl\/wp-content\/uploads\/2022\/06\/IMG_20220610_000856-150x150.jpg 150w, https:\/\/hubertpietka.bialystok.pl\/wp-content\/uploads\/2022\/06\/IMG_20220610_000856-75x75.jpg 75w\" sizes=\"auto, (max-width: 150px) 100vw, 150px\" \/><\/a><\/p>\n<p><em>Na zdj. Naj\u015bwi\u0119tsza Maryja Panna w *Skalb-mierzu*<\/em><br \/>\n<em> Miar\u0119 *skarbu mierzy\u0107* odpowiednio trzeba<\/em><br \/>\n<em> Maryja skarbem najwi\u0119kszym<\/em><br \/>\n<em> Ona jasna i przeczysta<\/em><br \/>\n<em> A \u015bciemy i ojciec k\u0142amstwa<\/em><\/p>\n<hr \/>\n<p>+ DOPISEK<\/p>\n<p>A pewnie \u017ce co\u015b si\u0119 mo\u017ce sta\u0107 z nami<br \/>\nZe mn\u0105 moj\u0105 \u017con\u0105 tym psem bliskimi<br \/>\nNaszym i naszymi a pewnie<br \/>\nSzczeg\u00f3lnie kiedy ma si\u0119 do tego instrumenty odpowiednie<br \/>\nI najlepiej pod pozorem choroby \u015bmiertelnej<\/p>\n<p>\u015aciema na \u015bciemie<br \/>\nPogania \u015bciem\u0119<br \/>\n\u015aciema do pot\u0119gi trzeciej<br \/>\nAlbo jaki\u015b wypadek<br \/>\nNajlepiej \u015bmiertelny<\/p>\n<p><strong>Dzi\u015b \u015bw. Bogumi\u0142a<\/strong><br \/>\n<strong> Najwa\u017cniejsze to si\u0119 Bogu podoba\u0107<\/strong><br \/>\n<strong> Tak jak Maryja<\/strong><\/p>\n","protected":false},"excerpt":{"rendered":"<p>\u015aciemy \/ do sze\u015bcianu 1. Wielka \u015bciema trwa dalej Ci\u0105gle maj\u0105 przyj\u015b\u0107 bohaterowie wspaniali W obronie wielkiego cz\u0142owieka Kt\u00f3remu tu si\u0119 nic z\u0142ego nie dzieje&hellip; <\/p>\n","protected":false},"author":1,"featured_media":0,"parent":0,"menu_order":0,"comment_status":"closed","ping_status":"closed","template":"","meta":{"footnotes":""},"class_list":["post-5661","page","type-page","status-publish","hentry"],"_links":{"self":[{"href":"https:\/\/hubertpietka.bialystok.pl\/index.php?rest_route=\/wp\/v2\/pages\/5661","targetHints":{"allow":["GET"]}}],"collection":[{"href":"https:\/\/hubertpietka.bialystok.pl\/index.php?rest_route=\/wp\/v2\/pages"}],"about":[{"href":"https:\/\/hubertpietka.bialystok.pl\/index.php?rest_route=\/wp\/v2\/types\/page"}],"author":[{"embeddable":true,"href":"https:\/\/hubertpietka.bialystok.pl\/index.php?rest_route=\/wp\/v2\/users\/1"}],"replies":[{"embeddable":true,"href":"https:\/\/hubertpietka.bialystok.pl\/index.php?rest_route=%2Fwp%2Fv2%2Fcomments&post=5661"}],"version-history":[{"count":3,"href":"https:\/\/hubertpietka.bialystok.pl\/index.php?rest_route=\/wp\/v2\/pages\/5661\/revisions"}],"predecessor-version":[{"id":5667,"href":"https:\/\/hubertpietka.bialystok.pl\/index.php?rest_route=\/wp\/v2\/pages\/5661\/revisions\/5667"}],"wp:attachment":[{"href":"https:\/\/hubertpietka.bialystok.pl\/index.php?rest_route=%2Fwp%2Fv2%2Fmedia&parent=5661"}],"curies":[{"name":"wp","href":"https:\/\/api.w.org\/{rel}","templated":true}]}}