{"id":5705,"date":"2022-06-18T07:34:48","date_gmt":"2022-06-18T07:34:48","guid":{"rendered":"http:\/\/hubertpietka.bialystok.pl\/?page_id=5705"},"modified":"2022-06-18T07:43:42","modified_gmt":"2022-06-18T07:43:42","slug":"pani-z-la-sa-l-ette-niepozorne-sprzedane-lekko-etc","status":"publish","type":"page","link":"https:\/\/hubertpietka.bialystok.pl\/?page_id=5705","title":{"rendered":"Pani z La *Sa-(l)-ette* \/ niepozorne *sprzedane lekko etc.*"},"content":{"rendered":"<p><em><strong>Pani z La *Sa-(l)-ette* \/ niepozorne *sprzedane lekko etc.*<\/strong><\/em><\/p>\n<p>Gdyby ci dano miliony<br \/>\nZa sprzedanie twojej matki syna czy \u017cony<br \/>\nGdyby ci dano miliony za to w\u0142a\u015bnie<br \/>\nZ gwarancj\u0105 zapewnienia spokojno\u015bci<br \/>\nKt\u00f3rej i tak nie s\u0105 w stanie zapewni\u0107<\/p>\n<p><strong>Dzisiaj \u015bw. Hosanny z *Man-tui&#8221;<\/strong><br \/>\n<strong> *Jest tu &#8211; cz\u0142owiek* kt\u00f3ry zawsze<\/strong><br \/>\n<strong> B\u0119dzie Pana chwali\u0142 b\u0142ogos\u0142awi\u0142 prosi\u0142<\/strong><br \/>\n<strong> *Jest tu &#8211; cz\u0142owiek* z hosann\u0105 na ustach<\/strong><br \/>\n<strong> I w sercu<\/strong><\/p>\n<p>A cz\u0142owiek wielki<br \/>\nKocha kotki i pieska<br \/>\nI robi co trzeba<br \/>\n\u017beby by\u0142a sfinalizowana wielka \u015bciema<br \/>\nWychodzi na przeciw wspania\u0142emu bohaterstwu<br \/>\nW godzinach kluczowych zawsze<br \/>\nRobi co trzeba<br \/>\nNiestety nie wobec najbli\u017cszych<br \/>\nAle na pewno zdecydowanie s\u0142usznie<\/p>\n<p>A pewnie \u017ce mog\u0105 przyj\u015b\u0107<br \/>\nI z tej drugiej strony<br \/>\nCz\u0142owiek wielki mo\u017ce i w innej kolejno\u015bci<br \/>\nSp\u00f3\u0142ka *z ograniczon\u0105 odpowiedzialno\u015bci\u0105*<br \/>\nCz\u0142owiek wielki i wspania\u0142e bohaterstwo<br \/>\nSp\u00f3\u0142ka *z o.o.* \u017ce si\u0119 tak wyra\u017c\u0119<br \/>\nA zaprzeda\u0107 si\u0119 przecie\u017c mo\u017ce zapewne ka\u017cdy<br \/>\nW sensie d\u0105\u017cenia do wielkiej \u015bciemy<br \/>\nZrealizowania i w tym wsp\u00f3\u0142dzia\u0142ania<\/p>\n<p style=\"text-align: center;\"><a href=\"https:\/\/youtu.be\/3BXOfA3aU0I\"><em><strong>T. Love &#8211; Jednor\u0119ki bandyta<\/strong><\/em><\/a><\/p>\n<p><strong>Dzi\u015b te\u017c \u015bw. *A-man-da* jest<\/strong><br \/>\n<strong> *A cz\u0142owiek da* co mo\u017ce<\/strong><br \/>\n<strong> To co w sercu<\/strong><br \/>\n<strong> A najpierw d\u0105\u017cenie do sprawiedliwo\u015bci<\/strong><br \/>\n<strong> Szakanie tu najpierw Kr\u00f3lestwa Bo\u017cego<\/strong><\/p>\n<p><strong>A imi\u0119 Amand te\u017c znaczy<\/strong><br \/>\n<strong> <em>Godna mi\u0142o\u015bci<\/em><\/strong><br \/>\n<strong> Tak\u0105 jest dla mnie Maryja<\/strong><br \/>\n<strong> Ona wszystkie sprawy najlepiej porz\u0105dkuje<\/strong><br \/>\n<strong> A w sensie tylko ludzkim<\/strong><br \/>\n<strong> Moja \u017cona nasze bliscy<\/strong><br \/>\n<strong> Dlaczego oni chc\u0105 uderza\u0107 koniecznie<\/strong><br \/>\n<strong> W to co kocham najbardziej<\/strong><br \/>\n<strong> I w sensie czysto ludzkim<\/strong><br \/>\n<strong> I w tym ponad cz\u0142owiekiem<\/strong><br \/>\n<strong> Upodobali sobie zniszczenie mnie<\/strong><\/p>\n<p><strong><a href=\"http:\/\/hubertpietka.bialystok.pl\/wp-content\/uploads\/2022\/06\/IMG_20220618_091655.jpg\"><img loading=\"lazy\" decoding=\"async\" class=\"alignnone size-thumbnail wp-image-5706\" src=\"http:\/\/hubertpietka.bialystok.pl\/wp-content\/uploads\/2022\/06\/IMG_20220618_091655-150x150.jpg\" alt=\"\" width=\"150\" height=\"150\" srcset=\"https:\/\/hubertpietka.bialystok.pl\/wp-content\/uploads\/2022\/06\/IMG_20220618_091655-150x150.jpg 150w, https:\/\/hubertpietka.bialystok.pl\/wp-content\/uploads\/2022\/06\/IMG_20220618_091655-75x75.jpg 75w\" sizes=\"auto, (max-width: 150px) 100vw, 150px\" \/><\/a><\/strong><\/p>\n<p><em>Na zdj. Cie\u0144 cz\u0142owieka i gra \u015bwiate\u0142<\/em><br \/>\n<em> W sanktuarium maryjnym w D\u0119bowcu<\/em><br \/>\n<em> Tam kr\u00f3luje Pani *Sale-tty*-\u0144ska<\/em><br \/>\n<em> Zlekcewa\u017cy\u0107 mo\u017cna sobie wszystko<\/em><br \/>\n<em> Szczeg\u00f3lnie to co wygl\u0105da niepozornie<\/em><br \/>\n<em> Sprzeda\u0107 te\u017c mo\u017cna wszystko<\/em><br \/>\n<em> *Sprzedany &#8211; ty&#8221; lekko<\/em><\/p>\n<p>Wszystko co si\u0119 tylko da\u0142o<br \/>\nJu\u017c chyba o wielkiej \u015bciemie<br \/>\nNapisa\u0107 to napisa\u0142em<br \/>\nA oni mimo to dalej<br \/>\nTak jakby ten *walec*<br \/>\nI za wszelk\u0105 cen\u0119 chcia\u0142 mnie zmia\u017cd\u017cy\u0107<br \/>\nZa przeproszeniem<br \/>\n<em>Niech si\u0119 *wali*<\/em> m\u00f3wi\u0105c potocznie<br \/>\nA ja ufam<br \/>\n\u017be jestem ma\u0142ym drzewkiem<br \/>\nW cieniu Maryi<br \/>\nI \u017ce gra Bo\u017cych \u015bwiate\u0142<br \/>\nPrzezwyci\u0119\u017cy te mroki<br \/>\nKt\u00f3re chc\u0105 zapa\u015b\u0107 nade mn\u0105<br \/>\nI nad \u015bwiatem<\/p>\n","protected":false},"excerpt":{"rendered":"<p>Pani z La *Sa-(l)-ette* \/ niepozorne *sprzedane lekko etc.* Gdyby ci dano miliony Za sprzedanie twojej matki syna czy \u017cony Gdyby ci dano miliony za&hellip; <\/p>\n","protected":false},"author":1,"featured_media":0,"parent":0,"menu_order":0,"comment_status":"closed","ping_status":"closed","template":"","meta":{"footnotes":""},"class_list":["post-5705","page","type-page","status-publish","hentry"],"_links":{"self":[{"href":"https:\/\/hubertpietka.bialystok.pl\/index.php?rest_route=\/wp\/v2\/pages\/5705","targetHints":{"allow":["GET"]}}],"collection":[{"href":"https:\/\/hubertpietka.bialystok.pl\/index.php?rest_route=\/wp\/v2\/pages"}],"about":[{"href":"https:\/\/hubertpietka.bialystok.pl\/index.php?rest_route=\/wp\/v2\/types\/page"}],"author":[{"embeddable":true,"href":"https:\/\/hubertpietka.bialystok.pl\/index.php?rest_route=\/wp\/v2\/users\/1"}],"replies":[{"embeddable":true,"href":"https:\/\/hubertpietka.bialystok.pl\/index.php?rest_route=%2Fwp%2Fv2%2Fcomments&post=5705"}],"version-history":[{"count":2,"href":"https:\/\/hubertpietka.bialystok.pl\/index.php?rest_route=\/wp\/v2\/pages\/5705\/revisions"}],"predecessor-version":[{"id":5710,"href":"https:\/\/hubertpietka.bialystok.pl\/index.php?rest_route=\/wp\/v2\/pages\/5705\/revisions\/5710"}],"wp:attachment":[{"href":"https:\/\/hubertpietka.bialystok.pl\/index.php?rest_route=%2Fwp%2Fv2%2Fmedia&parent=5705"}],"curies":[{"name":"wp","href":"https:\/\/api.w.org\/{rel}","templated":true}]}}