{"id":5712,"date":"2022-06-20T08:23:02","date_gmt":"2022-06-20T08:23:02","guid":{"rendered":"http:\/\/hubertpietka.bialystok.pl\/?page_id=5712"},"modified":"2022-06-20T08:23:02","modified_gmt":"2022-06-20T08:23:02","slug":"nawala-bohaterstwa-wspanialego","status":"publish","type":"page","link":"https:\/\/hubertpietka.bialystok.pl\/?page_id=5712","title":{"rendered":"Nawa\u0142a \/ bohaterstwa wspania\u0142ego"},"content":{"rendered":"<p><strong>Nawa\u0142a \/ bohaterstwa wspania\u0142ego<\/strong><\/p>\n<p>Jak przetrzyma\u0107 o Panie t\u0105 nawa\u0142\u0119<\/p>\n<p>\u0141atwo jest wybra\u0107 ciemn\u0105 stron\u0119 mocy<br \/>\nKiedy po jej stronie jest argument przemocy<\/p>\n<p>Cz\u0142owiek wielki czuje si\u0119 bardzo pewnie<br \/>\nBo <em>ma wielkie plecy<\/em> wspania\u0142ego bohaterstwa<br \/>\nNikt przecie\u017c osamotniony by\u0107 nie chce<br \/>\nLepiej z pr\u0105dem lecie\u0107<br \/>\nNawet je\u015bli to nie ma dobra na celu<br \/>\nNa pewno nie mojego<br \/>\nAle czy tylko<br \/>\nTo si\u0119 oka\u017ce jeszcze<\/p>\n<p>A cz\u0142owiek wielki<br \/>\n<em>W ca\u0142y \u015bwiat wygaduje<\/em> wy\u015bpiewuje<br \/>\nJak mawia\u0142 pewien przedstawiciel medycyny<br \/>\nNa zewn\u0105trz pewnie wygl\u0105da pi\u0119knie<br \/>\nA co robi w domu to przykryte jest noc\u0105<br \/>\nNajwa\u017cniejsze \u017ce na zewn\u0105trz wszystko wygl\u0105da pi\u0119knie<br \/>\nA tego co trzeba to lepiej nie dostrzega\u0107<br \/>\nA bohaterstwo wspania\u0142e<br \/>\nTyle ma mo\u017cliwo\u015bci pi\u0119knych zawsze<br \/>\nJak nie z tej to z tamtej strony<br \/>\nNiestety pojawi\u0142a si\u0119 i taka mo\u017cliwo\u015b\u0107 do\u015b\u0107 pewna<br \/>\nTak jak i misie w ka\u017cdym mo\u017cliwym miejscu<br \/>\nMog\u0105 oni co chc\u0105 przecie\u017c<br \/>\nA i ja mog\u0119 im wyj\u015b\u0107 na przeciw<br \/>\nHarcownictwo weso\u0142e mo\u017ce by\u0107 nie tylko w domu<\/p>\n<p><a href=\"http:\/\/hubertpietka.bialystok.pl\/wp-content\/uploads\/2022\/06\/IMG_20220620_101706.jpg\"><img loading=\"lazy\" decoding=\"async\" class=\"alignnone size-thumbnail wp-image-5713\" src=\"http:\/\/hubertpietka.bialystok.pl\/wp-content\/uploads\/2022\/06\/IMG_20220620_101706-150x150.jpg\" alt=\"\" width=\"150\" height=\"150\" srcset=\"https:\/\/hubertpietka.bialystok.pl\/wp-content\/uploads\/2022\/06\/IMG_20220620_101706-150x150.jpg 150w, https:\/\/hubertpietka.bialystok.pl\/wp-content\/uploads\/2022\/06\/IMG_20220620_101706-75x75.jpg 75w\" sizes=\"auto, (max-width: 150px) 100vw, 150px\" \/><\/a><\/p>\n<p><strong>Na zdj. Huba przyczepiona do drzewa<\/strong><br \/>\n<strong> W <em>buschu\u00a0<\/em>czyli mi\u0119dzy krzakami<\/strong><br \/>\n<strong> W pewnym ogr\u00f3dku<\/strong><br \/>\n<strong> Gdzie te\u017c czasem chrab\u0105szcze lataj\u0105<\/strong><br \/>\n<strong> Przyczepiona do drzewa \u017cycia<\/strong><br \/>\n<strong> W tym przypadku do pnia<\/strong><br \/>\n<strong> Ale i pie\u0144 wypu\u015bci\u0107 mo\u017ce nowe ga\u0142\u0119zie<\/strong><br \/>\n<strong> Czasem czuj\u0119 si\u0119 tu troch\u0119 jak w buszu<\/strong><br \/>\n<strong> \u017badnych zasad i nawet i na hama<\/strong><br \/>\n<strong> Wielka \u015bciema musi by\u0107 sfinalizowana<\/strong><\/p>\n<p>Szatan jest mistrzem parodii<br \/>\nZ\u0142o przedstawia w postaci dobra<br \/>\nSzatan jest mistrzem parodii<br \/>\nChocia\u017cby k\u0142amstwa jako wielka prawda<br \/>\nZab\u00f3jstwa jako zbawienie ludzko\u015bci<\/p>\n<p>A wielka \u015bciema najlepiej po ko\u015bci\u00f3\u0142ku przecie\u017c<br \/>\nLub i zamiast<br \/>\nWielki cz\u0142owiek i bohaterstwo wspania\u0142e lubi\u0105 takie w\u0105tki<br \/>\nSzatan ma\u0142puje dobra<br \/>\nNie myli\u0107 z paradoksem<\/p>\n<p>A czy\u017c to i w\u0142a\u015bnie te\u017c<br \/>\nNie ma spotka\u0107 mojej \u017cony<br \/>\nJu\u017c od dawna<br \/>\nI naszego naszych tak\u017ce<\/p>\n<p style=\"text-align: center;\"><a href=\"https:\/\/youtu.be\/BRVsfJHZcmk\"><em><strong>Elektryczne Gitary &#8211; Cz\u0142owiek z li\u015bciem na g\u0142owie<\/strong><\/em><\/a><\/p>\n","protected":false},"excerpt":{"rendered":"<p>Nawa\u0142a \/ bohaterstwa wspania\u0142ego Jak przetrzyma\u0107 o Panie t\u0105 nawa\u0142\u0119 \u0141atwo jest wybra\u0107 ciemn\u0105 stron\u0119 mocy Kiedy po jej stronie jest argument przemocy Cz\u0142owiek wielki&hellip; <\/p>\n","protected":false},"author":1,"featured_media":0,"parent":0,"menu_order":0,"comment_status":"closed","ping_status":"closed","template":"","meta":{"footnotes":""},"class_list":["post-5712","page","type-page","status-publish","hentry"],"_links":{"self":[{"href":"https:\/\/hubertpietka.bialystok.pl\/index.php?rest_route=\/wp\/v2\/pages\/5712","targetHints":{"allow":["GET"]}}],"collection":[{"href":"https:\/\/hubertpietka.bialystok.pl\/index.php?rest_route=\/wp\/v2\/pages"}],"about":[{"href":"https:\/\/hubertpietka.bialystok.pl\/index.php?rest_route=\/wp\/v2\/types\/page"}],"author":[{"embeddable":true,"href":"https:\/\/hubertpietka.bialystok.pl\/index.php?rest_route=\/wp\/v2\/users\/1"}],"replies":[{"embeddable":true,"href":"https:\/\/hubertpietka.bialystok.pl\/index.php?rest_route=%2Fwp%2Fv2%2Fcomments&post=5712"}],"version-history":[{"count":1,"href":"https:\/\/hubertpietka.bialystok.pl\/index.php?rest_route=\/wp\/v2\/pages\/5712\/revisions"}],"predecessor-version":[{"id":5714,"href":"https:\/\/hubertpietka.bialystok.pl\/index.php?rest_route=\/wp\/v2\/pages\/5712\/revisions\/5714"}],"wp:attachment":[{"href":"https:\/\/hubertpietka.bialystok.pl\/index.php?rest_route=%2Fwp%2Fv2%2Fmedia&parent=5712"}],"curies":[{"name":"wp","href":"https:\/\/api.w.org\/{rel}","templated":true}]}}