{"id":5719,"date":"2022-06-23T15:52:48","date_gmt":"2022-06-23T15:52:48","guid":{"rendered":"http:\/\/hubertpietka.bialystok.pl\/?page_id=5719"},"modified":"2022-06-23T23:45:30","modified_gmt":"2022-06-23T23:45:30","slug":"wolam-przyjdz-a-oni-niech-nie-przychodza","status":"publish","type":"page","link":"https:\/\/hubertpietka.bialystok.pl\/?page_id=5719","title":{"rendered":"Wo\u0142am \/ Przyjd\u017a a oni niech nie przychodz\u0105"},"content":{"rendered":"<p><em><strong>Wo\u0142am \/ Przyjd\u017a a oni niech nie przychodz\u0105<\/strong><\/em><\/p>\n<p>Pewnie \u017ce wielki cz\u0142owiek<br \/>\nW ka\u017cdej chwili zawr\u00f3ci\u0107 mo\u017ce<br \/>\nI to nawet ponownie<br \/>\nJak maj\u0105 z nim przyj\u015b\u0107 wspaniali bohaterowie<\/p>\n<p><em>Przyjd\u017a Duchu \u015awi\u0119ty<\/em><br \/>\n<em> A oni niech nie przychodz\u0105<\/em><\/p>\n<p>Pewnie \u017ce on zawsze<br \/>\nIm na przeciw wyjdzie<br \/>\nTak jak wychodzi<\/p>\n<p><em>Przyjd\u017a Duchu \u015awi\u0119ty<\/em><br \/>\n<em> A oni niech nie przychodz\u0105<\/em><\/p>\n<p>Zapewne i ja im mog\u0119 wyj\u015b\u0107 na przeciw<br \/>\nTak weso\u0142ym harcownikom<br \/>\nLub kto\u015b z bliskich<br \/>\nZ tej czy tamtej strony<\/p>\n<p><em>Przyjd\u017a Duchu \u015awi\u0119ty<\/em><br \/>\n<em> A oni niech nie przychodz\u0105<\/em><\/p>\n<p>Pewnie \u017ce w\u0142ama\u0107 si\u0119 mog\u0105<br \/>\nW nocy najpewniej<br \/>\nI wkroczy\u0107 bezprawnie na teren prywatny<\/p>\n<p><em>Przyjd\u017a Duchu \u015awi\u0119ty<\/em><br \/>\n<em> A oni niech nie przychodz\u0105<\/em><\/p>\n<p>A najbardziej lubi\u0105 ten moment<br \/>\nJak kto\u015b wchodzi czy wychodzi<br \/>\nSzczeg\u00f3lnie kiedy to jest wielki cz\u0142owiek<\/p>\n<p><em>Przyjd\u017a Duchu \u015awi\u0119ty<\/em><br \/>\n<em> A oni niech nie przychodz\u0105<\/em><\/p>\n<p>A jak my wchodzimy czy te\u017c wychodzimy<br \/>\nTo zawsze w cz\u0142owieka wielkiego asy\u015bcie<br \/>\nOn zawsze prawie musi by\u0107 przy tym<br \/>\nWtedy bohaterstwu wspania\u0142emu \u0142atwiej<\/p>\n<p><em>Przyjd\u017a Duchu \u015awi\u0119ty<\/em><br \/>\n<em> A oni niech nie przychodz\u0105<\/em><\/p>\n<p>A misie dorwa\u0107 mnie mog\u0105 wsz\u0119dzie<br \/>\nGdziekolwiek b\u0119d\u0119<br \/>\nA jak\u017ce\u017c<\/p>\n<p><em>Przyjd\u017a Duchu \u015awi\u0119ty<\/em><br \/>\n<em> A oni niech nie przychodz\u0105<\/em><\/p>\n<p>A i pewnie<br \/>\n\u017be co\u015b si\u0119 mo\u017ce sta\u0107<br \/>\nZ nami naszymi naszym<br \/>\nNie? a jak si\u0119 stanie?<br \/>\nTo c\u00f3\u017c si\u0119 powie<br \/>\nTak mia\u0142o by\u0107<br \/>\nA tak naprawd\u0119 to tak<br \/>\nBy\u0107 nie powinno<\/p>\n<p><em>I je\u015bli cokolwiek cokolwieczunio<\/em><\/p>\n<p><em><a href=\"http:\/\/hubertpietka.bialystok.pl\/wp-content\/uploads\/2022\/06\/IMG_20220623_175212.jpg\"><img loading=\"lazy\" decoding=\"async\" class=\"alignnone size-thumbnail wp-image-5720\" src=\"http:\/\/hubertpietka.bialystok.pl\/wp-content\/uploads\/2022\/06\/IMG_20220623_175212-150x150.jpg\" alt=\"\" width=\"150\" height=\"150\" srcset=\"https:\/\/hubertpietka.bialystok.pl\/wp-content\/uploads\/2022\/06\/IMG_20220623_175212-150x150.jpg 150w, https:\/\/hubertpietka.bialystok.pl\/wp-content\/uploads\/2022\/06\/IMG_20220623_175212-75x75.jpg 75w\" sizes=\"auto, (max-width: 150px) 100vw, 150px\" \/><\/a><\/em><\/p>\n<p><em>Na zdj. Eucharystyczna adoracja w D\u0119bowcu<\/em><br \/>\n<em> U Pani z La Salette<\/em><br \/>\n<em> Tylko to co prawdziwie pokorne<\/em><br \/>\n<em> Pozwala na to by by\u0107<\/em><br \/>\n<em> Pomniejszanym i lekcewa\u017conym<\/em><br \/>\n<em> A pycha zawsze pokorze si\u0119 sprzeciwia i to<\/em><br \/>\n<em> Na ka\u017cdym kroku<\/em><\/p>\n<p>Abstrahuj\u0105c od wszystkiego na koniec<br \/>\nJaki jest idealny wsp\u00f3\u0142prawcownik<br \/>\nW niecnych zamiarach<br \/>\nCzy\u017c nie psychopata<br \/>\nI koniecznie z prze\u015bladowcz\u0105 mani\u0105<br \/>\nW\u0142a\u015bciwie skierowan\u0105<br \/>\nOraz z bardzo wielkim o sobie mniemaniem<\/p>\n<p><strong>Jutro \u015bw. Sympliciusza<\/strong><br \/>\n<strong> Imi\u0119 jego znaczy pokora<\/strong><br \/>\n<strong> Tak jak Maryja<\/strong><br \/>\n<strong> Ona jest zawsze gdzie Jezus<\/strong><br \/>\n<strong> I wskazuje na Niego<\/strong><br \/>\n<strong> Sama si\u0119 umniejszaj\u0105c<\/strong><br \/>\n<strong> Bo On jest Bogiem<\/strong><br \/>\n<strong> A ona cz\u0142owiekiem<\/strong><br \/>\n<strong> Nawet je\u015bli kr\u00f3low\u0105 nieba i ziemi ju\u017c jest<\/strong><br \/>\n<strong> Zako\u0144czenie Oktawy Bo\u017cego Cia\u0142a<\/strong><br \/>\n<strong> Bogu kt\u00f3ry si\u0119 umniejsza<\/strong><br \/>\n<strong> W op\u0142atku skromnym bia\u0142ym<\/strong><br \/>\n<strong> Te\u017c trzeba odda\u0107 chwa\u0142\u0119<\/strong><\/p>\n","protected":false},"excerpt":{"rendered":"<p>Wo\u0142am \/ Przyjd\u017a a oni niech nie przychodz\u0105 Pewnie \u017ce wielki cz\u0142owiek W ka\u017cdej chwili zawr\u00f3ci\u0107 mo\u017ce I to nawet ponownie Jak maj\u0105 z nim&hellip; <\/p>\n","protected":false},"author":1,"featured_media":0,"parent":0,"menu_order":0,"comment_status":"closed","ping_status":"closed","template":"","meta":{"footnotes":""},"class_list":["post-5719","page","type-page","status-publish","hentry"],"_links":{"self":[{"href":"https:\/\/hubertpietka.bialystok.pl\/index.php?rest_route=\/wp\/v2\/pages\/5719","targetHints":{"allow":["GET"]}}],"collection":[{"href":"https:\/\/hubertpietka.bialystok.pl\/index.php?rest_route=\/wp\/v2\/pages"}],"about":[{"href":"https:\/\/hubertpietka.bialystok.pl\/index.php?rest_route=\/wp\/v2\/types\/page"}],"author":[{"embeddable":true,"href":"https:\/\/hubertpietka.bialystok.pl\/index.php?rest_route=\/wp\/v2\/users\/1"}],"replies":[{"embeddable":true,"href":"https:\/\/hubertpietka.bialystok.pl\/index.php?rest_route=%2Fwp%2Fv2%2Fcomments&post=5719"}],"version-history":[{"count":2,"href":"https:\/\/hubertpietka.bialystok.pl\/index.php?rest_route=\/wp\/v2\/pages\/5719\/revisions"}],"predecessor-version":[{"id":5730,"href":"https:\/\/hubertpietka.bialystok.pl\/index.php?rest_route=\/wp\/v2\/pages\/5719\/revisions\/5730"}],"wp:attachment":[{"href":"https:\/\/hubertpietka.bialystok.pl\/index.php?rest_route=%2Fwp%2Fv2%2Fmedia&parent=5719"}],"curies":[{"name":"wp","href":"https:\/\/api.w.org\/{rel}","templated":true}]}}