{"id":5763,"date":"2022-07-04T09:28:15","date_gmt":"2022-07-04T09:28:15","guid":{"rendered":"http:\/\/hubertpietka.bialystok.pl\/?page_id=5763"},"modified":"2022-07-04T09:28:15","modified_gmt":"2022-07-04T09:28:15","slug":"moje-drogi-w-panu","status":"publish","type":"page","link":"https:\/\/hubertpietka.bialystok.pl\/?page_id=5763","title":{"rendered":"Moje drogi \/ w Panu"},"content":{"rendered":"<p><em><strong>Moje drogi \/ w Panu\u00a0<\/strong><\/em><\/p>\n<p>Przez ile dr\u00f3g<br \/>\nCz\u0142owiek przej\u015b\u0107 musi<br \/>\nNa jednej z nich<br \/>\n*O, Gr\u00f3jec*<\/p>\n<p>Prawdziwie ogr\u00f3jcowe<br \/>\nJu\u017c nawet nie godziny<br \/>\nNie dni nie miesi\u0105ce<br \/>\nJu\u017c niemal lata<br \/>\nFunduje mi wielki cz\u0142owiek<br \/>\nI bohaterstwo wspania\u0142e tutaj<br \/>\nA poza domem misie kolorowe<\/p>\n<p>\u017be ju\u017c nawet nie wspomn\u0119<br \/>\nO swej trosce wobec r\u00f3wnie zagro\u017conej \u017cony<br \/>\nO swej trosce za bliskich<br \/>\nWed\u0142ug wiary i wed\u0142ug krwii<br \/>\nO niepokoju z powodu tego ma\u0142ego co mamy<br \/>\nZwierz\u0105t i mienia<br \/>\nA dla niekt\u00f3rych i to jest za du\u017co<br \/>\nJakby mieli do tego jakie\u015b prawo<br \/>\nA nie maj\u0105 go wcale<\/p>\n<p>Mn\u00f3stwo ma zawsze mo\u017cliwo\u015bci pi\u0119knych<br \/>\nCz\u0142owiek wielki i wspania\u0142e bohaterstwo vel weso\u0142e harcownictwo<br \/>\nBo jak nie z tej to z tamtej strony<br \/>\nBo jak nie cz\u0142owiek wielki<br \/>\nTo mo\u017ce kto\u015b b\u0119dzie st\u0105d wychodzi\u0142<br \/>\nLub tu wchodzi\u0142<br \/>\nTak\u017ce misie kolorowe<br \/>\nTakie czy inne mog\u0105<br \/>\nNiemal wsz\u0119dzie swe metody zastosowa\u0107<br \/>\nWszystko bliskie ubecji<br \/>\nAle to tylko szczeg\u00f3\u0142<br \/>\nBo jak nazwa\u0107 nagabywanie si\u0119<br \/>\nNa bezbronnego<\/p>\n<p><a href=\"http:\/\/hubertpietka.bialystok.pl\/wp-content\/uploads\/2022\/07\/IMG_20220704_110648.jpg\"><img loading=\"lazy\" decoding=\"async\" class=\"alignnone size-thumbnail wp-image-5764\" src=\"http:\/\/hubertpietka.bialystok.pl\/wp-content\/uploads\/2022\/07\/IMG_20220704_110648-150x150.jpg\" alt=\"\" width=\"150\" height=\"150\" srcset=\"https:\/\/hubertpietka.bialystok.pl\/wp-content\/uploads\/2022\/07\/IMG_20220704_110648-150x150.jpg 150w, https:\/\/hubertpietka.bialystok.pl\/wp-content\/uploads\/2022\/07\/IMG_20220704_110648-75x75.jpg 75w\" sizes=\"auto, (max-width: 150px) 100vw, 150px\" \/><\/a><\/p>\n<p><em>Na zdj. Maryja Pocieszycielka w Gr\u00f3jcu<\/em><br \/>\n<em> Pocieszaj nas Maryjo<\/em><br \/>\n<em> W tym co nas niesprawiedliwie spotyka tu czy tam<\/em><br \/>\n<em> Wspomagaj nas naszych i nasze<\/em><br \/>\n<em> W ka\u017cdym czasie<\/em><\/p>\n<p>A pewnie te ogr\u00f3jcowe chwile<br \/>\nMaj\u0105 by\u0107 preludium<br \/>\nDo objawienia si\u0119 niesprawiedliwo\u015bci wszelkiej<br \/>\nJak po Jezusa przysz\u0142a zgraja<br \/>\nPo zdradzie Judasza<br \/>\nTak i dybi\u0105 na mnie na nas<br \/>\nTakie czy inne kolorowe bohaterstwo wspania\u0142e<\/p>\n<p><strong>Dzi\u015b \u015bw. El\u017cbiety*Por-tu*galskiej<\/strong><br \/>\n<strong> *Port tu* mia\u0142 by\u0107 dla nas<\/strong><br \/>\n<strong> Na tej ziemi *galicyjskiej*<\/strong><br \/>\n<strong> I b\u0119dzie jeszcze<\/strong><br \/>\n<strong> Chwile ogr\u00f3jcowe ufam Panie<\/strong><br \/>\n<strong> \u017be z Twoj\u0105 pomoc\u0105 przetrwamy<\/strong><br \/>\n<strong> Mimo \u017ce jest ich niepomiernie<\/strong><br \/>\n<strong> \u015aw. El\u017cbiet\u0119 nazywano Anio\u0142em Pokoju<\/strong><br \/>\n<strong> Niech pok\u00f3j Tw\u00f3j Panie<\/strong><br \/>\n<strong> Zawsze w sercach naszych b\u0119dzie i to<\/strong><br \/>\n<strong> Nie pomimo a w\u0142a\u015bnie dlatego<\/strong><br \/>\n<strong> Mimo \u017ce jeste\u015bmy tylko lud\u017ami<\/strong><br \/>\n<strong> I wszystko prze\u017cywamy na ten spos\u00f3b ludzki<\/strong><br \/>\n<strong> Prowad\u017a nas Maryjo<\/strong><\/p>\n<p style=\"text-align: center;\"><a href=\"https:\/\/youtu.be\/3nb8lEm6nYA\"><em><strong>Zayazd Lech Makowiecki &#8211; Tylko mnie Bo\u017ce prowad\u017a\u00a0<\/strong><\/em><\/a><\/p>\n","protected":false},"excerpt":{"rendered":"<p>Moje drogi \/ w Panu\u00a0 Przez ile dr\u00f3g Cz\u0142owiek przej\u015b\u0107 musi Na jednej z nich *O, Gr\u00f3jec* Prawdziwie ogr\u00f3jcowe Ju\u017c nawet nie godziny Nie dni&hellip; <\/p>\n","protected":false},"author":1,"featured_media":0,"parent":0,"menu_order":0,"comment_status":"closed","ping_status":"closed","template":"","meta":{"footnotes":""},"class_list":["post-5763","page","type-page","status-publish","hentry"],"_links":{"self":[{"href":"https:\/\/hubertpietka.bialystok.pl\/index.php?rest_route=\/wp\/v2\/pages\/5763","targetHints":{"allow":["GET"]}}],"collection":[{"href":"https:\/\/hubertpietka.bialystok.pl\/index.php?rest_route=\/wp\/v2\/pages"}],"about":[{"href":"https:\/\/hubertpietka.bialystok.pl\/index.php?rest_route=\/wp\/v2\/types\/page"}],"author":[{"embeddable":true,"href":"https:\/\/hubertpietka.bialystok.pl\/index.php?rest_route=\/wp\/v2\/users\/1"}],"replies":[{"embeddable":true,"href":"https:\/\/hubertpietka.bialystok.pl\/index.php?rest_route=%2Fwp%2Fv2%2Fcomments&post=5763"}],"version-history":[{"count":1,"href":"https:\/\/hubertpietka.bialystok.pl\/index.php?rest_route=\/wp\/v2\/pages\/5763\/revisions"}],"predecessor-version":[{"id":5765,"href":"https:\/\/hubertpietka.bialystok.pl\/index.php?rest_route=\/wp\/v2\/pages\/5763\/revisions\/5765"}],"wp:attachment":[{"href":"https:\/\/hubertpietka.bialystok.pl\/index.php?rest_route=%2Fwp%2Fv2%2Fmedia&parent=5763"}],"curies":[{"name":"wp","href":"https:\/\/api.w.org\/{rel}","templated":true}]}}