{"id":5771,"date":"2022-07-06T10:34:39","date_gmt":"2022-07-06T10:34:39","guid":{"rendered":"http:\/\/hubertpietka.bialystok.pl\/?page_id=5771"},"modified":"2022-07-06T10:34:39","modified_gmt":"2022-07-06T10:34:39","slug":"cud-nieustannie-trwajacy","status":"publish","type":"page","link":"https:\/\/hubertpietka.bialystok.pl\/?page_id=5771","title":{"rendered":"Cud \/ nieustannie trwaj\u0105cy"},"content":{"rendered":"<p><em><strong>Cud \/ nieustannie trwaj\u0105cy\u00a0<\/strong><\/em><\/p>\n<p>Ach kiedy\u017c wreszcie<br \/>\nOdbije si\u0119 blask wielkiego cz\u0142owieka<br \/>\nW oczach wspania\u0142ego bohaterstwa<br \/>\nA bezpo\u015brednio lub po\u015brednio mo\u017ce<br \/>\nI w kroku pierwszym akcji i drugim r\u00f3wnie dobrze<\/p>\n<p>A powroty wielkiego cz\u0142owieka<br \/>\nTo ju\u017c jest prawdziwa epopeja<br \/>\nBo oczywi\u015bcie nigdy nie wiadomo<br \/>\nKiedy wr\u00f3ci on<br \/>\nI koniecznie w asy\u015bcie wspania\u0142ego bohaterstwa<\/p>\n<p>Ja te\u017c tak uwa\u017cam<br \/>\n\u017be cz\u0142owiek wielki<br \/>\nStworzony jest do rzeczy wi\u0119kszych<br \/>\nNi\u017c chocia\u017cby tak prozaicznych<br \/>\nJak jakie\u015b tam rachunki<br \/>\nCz\u0142owiek wielki ma swoje potrzeby przecie\u017c wi\u0119ksze<br \/>\nA poza tym zawsze by\u0142y one przez innych p\u0142acone<br \/>\nTo dlaczego nagle mia\u0142oby by\u0107 inaczej<\/p>\n<p>Czasami si\u0119 czuj\u0119<br \/>\nJakbym powstrzymywa\u0142 jaka\u015b fal\u0119<br \/>\nTsunami kt\u00f3re chce zniszczy\u0107 wszystko<br \/>\nAle to tylko moje subiektywne odczucie<br \/>\nNiemniej jednak dzi\u0119ki temu dobrze rozumiem Ukrain\u0119<br \/>\nKt\u00f3ra powstrzymuje podobn\u0105 fal\u0119<br \/>\nPrzed jej na ca\u0142y \u015bwiat si\u0119 rozlaniem<\/p>\n<p style=\"text-align: center;\"><a href=\"https:\/\/youtu.be\/LILXgORnHdI\"><em><strong>Polscy Arty\u015bci &#8211; Pokonamy fal\u0119\u00a0<\/strong><\/em><\/a><\/p>\n<p style=\"text-align: center;\"><a href=\"https:\/\/youtu.be\/SSTzwGtRU6E\"><em><strong>P\u0105czki w t\u0142uszczu &#8211; Tylko b\u0105d\u017a\u00a0<\/strong><\/em><\/a><\/p>\n<p>A moja \u017cona ma odpowiedni\u0105 \u015bmier\u0107 ponie\u015b\u0107<br \/>\nZ bardzo prostego przecie\u017c powodu<br \/>\nZ tego w\u0142a\u015bnie<br \/>\n\u017be prawdziwie kocha swego m\u0119\u017ca<br \/>\nI je\u015bli cokolwiek cokolwieczunio<br \/>\nTak\u017ce z nami naszymi naszym<br \/>\nTo Ty wiesz Panie<\/p>\n<p>A czy\u017c Jezus tak samo m\u00f3wi\u0142 do innych<br \/>\nJak si\u0119 modli\u0142<br \/>\nWystarczy por\u00f3wna\u0107 Modlitw\u0119 Pa\u0144sk\u0105<br \/>\nZ tym co m\u00f3wi\u0142 do faryzeuszy<br \/>\n\u017be s\u0105 chocia\u017cby plemieniem \u017cmijowym i<br \/>\n\u017be jak oni mog\u0105 uj\u015b\u0107 pot\u0119pienia w piekle<br \/>\nI z tym co m\u00f3wi\u0142 do swoich uczni\u00f3w<br \/>\n\u017beby wystrzegali si\u0119 kwasu faryzeuszy<br \/>\nCzy Jezus tak samo m\u00f3wi\u0142 do innych<br \/>\nJak si\u0119 modli\u0142<\/p>\n<p><a href=\"http:\/\/hubertpietka.bialystok.pl\/wp-content\/uploads\/2022\/07\/IMG_20220706_120436.jpg\"><img loading=\"lazy\" decoding=\"async\" class=\"alignnone size-thumbnail wp-image-5772\" src=\"http:\/\/hubertpietka.bialystok.pl\/wp-content\/uploads\/2022\/07\/IMG_20220706_120436-150x150.jpg\" alt=\"\" width=\"150\" height=\"150\" srcset=\"https:\/\/hubertpietka.bialystok.pl\/wp-content\/uploads\/2022\/07\/IMG_20220706_120436-150x150.jpg 150w, https:\/\/hubertpietka.bialystok.pl\/wp-content\/uploads\/2022\/07\/IMG_20220706_120436-75x75.jpg 75w\" sizes=\"auto, (max-width: 150px) 100vw, 150px\" \/><\/a><\/p>\n<p><em>Na zdj. Moje odbicie w kapliczce Maryjnej<\/em><br \/>\n<em> W Bia\u0142ymstoku przy Duchu \u015awi\u0119tym<\/em><br \/>\n<em> Zawsze wpatrywa\u0107 si\u0119 w Maryj\u0119<\/em><br \/>\n<em> A poza tym Przyjd\u017a Ty Duchu \u015awi\u0119ty<\/em><br \/>\n<em> A oni niech nie przychodz\u0105<\/em><br \/>\n<em> Ani z tej ani z tamtej strony<\/em><br \/>\n<em> Ani wspania\u0142e bohaterstwo<\/em><br \/>\n<em> Ani harcownictwo weso\u0142e<\/em><br \/>\n<em> Ani te\u017c misie kolorowe<\/em><br \/>\n<em> I tu i gdziekolwiek<\/em><br \/>\n<em> Totus Tuus<\/em><\/p>\n","protected":false},"excerpt":{"rendered":"<p>Cud \/ nieustannie trwaj\u0105cy\u00a0 Ach kiedy\u017c wreszcie Odbije si\u0119 blask wielkiego cz\u0142owieka W oczach wspania\u0142ego bohaterstwa A bezpo\u015brednio lub po\u015brednio mo\u017ce I w kroku pierwszym&hellip; <\/p>\n","protected":false},"author":1,"featured_media":0,"parent":0,"menu_order":0,"comment_status":"closed","ping_status":"closed","template":"","meta":{"footnotes":""},"class_list":["post-5771","page","type-page","status-publish","hentry"],"_links":{"self":[{"href":"https:\/\/hubertpietka.bialystok.pl\/index.php?rest_route=\/wp\/v2\/pages\/5771","targetHints":{"allow":["GET"]}}],"collection":[{"href":"https:\/\/hubertpietka.bialystok.pl\/index.php?rest_route=\/wp\/v2\/pages"}],"about":[{"href":"https:\/\/hubertpietka.bialystok.pl\/index.php?rest_route=\/wp\/v2\/types\/page"}],"author":[{"embeddable":true,"href":"https:\/\/hubertpietka.bialystok.pl\/index.php?rest_route=\/wp\/v2\/users\/1"}],"replies":[{"embeddable":true,"href":"https:\/\/hubertpietka.bialystok.pl\/index.php?rest_route=%2Fwp%2Fv2%2Fcomments&post=5771"}],"version-history":[{"count":1,"href":"https:\/\/hubertpietka.bialystok.pl\/index.php?rest_route=\/wp\/v2\/pages\/5771\/revisions"}],"predecessor-version":[{"id":5773,"href":"https:\/\/hubertpietka.bialystok.pl\/index.php?rest_route=\/wp\/v2\/pages\/5771\/revisions\/5773"}],"wp:attachment":[{"href":"https:\/\/hubertpietka.bialystok.pl\/index.php?rest_route=%2Fwp%2Fv2%2Fmedia&parent=5771"}],"curies":[{"name":"wp","href":"https:\/\/api.w.org\/{rel}","templated":true}]}}