{"id":5779,"date":"2022-07-08T08:57:07","date_gmt":"2022-07-08T08:57:07","guid":{"rendered":"http:\/\/hubertpietka.bialystok.pl\/?page_id=5779"},"modified":"2022-07-08T08:57:07","modified_gmt":"2022-07-08T08:57:07","slug":"jak-czlowiek-wielki-to-wspaniale-bohaterstwo","status":"publish","type":"page","link":"https:\/\/hubertpietka.bialystok.pl\/?page_id=5779","title":{"rendered":"Jak \/ cz\u0142owiek wielki to wspania\u0142e bohaterstwo"},"content":{"rendered":"<p><em><strong>Jak \/ cz\u0142owiek wielki to wspania\u0142e bohaterstwo\u00a0<\/strong><\/em><\/p>\n<p>Kto tak lubi cz\u0142owieka wielkiego spacerki<br \/>\nWspania\u0142e bohaterstwo<br \/>\nA dla kogo s\u0105 tak pi\u0119kne<br \/>\nWyj\u015bcia i powroty wielkiego cz\u0142owieka<br \/>\nDla wspania\u0142ego bohaterstwa<\/p>\n<p>A z drugiej strony<br \/>\nCz\u0142owiek wielki pewnie i co\u015b w ko\u0144cu<br \/>\nWysiedzi czy wychodzi<br \/>\nBo partycypuje w tym ewidentnie<br \/>\nBy spotka\u0107 si\u0119 ze wspania\u0142ym bohaterstwem<br \/>\nSzczeg\u00f3lnie gdy przed\u0142u\u017ca on swe<br \/>\nPosiedzenia na dworze i spacerki<br \/>\nA tak\u017ce gdy wraca wraca<br \/>\nI wr\u00f3ci\u0107 nie mo\u017ce<br \/>\nZ wypraw r\u00f3\u017cnych kolorowych<\/p>\n<p>A \u017ce to jest te\u017c weso\u0142e harcownictwo<br \/>\nTo i ja zapewne przecie\u017c mog\u0119 im wyj\u015b\u0107 na przeciw<br \/>\nLub kto\u015b z bliskich z tej czy tamtej strony<br \/>\nOczywi\u015bcie kiedy nie jest na dworze wielki cz\u0142owiek<br \/>\nPrzecie\u017c wszystko zrobi\u0107 mo\u017cna i troch\u0119 inaczej<\/p>\n<p>Tak\u017ce recept\u0105 na wszystko<br \/>\nCz\u0142owiek wielki i wspania\u0142e bohaterstwo<\/p>\n<p>A kt\u00f3\u017c tu si\u0119 czuje tak pewnie<br \/>\nChodzi pod\u015bpiewuje sobie komentuje na g\u0142os to czy tamto<br \/>\nWi\u0119c nie s\u0142ysze\u0107 trudno<br \/>\nKt\u00f3\u017c tu jest m\u00f3wi\u0105c z angielska <em>confident<\/em><\/p>\n<p>Tak <em>kr\u00f3lowa jest tylko jedna<\/em><br \/>\nAle to Maryja<br \/>\nBynajmniej nie wielki cz\u0142owiek<\/p>\n<p><strong>Dzi\u015b ma\u0142\u017ce\u0144stwa \u015bwi\u0119tego Akwili Pryscylli<\/strong><br \/>\n<strong> Domowy ko\u015bci\u00f3\u0142 ma trwa\u0107 w prawdzie Bo\u017cej<\/strong><br \/>\n<strong> Ich imiona znacz\u0105 \u017ce <em>orze\u0142 i powaga<\/em><\/strong><br \/>\n<strong> Si\u0119 \u0142\u0105cz\u0105 wolno\u015b\u0107 prawdziwa i majestatyczno\u015b\u0107 czysta<\/strong><br \/>\n<strong> Tak nam dopom\u00f3\u017c trwa\u0107 Panie w Tobie<\/strong><\/p>\n<p style=\"text-align: center;\"><a href=\"https:\/\/youtu.be\/vLG5HwPFkBs\"><em><strong>Zayazd &#8211; Dziki i swobodny\u00a0<\/strong><\/em><\/a><\/p>\n<p><a href=\"http:\/\/hubertpietka.bialystok.pl\/wp-content\/uploads\/2022\/07\/IMG_20220708_103456.jpg\"><img loading=\"lazy\" decoding=\"async\" class=\"alignnone size-thumbnail wp-image-5780\" src=\"http:\/\/hubertpietka.bialystok.pl\/wp-content\/uploads\/2022\/07\/IMG_20220708_103456-150x150.jpg\" alt=\"\" width=\"150\" height=\"150\" srcset=\"https:\/\/hubertpietka.bialystok.pl\/wp-content\/uploads\/2022\/07\/IMG_20220708_103456-150x150.jpg 150w, https:\/\/hubertpietka.bialystok.pl\/wp-content\/uploads\/2022\/07\/IMG_20220708_103456-75x75.jpg 75w\" sizes=\"auto, (max-width: 150px) 100vw, 150px\" \/><\/a><\/p>\n<p><em>Na zdj. Maryja Niepokalana w Mietlu<\/em><br \/>\n<em> Niech w Panu to co nie z Niego<\/em><br \/>\n<em> B\u0119dzie pozamiatane odpowiednio<\/em><br \/>\n<em> Cho\u0107 trzeba na to troch\u0119 czasu niemal zawsze<\/em><br \/>\n<em> Tak nam dopom\u00f3\u017c Panie<\/em><br \/>\n<em> Z Tob\u0105 wsp\u00f3\u0142pracowa\u0107 w dziele<\/em><br \/>\n<em> Oczyszczania tego co nie jest z Ciebie<\/em><br \/>\n<em> Kr\u00f3luj Maryjo<\/em><\/p>\n<p><strong>Ps<\/strong>. A z tym cz\u0142owiekiem wielkim<br \/>\nWspania\u0142ym bohaterstwem vel weso\u0142ym harcownictwem<br \/>\nTo ja ju\u017c nie wiem<br \/>\nSchematy podobne<br \/>\n\u017be ju\u017c czasem mnie to troch\u0119 i roz\u015bmiesza<br \/>\nKomedia czy parodia<br \/>\nA tak no przecie\u017c<br \/>\nTo dzie\u0142o wielkie<\/p>\n<p>A poza tym<br \/>\n*Uk-ra-(i)-no*<br \/>\n*UK* zjednoczone kr\u00f3lestwa<br \/>\nWtedy *raj ino* b\u0119dzie wreszcie<br \/>\nNie tylko dla tego pa\u0144stwa<\/p>\n","protected":false},"excerpt":{"rendered":"<p>Jak \/ cz\u0142owiek wielki to wspania\u0142e bohaterstwo\u00a0 Kto tak lubi cz\u0142owieka wielkiego spacerki Wspania\u0142e bohaterstwo A dla kogo s\u0105 tak pi\u0119kne Wyj\u015bcia i powroty wielkiego&hellip; <\/p>\n","protected":false},"author":1,"featured_media":0,"parent":0,"menu_order":0,"comment_status":"closed","ping_status":"closed","template":"","meta":{"footnotes":""},"class_list":["post-5779","page","type-page","status-publish","hentry"],"_links":{"self":[{"href":"https:\/\/hubertpietka.bialystok.pl\/index.php?rest_route=\/wp\/v2\/pages\/5779","targetHints":{"allow":["GET"]}}],"collection":[{"href":"https:\/\/hubertpietka.bialystok.pl\/index.php?rest_route=\/wp\/v2\/pages"}],"about":[{"href":"https:\/\/hubertpietka.bialystok.pl\/index.php?rest_route=\/wp\/v2\/types\/page"}],"author":[{"embeddable":true,"href":"https:\/\/hubertpietka.bialystok.pl\/index.php?rest_route=\/wp\/v2\/users\/1"}],"replies":[{"embeddable":true,"href":"https:\/\/hubertpietka.bialystok.pl\/index.php?rest_route=%2Fwp%2Fv2%2Fcomments&post=5779"}],"version-history":[{"count":1,"href":"https:\/\/hubertpietka.bialystok.pl\/index.php?rest_route=\/wp\/v2\/pages\/5779\/revisions"}],"predecessor-version":[{"id":5781,"href":"https:\/\/hubertpietka.bialystok.pl\/index.php?rest_route=\/wp\/v2\/pages\/5779\/revisions\/5781"}],"wp:attachment":[{"href":"https:\/\/hubertpietka.bialystok.pl\/index.php?rest_route=%2Fwp%2Fv2%2Fmedia&parent=5779"}],"curies":[{"name":"wp","href":"https:\/\/api.w.org\/{rel}","templated":true}]}}