{"id":5790,"date":"2022-07-11T21:17:15","date_gmt":"2022-07-11T21:17:15","guid":{"rendered":"http:\/\/hubertpietka.bialystok.pl\/?page_id=5790"},"modified":"2022-07-11T21:17:15","modified_gmt":"2022-07-11T21:17:15","slug":"duch-swiety-z-prawdy","status":"publish","type":"page","link":"https:\/\/hubertpietka.bialystok.pl\/?page_id=5790","title":{"rendered":"Duch \u015awi\u0119ty \/ z prawdy"},"content":{"rendered":"<p><em><strong>Duch \u015awi\u0119ty \/ z prawdy<\/strong><\/em><\/p>\n<p>A mo\u017ce powinienem ich przywita\u0107<br \/>\nChlebem i sol\u0105<br \/>\nWspania\u0142e bohaterstwo weso\u0142e harcownictwo misie kolorowe<br \/>\nSorry ale tak ich nie przywitam<br \/>\nZ prostej przyczyny<br \/>\nNie jestem masochist\u0105<\/p>\n<p>Ale za to to co czyni\u0105 oni<br \/>\nPlus wielki cz\u0142owiek<br \/>\nTo ju\u017c troch\u0119 przypomina<br \/>\nRzecz podobn\u0105 cho\u0107 przeciwn\u0105<br \/>\nCzyli pewien sadyzm<\/p>\n<p>Oczywi\u015bcie na zasadzie wolnych skojarze\u0144<\/p>\n<p>A na Ukrainie krew p\u0142ynie<br \/>\nKrew szlachetna cho\u0107 nie b\u0142\u0119kitna<br \/>\nBo w obronie cywilizacji zachodniej<br \/>\nRozumianej w\u0142a\u015bciwie<br \/>\nKrew szkar\u0142atna obro\u0144c\u00f3w r\u00f3\u017cnych narodowo\u015bci<br \/>\nCho\u0107 w przewa\u017caj\u0105cej cz\u0119\u015bci ukrai\u0144ska<br \/>\nKt\u00f3ra stawia tam\u0119 tam za ten \u015bwiat<br \/>\nKrew prawdziwa<\/p>\n<p>A swoj\u0105 drog\u0105 biedni ci<br \/>\nKt\u00f3rzy staj\u0105 si\u0119 s\u0142ugami k\u0142amstw<br \/>\nB\u0119d\u0105 szuka\u0107 prawdy<br \/>\nAle prawda ich nie znajdzie<br \/>\nJest to refleksja og\u00f3lnofilozoficzna<br \/>\nA dzi\u015b w rocznic\u0119 Rzezi Wo\u0142y\u0144skiej<br \/>\nNiech przyzna i Ukraina<br \/>\n\u017be by\u0142a to niesprawiedliwa zag\u0142ada istnie\u0144 niewinnych<\/p>\n<p><a href=\"http:\/\/hubertpietka.bialystok.pl\/wp-content\/uploads\/2022\/07\/IMG_20220711_225957.jpg\"><img loading=\"lazy\" decoding=\"async\" class=\"alignnone size-thumbnail wp-image-5791\" src=\"http:\/\/hubertpietka.bialystok.pl\/wp-content\/uploads\/2022\/07\/IMG_20220711_225957-150x150.jpg\" alt=\"\" width=\"150\" height=\"150\" srcset=\"https:\/\/hubertpietka.bialystok.pl\/wp-content\/uploads\/2022\/07\/IMG_20220711_225957-150x150.jpg 150w, https:\/\/hubertpietka.bialystok.pl\/wp-content\/uploads\/2022\/07\/IMG_20220711_225957-75x75.jpg 75w\" sizes=\"auto, (max-width: 150px) 100vw, 150px\" \/><\/a><\/p>\n<p><em>Na zdj. Maryja Matka \u017bycia na ornacie papieskim<\/em><br \/>\n<em> Jana Paw\u0142a II w muzeum jasnog\u00f3rskim<\/em><br \/>\n<em> Maryjo sprzyjaj cho\u0107 nie jest mo\u017ce \u0142atwo<\/em><\/p>\n<p><em>Polacy przebaczyli ale chodzi i o prawd\u0119<\/em><br \/>\n<em> Wspierali wspieraj\u0105 i b\u0119d\u0105 wspiera\u0107<\/em><br \/>\n<em> Nar\u00f3d ukrai\u0144ski w tej niesprawiedliwej agresji ca\u0142kowicie nies\u0142usznej<\/em><br \/>\n<em> Bo tak po prostu trzeba<\/em><br \/>\n<em> Mimo wszystko<\/em><br \/>\n<em> Kiedy chodzi o niewinne \u017cycia istot ludzkich<\/em><br \/>\n<em> Sprawiedliwo\u015b\u0107 prawd\u0119<\/em><\/p>\n<p style=\"text-align: left;\"><a href=\"https:\/\/youtu.be\/hRK_ed6X7B0\"><strong><em>Duchu \u015awi\u0119ty przyjd\u017a!<\/em><\/strong><\/a><\/p>\n","protected":false},"excerpt":{"rendered":"<p>Duch \u015awi\u0119ty \/ z prawdy A mo\u017ce powinienem ich przywita\u0107 Chlebem i sol\u0105 Wspania\u0142e bohaterstwo weso\u0142e harcownictwo misie kolorowe Sorry ale tak ich nie przywitam&hellip; <\/p>\n","protected":false},"author":1,"featured_media":0,"parent":0,"menu_order":0,"comment_status":"closed","ping_status":"closed","template":"","meta":{"footnotes":""},"class_list":["post-5790","page","type-page","status-publish","hentry"],"_links":{"self":[{"href":"https:\/\/hubertpietka.bialystok.pl\/index.php?rest_route=\/wp\/v2\/pages\/5790","targetHints":{"allow":["GET"]}}],"collection":[{"href":"https:\/\/hubertpietka.bialystok.pl\/index.php?rest_route=\/wp\/v2\/pages"}],"about":[{"href":"https:\/\/hubertpietka.bialystok.pl\/index.php?rest_route=\/wp\/v2\/types\/page"}],"author":[{"embeddable":true,"href":"https:\/\/hubertpietka.bialystok.pl\/index.php?rest_route=\/wp\/v2\/users\/1"}],"replies":[{"embeddable":true,"href":"https:\/\/hubertpietka.bialystok.pl\/index.php?rest_route=%2Fwp%2Fv2%2Fcomments&post=5790"}],"version-history":[{"count":1,"href":"https:\/\/hubertpietka.bialystok.pl\/index.php?rest_route=\/wp\/v2\/pages\/5790\/revisions"}],"predecessor-version":[{"id":5792,"href":"https:\/\/hubertpietka.bialystok.pl\/index.php?rest_route=\/wp\/v2\/pages\/5790\/revisions\/5792"}],"wp:attachment":[{"href":"https:\/\/hubertpietka.bialystok.pl\/index.php?rest_route=%2Fwp%2Fv2%2Fmedia&parent=5790"}],"curies":[{"name":"wp","href":"https:\/\/api.w.org\/{rel}","templated":true}]}}